{"id":33962,"date":"2025-03-07T18:06:54","date_gmt":"2025-03-07T17:06:54","guid":{"rendered":"https:\/\/pawz.rs\/?post_type=product&#038;p=33962"},"modified":"2026-05-04T19:45:22","modified_gmt":"2026-05-04T17:45:22","slug":"hills-prescription-diet-z-d-food-sensitivities-hrana-za-pse-370-g","status":"publish","type":"product","link":"https:\/\/pawz.rs\/en\/hills-prescription-diet-z-d-food-sensitivities-hrana-za-pse-370-g\/","title":{"rendered":"Hill&#8217;s Prescription Diet z\/d Food Sensitivities Hrana za Pse 370 g"},"content":{"rendered":"<p><strong>Kompletna dijetetska hrana za ku\u0107ne ljubimce za smanjenje netolerancije na sastojke i hranljive materije kod odraslih pasa.\u00a0<\/strong>Ova dijetetska hrana za ljubimce sadr\u017ei izvor izabranih ugljenih hidrata i izvor hidrolizovanog proteina.<\/p>\n<p><strong>Osetljivosti i intolerancija na hranu su potencijalno ozbiljni problemi koji mogu dovesti do stanja iritirane ko\u017ee, krzna i u\u0161iju ili \u010dak do uznemirenosti gastrointestinalnog trakta.<\/strong> Psima koji imaju ne\u017eeljene reakcije na hranu usled alergije na hranu (obi\u010dno na proteine u hrani) ili intoleranciju pogoduje hrana namenjena protiv osetljivosti na hranu. Hill&#8217;s nutricionisti i veterinari su razvili <strong>Prescription Diet z\/d klini\u010dku ishranu<\/strong> posebno formulisanu da podr\u017ei osetljivosti na hranu va\u0161eg psa. Zapravo, <strong>z\/d je klini\u010dki dokazana ishrana koja smanjuje ko\u017ene i digestivne znakove usled intolerancije na hranu.<\/strong><\/p>\n<p>Do osetljivosti na hranu dolazi jer proteini prodiru u ko\u017eu i prelaze iz sistema za varenje u telo \u0161to dovodi do reakcije imunog sistema. z\/d je specijalizovana hrana sa proteinima koji su ne\u017eni i podeljeni u manje komadi\u0107e kako bi izbegli da ih imuni sistem detektuje kako bi pas bolje jeo; prebiotici stvaraju zdravu ravnote\u017eu mikrobioma u crevima, dok masne kiseline stvaraju zdravu ko\u017eu. z\/d je ishrana koja klini\u010dki dokazano smanjuje ko\u017ene i digestivne znakove usled intolerancije na hranu, jer oni predstavljaju spolja\u0161nje znakove koje vi vidite. Budite sigurni da ovaj proizvod radi unutar ljubimca kako biste izbegli osnovni problem koji nastaje usled prekomerne imune reakcije na odre\u0111enu hranu. Sa unapred svarljivim \u017eivotinjskim proteinima, antioksidansima, prebiotskim vlaknima i nutrijentima koji hrane ko\u017eu.<\/p>\n<p><strong>Kako ovaj proizvod poma\u017ee ljubimcu<\/strong>:<\/p>\n<ul>\n<li>Ova ishrana vidljivo podr\u017eava zdraviju ko\u017eu i krzno<\/li>\n<li>Poma\u017ee u promovisanju zdrave ko\u017ene barijere<\/li>\n<li>Obezbe\u0111uje odli\u010dan kvalitet stolice<\/li>\n<li>S+OX SHIELD: Formulisana da promovi\u0161e urinarnu sredinu koja smanjuje opasnost od razvoja struvitnih i kalcijum oksalatnih kristala.<\/li>\n<\/ul>\n<p><strong>Kako ovaj proizvod deluje<\/strong>:<\/p>\n<ul>\n<li>Sa visoko hidrolizovanim \u017eivotinjskim proteinima<\/li>\n<li>Sa ribljim uljem, pove\u0107anim nivoima esencijalnih masnih kiselima i visokim nivoima vitamina E<\/li>\n<li>Sa dokazanom me\u0161avinom prebiotskih vlakana<\/li>\n<\/ul>\n<p>*Da li je va\u0161 ljubimac iz bilo kog razloga nezadovoljan ovom hranom? <strong>100% GARANCIJA ZA ZADOVOLJSTVO<\/strong> za kvalitet, doslednost i ukus ili povrat novca.<\/p>\n<p>Sve\u017ea voda treba uvek biti dostupna. Obavezno konsultujte veterinara pre prelaska na veterinarske dijete.<\/p>\n<p>Proizvo\u0111a\u010d: Hill\u2019s Pet Nutrition EU Switzerland<br \/>\nZemlja porekla: \u0160vajcarska<\/p>\n\n    <div class=\"xs_social_share_widget xs_share_url after_content \t\tmain_content  wslu-style-1 wslu-share-box-shaped wslu-fill-colored wslu-none wslu-share-horizontal wslu-theme-font-no wslu-main_content\">\n\n\t\t\n        <ul>\n\t\t\t        <\/ul>\n    <\/div>","protected":false},"excerpt":{"rendered":"<p>Hill&#8217;s Prescription Diet z\/d Food Sensitivities Hrana za Pse 370 g<\/p>","protected":false},"featured_media":33963,"comment_status":"open","ping_status":"closed","template":"","meta":{"_acf_changed":false},"pwb-brand":[916],"product_cat":[705,48,47],"product_tag":[1543,1251],"class_list":{"0":"post-33962","1":"product","2":"type-product","3":"status-publish","4":"has-post-thumbnail","6":"pwb-brand-hills","7":"product_cat-veterinarske-dijete-za-pse","8":"product_cat-hrana-za-pse","9":"product_cat-psi","10":"product_tag-hillsvet","11":"product_tag-veterinarske-dijete","13":"first","14":"outofstock","15":"taxable","16":"shipping-taxable","17":"purchasable","18":"product-type-simple"},"acf":[],"brands":[{"id":916,"name":"Hills","slug":"hills"}],"_links":{"self":[{"href":"https:\/\/pawz.rs\/en\/wp-json\/wp\/v2\/product\/33962","targetHints":{"allow":["GET"]}}],"collection":[{"href":"https:\/\/pawz.rs\/en\/wp-json\/wp\/v2\/product"}],"about":[{"href":"https:\/\/pawz.rs\/en\/wp-json\/wp\/v2\/types\/product"}],"replies":[{"embeddable":true,"href":"https:\/\/pawz.rs\/en\/wp-json\/wp\/v2\/comments?post=33962"}],"wp:featuredmedia":[{"embeddable":true,"href":"https:\/\/pawz.rs\/en\/wp-json\/wp\/v2\/media\/33963"}],"wp:attachment":[{"href":"https:\/\/pawz.rs\/en\/wp-json\/wp\/v2\/media?parent=33962"}],"wp:term":[{"taxonomy":"pwb-brand","embeddable":true,"href":"https:\/\/pawz.rs\/en\/wp-json\/wp\/v2\/pwb-brand?post=33962"},{"taxonomy":"product_cat","embeddable":true,"href":"https:\/\/pawz.rs\/en\/wp-json\/wp\/v2\/product_cat?post=33962"},{"taxonomy":"product_tag","embeddable":true,"href":"https:\/\/pawz.rs\/en\/wp-json\/wp\/v2\/product_tag?post=33962"}],"curies":[{"name":"wp","href":"https:\/\/api.w.org\/{rel}","templated":true}]}}