{"id":33977,"date":"2025-03-07T18:06:54","date_gmt":"2025-03-07T17:06:54","guid":{"rendered":"https:\/\/pawz.rs\/?post_type=product&#038;p=33977"},"modified":"2026-05-04T19:45:33","modified_gmt":"2026-05-04T17:45:33","slug":"hills-prescription-diet-k-d-mobility-suva-hrana-za-pse-12-kg","status":"publish","type":"product","link":"https:\/\/pawz.rs\/en\/hills-prescription-diet-k-d-mobility-suva-hrana-za-pse-12-kg\/","title":{"rendered":"Hill&#8217;s Prescription Diet k\/d + Mobility Suva Hrana za Pse 12 kg"},"content":{"rendered":"<p>Hill&#8217;s Prescription Diet k\/d + Mobility Suva Hrana za Pse je posebno formulisana od strane nutricionista i veterinara da bi pomogla u upravljanju hroni\u010dnim bolestima bubrega (CKD) i degenerativnim bolestima zglobova (DJD).<\/p>\n<p>Food for terrarrium animals <strong>Prescription Diet k\/d + Mobility <\/strong>je klini\u010dki dokazana hrana koja poma\u017ee u za\u0161titi vitalne funkcije bubrega, usporavajuc\u0301i napredovanje bolesti i pobolj\u0161avajuc\u0301i i produ\u017eujuc\u0301i kvalitet \u017eivota.<\/p>\n<p>Ova ishrana ima terapeutski nivo <strong>omega-3<\/strong> masnih kiselina iz ribljeg ulja i obogac\u0301ena je <strong>glukozaminom <\/strong>and <strong>hondroitin<\/strong> <strong>sulfatom <\/strong>kako bi pomogla u o\u010duvanju zglobne hrskavice i povec\u0301anju pokretljivosti. <strong>Prescription Diet k\/d + Mobility <\/strong>Suva hrana za Pse hrana sadr\u017ei patentiranu tehnologiju, unapre\u0111eni okida\u010d apetita <strong>(E.A.T)<\/strong> za pse, koja je klini\u010dki dokazana da stimuli\u0161e apetit i uve\u0107ava unos kalorija kod pasa sa bolestima bubrega.<\/p>\n<p>Pored visokog nivoa esencijalnih <strong>aminokiselina <\/strong>and <strong>L-karnitina<\/strong>, povec\u0301anje unosa kalorija podr\u017eac\u0301e prirodnu sposobnost pasa da odr\u017eava mi\u0161ic\u0301nu masu. Ova suva hrana ima neodoljiv ukus piletine koji \u0107e va\u0161 pas voleti.<\/p>\n<p>Ukoliko je hrana nova, me\u0161ajte koli\u010dine nove hrane koje se uve\u0107avaju sa koli\u010dinama stare hrane za 7 dana ili vi\u0161e. Uvek imajte dostupno sve\u017eu vodu! Nutritivne potrebe va\u0161eg ljubimca mogu da se menjaju tokom starenja. Pitajte va\u0161eg veterinara prilikom svake kontrole.<\/p>\n<p><strong>Kako ovaj proizvod poma\u017ee ljubimcu:<\/strong><\/p>\n<ul>\n<li>Ishrana za pomo\u0107 u za\u0161titu vitalnih funkcija bubrega, u stimulaciju apetita i uve\u0107avanje unosa hrane<\/li>\n<li>Formulacija koja pobolj\u0161ava sposobnost ma\u010dke da tr\u010di, hoda i ska\u010de za samo 21 dana<\/li>\n<li>Podr\u017eava prirodnu sposobnost izgradnje i odr\u017eavanja mi\u0161i\u0107ne mase<\/li>\n<\/ul>\n<p><strong>Kako ovaj proizvod deluje:<\/strong><\/p>\n<ul>\n<li>Konstrolisan nivo fosfora i natrijuma sa unapre\u0111enim okida\u010dem apetita (E.A.T.) Tehnologija za pse<\/li>\n<li>Oboga\u0107ena s omega-3 masnim kiselinama iz ribljeg ulja, glukozaminom i hondroitinom sulfatom<\/li>\n<li>Visoki nivoi su\u0161tinskih amino kiselina i L-karnitina<\/li>\n<\/ul>\n<p>Hill&#8217;s Prescription Diet k\/d + Mobility Suva Hrana za Pse\u00a0je kompletna i uravnote\u017eena hrana koja obezbe\u0111uje sve nutritivne potrebe va\u0161eg psa. Posavetujte se sa svojim veterinarom za vi\u0161e informacija o tome kako Prescription Diet hrana mo\u017ee da pomogne va\u0161em psu da nastavi u\u017eivanje u sre\u0107nom i aktivnom \u017eivotu.<\/p>\n<p>Za najbolje rezultate od su\u0161tinskog je zna\u010daja dosledno dugoro\u010dno hranjenje ovim proizvodom za efikasnu iskori\u0161\u0107enost proizvoda.<\/p>\n<p>Suva formula i formula u konzervi mogu da se me\u0161aju ili koriste istovremeno.<\/p>\n<p><strong>Ne perporu\u010duje se za:<\/strong><\/p>\n<ul>\n<li>Rastu\u0107a \u0161tenad, skotne kuje ili kuje dojilje.<\/li>\n<li>Pacijenti s hiperlipidemijom, pankreatitisom, istorijatom pankreatitisa ili opasno\u0161\u0107u od pankreatitisa.<\/li>\n<\/ul>\n<p>Sve\u017ea voda treba uvek biti dostupna. Obavezno konsultujte veterinara pre prelaska na veterinarske dijete.<\/p>\n<p>Proizvo\u0111a\u010d: Hill\u2019s Pet Nutrition EU Switzerland<br \/>\nZemlja porekla: \u0160vajcarska<\/p>\n\n    <div class=\"xs_social_share_widget xs_share_url after_content \t\tmain_content  wslu-style-1 wslu-share-box-shaped wslu-fill-colored wslu-none wslu-share-horizontal wslu-theme-font-no wslu-main_content\">\n\n\t\t\n        <ul>\n\t\t\t        <\/ul>\n    <\/div>","protected":false},"excerpt":{"rendered":"<p>Hill&#8217;s Prescription Diet k\/d + Mobility Suva Hrana za Pse 12 kg<\/p>","protected":false},"featured_media":33978,"comment_status":"open","ping_status":"closed","template":"","meta":{"_acf_changed":false},"pwb-brand":[916],"product_cat":[705,48,47],"product_tag":[1543,1251],"class_list":{"0":"post-33977","1":"product","2":"type-product","3":"status-publish","4":"has-post-thumbnail","6":"pwb-brand-hills","7":"product_cat-veterinarske-dijete-za-pse","8":"product_cat-hrana-za-pse","9":"product_cat-psi","10":"product_tag-hillsvet","11":"product_tag-veterinarske-dijete","13":"first","14":"instock","15":"taxable","16":"shipping-taxable","17":"purchasable","18":"product-type-simple"},"acf":[],"brands":[{"id":916,"name":"Hills","slug":"hills"}],"_links":{"self":[{"href":"https:\/\/pawz.rs\/en\/wp-json\/wp\/v2\/product\/33977","targetHints":{"allow":["GET"]}}],"collection":[{"href":"https:\/\/pawz.rs\/en\/wp-json\/wp\/v2\/product"}],"about":[{"href":"https:\/\/pawz.rs\/en\/wp-json\/wp\/v2\/types\/product"}],"replies":[{"embeddable":true,"href":"https:\/\/pawz.rs\/en\/wp-json\/wp\/v2\/comments?post=33977"}],"wp:featuredmedia":[{"embeddable":true,"href":"https:\/\/pawz.rs\/en\/wp-json\/wp\/v2\/media\/33978"}],"wp:attachment":[{"href":"https:\/\/pawz.rs\/en\/wp-json\/wp\/v2\/media?parent=33977"}],"wp:term":[{"taxonomy":"pwb-brand","embeddable":true,"href":"https:\/\/pawz.rs\/en\/wp-json\/wp\/v2\/pwb-brand?post=33977"},{"taxonomy":"product_cat","embeddable":true,"href":"https:\/\/pawz.rs\/en\/wp-json\/wp\/v2\/product_cat?post=33977"},{"taxonomy":"product_tag","embeddable":true,"href":"https:\/\/pawz.rs\/en\/wp-json\/wp\/v2\/product_tag?post=33977"}],"curies":[{"name":"wp","href":"https:\/\/api.w.org\/{rel}","templated":true}]}}