{"id":34007,"date":"2024-10-26T15:09:25","date_gmt":"2024-10-26T13:09:25","guid":{"rendered":"https:\/\/pawz.rs\/?post_type=product&#038;p=34007"},"modified":"2026-01-23T09:49:03","modified_gmt":"2026-01-23T08:49:03","slug":"hills-prescription-diet-metabolic-mobility-hrana-za-pse-sa-piletinom-1-5-kg","status":"publish","type":"product","link":"https:\/\/pawz.rs\/en\/hills-prescription-diet-metabolic-mobility-hrana-za-pse-sa-piletinom-1-5-kg\/","title":{"rendered":"Hill&#8217;s Prescription Diet Metabolic + Mobility Hrana za Pse sa Piletinom 1.5 kg"},"content":{"rendered":"<p>Hill&#8217;s PRESCRIPTION DIET Metabolic + Mobility Hrana za Pse sa Piletinom<\/p>\n<p>Kompletna dijetetska hrana za ku\u0107ne ljubimce za pse za smanjenje prekomerne telesne te\u017eine i za podr\u0161ku metabolizma zglobova u slu\u010daju osteoartritisa kod odraslih pasa. Ova hrana je energetski siroma\u0161na i poseduje visok nivo EPA, od ukupnih omega-3 masnih kiselina i odgovaraju\u0107e nivoe vitamina E.<\/p>\n<p>\u010cak i mala dodatna te\u017eina mo\u017ee uticati na kvalitet \u017eivota ljubimca i odnos sa porodicom, jer dodatna te\u017eina mo\u017ee smanjiti vreme igranja, uticati na pokretljivost i do\u017eivotno na op\u0161te zdravlje va\u0161eg psa.<\/p>\n<p>Hill&#8217;s nutricionisti i veterinari razvili su Prescription Diet Metabolic + Mobility dijetetsku hranu za ljubimce specijalno formulisanu za podr\u0161ku u upravljanju te\u017einom i zdravlje zglobova va\u0161eg ljubimca. Radi prirodno sa jedinstvenim kori\u0161\u0107enjem energije va\u0161eg psa za lak i efikasan na\u010din gubitka te\u017eine i mo\u017ee da se koristi dugoro\u010dno. Zapravo, Prescription Diet Metabolic + Mobility je klini\u010dki dokazana ishrana koja <strong>poma\u017ee psima da prirodno gube na te\u017eini i pobolj\u0161aju pokretljivost za manje od 21 dana<\/strong>.<\/p>\n<p><strong>Kako \u0107e ovaj proizvod pomo\u0107i ljubimcu<\/strong>:<\/p>\n<ul>\n<li>Hrana koja dokazano poma\u017ee psima da izgube na te\u017eini za 2 meseca<\/li>\n<li>Podr\u017eava sposobnost va\u0161eg psa da tr\u010di, hoda i ska\u010de<\/li>\n<li>Poma\u017ee da se izgubljena te\u017eina ne vrati i obezbe\u0111uje energiju za aktivnu igru<\/li>\n<\/ul>\n<p><strong>Kako ovaj proizvod deluje<\/strong>:<\/p>\n<ul>\n<li>Prirodno radi sa jedinstvenim kori\u0161\u0107enjem energije kod pasa za lak i efikasan gubitak te\u017eine<\/li>\n<li>Oboga\u0107ena sa omega-3 masnim kiselinama iz ribljeg ulja i sadr\u017ei glukozamin i hondroitin sulfat<\/li>\n<li>Stimuli\u0161e prirodnu sposobnost psa da sagori masti<\/li>\n<\/ul>\n<p>Da li je va\u0161 ljubimac iz bilo kog razloga nezadovoljan ovom hranom?<\/p>\n<p><strong>100% GARANCIJA ZA ZADOVOLJSTVO<\/strong> za kvalitet, doslednost i ukus ili povrat novca.<\/p>\n<p>Za\u0161tititi od vlage. \u010cuvati na hladnom i suvom mestu.<\/p>\n<p>Sve\u017ea voda treba uvek biti dostupna. Obavezno konsultujte veterinara pre prelaska na veterinarske dijete.<\/p>\n<p>Proizvo\u0111a\u010d: Hill\u2019s Pet Nutrition EU Switzerland<br \/>\nZemlja porekla: \u0160vajcarska<\/p>\n\n    <div class=\"xs_social_share_widget xs_share_url after_content \t\tmain_content  wslu-style-1 wslu-share-box-shaped wslu-fill-colored wslu-none wslu-share-horizontal wslu-theme-font-no wslu-main_content\">\n\n\t\t\n        <ul>\n\t\t\t        <\/ul>\n    <\/div>","protected":false},"excerpt":{"rendered":"<p>Hill&#8217;s Prescription Diet Metabolic + Mobility Hrana za Pse sa Piletinom 1.5 kg<\/p>","protected":false},"featured_media":34008,"comment_status":"open","ping_status":"closed","template":"","meta":{"_acf_changed":false},"pwb-brand":[916],"product_cat":[705,48,47],"product_tag":[1543,1251],"class_list":{"0":"post-34007","1":"product","2":"type-product","3":"status-publish","4":"has-post-thumbnail","6":"pwb-brand-hills","7":"product_cat-veterinarske-dijete-za-pse","8":"product_cat-hrana-za-pse","9":"product_cat-psi","10":"product_tag-hillsvet","11":"product_tag-veterinarske-dijete","13":"first","14":"outofstock","15":"taxable","16":"shipping-taxable","17":"purchasable","18":"product-type-simple"},"acf":[],"brands":[{"id":916,"name":"Hills","slug":"hills"}],"_links":{"self":[{"href":"https:\/\/pawz.rs\/en\/wp-json\/wp\/v2\/product\/34007","targetHints":{"allow":["GET"]}}],"collection":[{"href":"https:\/\/pawz.rs\/en\/wp-json\/wp\/v2\/product"}],"about":[{"href":"https:\/\/pawz.rs\/en\/wp-json\/wp\/v2\/types\/product"}],"replies":[{"embeddable":true,"href":"https:\/\/pawz.rs\/en\/wp-json\/wp\/v2\/comments?post=34007"}],"wp:featuredmedia":[{"embeddable":true,"href":"https:\/\/pawz.rs\/en\/wp-json\/wp\/v2\/media\/34008"}],"wp:attachment":[{"href":"https:\/\/pawz.rs\/en\/wp-json\/wp\/v2\/media?parent=34007"}],"wp:term":[{"taxonomy":"pwb-brand","embeddable":true,"href":"https:\/\/pawz.rs\/en\/wp-json\/wp\/v2\/pwb-brand?post=34007"},{"taxonomy":"product_cat","embeddable":true,"href":"https:\/\/pawz.rs\/en\/wp-json\/wp\/v2\/product_cat?post=34007"},{"taxonomy":"product_tag","embeddable":true,"href":"https:\/\/pawz.rs\/en\/wp-json\/wp\/v2\/product_tag?post=34007"}],"curies":[{"name":"wp","href":"https:\/\/api.w.org\/{rel}","templated":true}]}}