{"id":34026,"date":"2025-03-07T18:06:54","date_gmt":"2025-03-07T17:06:54","guid":{"rendered":"https:\/\/pawz.rs\/?post_type=product&#038;p=34026"},"modified":"2026-05-04T19:45:40","modified_gmt":"2026-05-04T17:45:40","slug":"hills-prescription-diet-derm-complete-skin-care-food-sensitivities-hrana-za-pse-4-kg","status":"publish","type":"product","link":"https:\/\/pawz.rs\/en\/hills-prescription-diet-derm-complete-skin-care-food-sensitivities-hrana-za-pse-4-kg\/","title":{"rendered":"Hill&#8217;s Prescription Diet Derm Complete Skin Care &#038; Food Sensitivities Hrana za Pse 4 kg"},"content":{"rendered":"<p>Kompletna suva dijetetska hrana za potporu funkcije ko\u017ee u slu\u010daju dermatoza i prekomernog gubitka dlake te za smanjenje intolerancije na sastojke i hranjive materije kod odraslih pasa. Ova hrana sadr\u017ei visoke koncentracije linolne kiseline (LA) i zbir eikozapentanske kiseline (EPA) i dokozaheksanske kiseline (DHA) te sadr\u017ei odabrani i ograni\u010deni broj izvora belan\u010devina i ugljenih hidrata.<\/p>\n<p>Jedino dijetetsko prehrambeno re\u0161enje koje klini\u010dki dokazano pokriva \u0161irok spektar dermatolo\u0161kih problema iznutra prema spolja &#8211; bez obzira na uzrok. Formulisana kako bi u\u010dvrstila bilo kakvu terapiju za obnovu ko\u017ee. Deo multimodalne dermatolo\u0161ke terapije sa najboljim ukusom.<\/p>\n<p><strong>Primarne indikacije:<\/strong><\/p>\n<ul>\n<li>Podr\u017eava zdravlje ko\u017ee u slu\u010dajevima sekundarnih infekcija ili drugih dermatoza<\/li>\n<li>Atopijski dermatitis (alergija na uzro\u010dnike iz okoline)<\/li>\n<li>Ve\u0107ina nepovoljnih reakcija na hranu osim na poznate alergije na jaja<\/li>\n<li>Dermatitis uzrokovan alergijom na buve<\/li>\n<li>Otitis externa (hroni\u010dni)<\/li>\n<li>Pruri\u010dni dermatitis<\/li>\n<li>Enteropatije osetljive na hranu<\/li>\n<\/ul>\n<p><strong>Kako ovaj proizvod poma\u017ee va\u0161em ljubimcu:<\/strong><\/p>\n<ul>\n<li>Poma\u017ee u oja\u010danju ko\u017ene barijere<\/li>\n<li>Izbegava nepovoljne reakcije na hranu<\/li>\n<li>Ishrana koja je pokazala da smanjuje reakciju imunolo\u0161kog sistema na alergene iz okoline<\/li>\n<li>Smanjuje \u010de\u0161anje i ostale simptome povezane sa alergijama na uzro\u010dnike iz spolja\u0161nje sredine te podsti\u010de zarastanje ko\u017ee<\/li>\n<li>S+OXSHIELD: Formulisan da smanji rizik od razvoja struvitnih kristala i kristala kalcijum oksalata u urinarnom traktu<\/li>\n<\/ul>\n<p><strong>Kako ovaj proizvod deluje:<\/strong><\/p>\n<ul>\n<li>Ishrana sa ograni\u010denim sastojcima koja ima novi jedinstveni neprera\u0111eni \u017eivotinjski protein<\/li>\n<li>Sa Histaguard kompleksom: jedinstvena me\u0161avina bioaktivnih sastojaka i fitonutrijenata. Poma\u017ee normalizaciji reakcije imunolo\u0161kog sistema na alergene u spolja\u0161njoj sredini.<\/li>\n<li>Visoke koncentracije esencijalnih masnih kiselina<\/li>\n<\/ul>\n<p>Sve\u017ea voda treba uvek biti dostupna. Obavezno konsultujte veterinara pre prelaska na veterinarske dijete.<\/p>\n<p>Proizvo\u0111a\u010d: Hill\u2019s Pet Nutrition EU Switzerland<br \/>\nZemlja porekla: \u0160vajcarska<\/p>\n\n    <div class=\"xs_social_share_widget xs_share_url after_content \t\tmain_content  wslu-style-1 wslu-share-box-shaped wslu-fill-colored wslu-none wslu-share-horizontal wslu-theme-font-no wslu-main_content\">\n\n\t\t\n        <ul>\n\t\t\t        <\/ul>\n    <\/div>","protected":false},"excerpt":{"rendered":"<p>Hill&#8217;s Prescription Diet Derm Complete Skin Care &amp; Food Sensitivities Hrana za Pse 4 kg<\/p>","protected":false},"featured_media":34027,"comment_status":"open","ping_status":"closed","template":"","meta":{"_acf_changed":false},"pwb-brand":[916],"product_cat":[705,48,47],"product_tag":[1543,1251],"class_list":{"0":"post-34026","1":"product","2":"type-product","3":"status-publish","4":"has-post-thumbnail","6":"pwb-brand-hills","7":"product_cat-veterinarske-dijete-za-pse","8":"product_cat-hrana-za-pse","9":"product_cat-psi","10":"product_tag-hillsvet","11":"product_tag-veterinarske-dijete","13":"first","14":"instock","15":"taxable","16":"shipping-taxable","17":"purchasable","18":"product-type-simple"},"acf":[],"brands":[{"id":916,"name":"Hills","slug":"hills"}],"_links":{"self":[{"href":"https:\/\/pawz.rs\/en\/wp-json\/wp\/v2\/product\/34026","targetHints":{"allow":["GET"]}}],"collection":[{"href":"https:\/\/pawz.rs\/en\/wp-json\/wp\/v2\/product"}],"about":[{"href":"https:\/\/pawz.rs\/en\/wp-json\/wp\/v2\/types\/product"}],"replies":[{"embeddable":true,"href":"https:\/\/pawz.rs\/en\/wp-json\/wp\/v2\/comments?post=34026"}],"wp:featuredmedia":[{"embeddable":true,"href":"https:\/\/pawz.rs\/en\/wp-json\/wp\/v2\/media\/34027"}],"wp:attachment":[{"href":"https:\/\/pawz.rs\/en\/wp-json\/wp\/v2\/media?parent=34026"}],"wp:term":[{"taxonomy":"pwb-brand","embeddable":true,"href":"https:\/\/pawz.rs\/en\/wp-json\/wp\/v2\/pwb-brand?post=34026"},{"taxonomy":"product_cat","embeddable":true,"href":"https:\/\/pawz.rs\/en\/wp-json\/wp\/v2\/product_cat?post=34026"},{"taxonomy":"product_tag","embeddable":true,"href":"https:\/\/pawz.rs\/en\/wp-json\/wp\/v2\/product_tag?post=34026"}],"curies":[{"name":"wp","href":"https:\/\/api.w.org\/{rel}","templated":true}]}}