{"id":34032,"date":"2025-03-07T18:06:54","date_gmt":"2025-03-07T17:06:54","guid":{"rendered":"https:\/\/pawz.rs\/?post_type=product&#038;p=34032"},"modified":"2026-05-04T19:45:41","modified_gmt":"2026-05-04T17:45:41","slug":"hills-prescription-diet-derm-defense-hrana-za-pse-sa-piletinom-4-kg","status":"publish","type":"product","link":"https:\/\/pawz.rs\/en\/hills-prescription-diet-derm-defense-hrana-za-pse-sa-piletinom-4-kg\/","title":{"rendered":"Hill&#8217;s Prescription Diet Derm Defense Hrana za Pse sa Piletinom 4 kg"},"content":{"rendered":"<p>Hill&#8217;s PRESCRIPTION DIET Derm Defense Hrana za Pse sa Piletinom<\/p>\n<p>Kompletna dijetetska hrana za ku\u0107ne ljubimce za podr\u0161ku funkcije ko\u017ee u slu\u010dajevima dermatoze i prekomernog gubitka dlake kod odraslih pasa. Ova hrana sadr\u017ei visoke nivoe linolne kiseline (LA) i zbir eikosapentaenoi\u010dne kiseline (EPA) i dokozaheksaenske kiseline (DHA).<\/p>\n<p>Formulisana s <strong>Histaguard Complex<\/strong>, patentirana me\u0161avina bioaktivnih materija i fitonutrijenata smanjuje reakciju na alergene iz okoline tako \u0161to smanjuje unutra\u0161nji odgovor na alergene i kreira barijeru smanjuju\u0107i u\u010destalost budu\u0107ih epizoda.<\/p>\n<p>Neprekidnim hranjenjem poma\u017ee u normalizaciji imunog sistema na alergene s prirodnim izvorima polifenola.<\/p>\n<p>Podr\u017eava zdravlje ko\u017ee s vitaminom A, cinkom i omega-3 i 6 masnim kiselinama.<\/p>\n<p>Postoje mnogo vrste iritacija iz \u017eivotne sredine koja okru\u017euju nas i na\u0161e ljubimce svakog dana, uklju\u010duju\u0107i buve, polen i \u010dak pra\u0161ina u na\u0161im domovima. Kod nekih pasa ove iritacije mogu da izazovu bolesti ko\u017ee koje <strong>mogu dovesti do grebanja, ponekad prekomernog<\/strong>. To je neprijatno za va\u0161eg psa i mo\u017ee tako\u0111e predstavljati te\u0161ko\u0107e za sve ostale u porodici. Dobra vest je da ve\u0107inu pasa s ovim bolestima ko\u017ee <strong>mogu da se re\u0161e s pravilnom hranom<\/strong>.<\/p>\n<p>Hill&#8217;s nutricionisti i veterinari razvili su Prescription Diet Derm Defense klini\u010dku ishranu specijalno formulisana za upravljanje osetljivostima na okru\u017eenje kod pasa. Ova suva hrana je proizvedena s piletinom i ima neodoljiv ukus kojeg \u0107e va\u0161 pas voleti.<\/p>\n<p><strong>Kako \u0107e ovaj proizvod pomo\u0107i ljubimcu<\/strong>:<\/p>\n<ul>\n<li>Poma\u017ee u ja\u010danju barijere ko\u017ee<\/li>\n<li>Podr\u017eava zdravu ko\u017eu iznutra<\/li>\n<li>Formulisana za ubla\u017eavanje i hranjenje ko\u017ee i krzna<\/li>\n<li><strong>S+OXSHIELD<\/strong>: Formulisana da promovi\u0161e urinarnu sredinu koja smanjuje opasnost od razvoja struvitnih i kalcijum oksalatnih kristala<\/li>\n<\/ul>\n<p><strong>Kako ovaj proizvod deluje<\/strong>:<\/p>\n<ul>\n<li>S bioaktivnim materijama i fitonutrijentima za podr\u0161ku zdravog imunog odziva<\/li>\n<li>Visoki nivoi omega-3 i 6 masnih kiselina podr\u017eavaju zdravu ko\u017eu iznutra<\/li>\n<li>Klini\u010dki dokazani antioksidanti, uklju\u010duju\u0107i vitamin E, ubla\u017eavaju i hrane ko\u017eu i krzno<\/li>\n<\/ul>\n<p>Va\u017eno je nastaviti hranjenje sa <strong>PRESCRIPTION DIET Derm Defense hranom za pse<\/strong> za pomo\u0107 u odr\u017eavanju zdravlja ko\u017ee va\u0161eg psa, \u010dak i posle pobolj\u0161anja simptoma. Posavetujte se sa svojim veterinarom za vi\u0161e informacija o tome kako PRESCRIPTION DIET hrana mo\u017ee da im pomogne da nastave u\u017eivanje u sre\u0107nom i aktivnom \u017eivotu.<\/p>\n<p>Da li je va\u0161 ljubimac iz bilo kog razloga nezadovoljan ovom hranom? 100% GARANCIJA ZA ZADOVOLJSTVO za kvalitet, doslednost i ukus ili povrat novca.<\/p>\n<p>Sve\u017ea voda treba uvek biti dostupna. Obavezno konsultujte veterinara pre prelaska na veterinarske dijete.<\/p>\n<p>Proizvo\u0111a\u010d: Hill\u2019s Pet Nutrition EU Switzerland<br \/>\nZemlja porekla: \u0160vajcarska<\/p>\n\n    <div class=\"xs_social_share_widget xs_share_url after_content \t\tmain_content  wslu-style-1 wslu-share-box-shaped wslu-fill-colored wslu-none wslu-share-horizontal wslu-theme-font-no wslu-main_content\">\n\n\t\t\n        <ul>\n\t\t\t        <\/ul>\n    <\/div>","protected":false},"excerpt":{"rendered":"<p>Hill&#8217;s Prescription Diet Derm Defense Hrana za Pse sa Piletinom 4 kg<\/p>","protected":false},"featured_media":34033,"comment_status":"open","ping_status":"closed","template":"","meta":{"_acf_changed":false},"pwb-brand":[916],"product_cat":[705,48,47],"product_tag":[1543,1251],"class_list":{"0":"post-34032","1":"product","2":"type-product","3":"status-publish","4":"has-post-thumbnail","6":"pwb-brand-hills","7":"product_cat-veterinarske-dijete-za-pse","8":"product_cat-hrana-za-pse","9":"product_cat-psi","10":"product_tag-hillsvet","11":"product_tag-veterinarske-dijete","13":"first","14":"outofstock","15":"taxable","16":"shipping-taxable","17":"purchasable","18":"product-type-simple"},"acf":[],"brands":[{"id":916,"name":"Hills","slug":"hills"}],"_links":{"self":[{"href":"https:\/\/pawz.rs\/en\/wp-json\/wp\/v2\/product\/34032","targetHints":{"allow":["GET"]}}],"collection":[{"href":"https:\/\/pawz.rs\/en\/wp-json\/wp\/v2\/product"}],"about":[{"href":"https:\/\/pawz.rs\/en\/wp-json\/wp\/v2\/types\/product"}],"replies":[{"embeddable":true,"href":"https:\/\/pawz.rs\/en\/wp-json\/wp\/v2\/comments?post=34032"}],"wp:featuredmedia":[{"embeddable":true,"href":"https:\/\/pawz.rs\/en\/wp-json\/wp\/v2\/media\/34033"}],"wp:attachment":[{"href":"https:\/\/pawz.rs\/en\/wp-json\/wp\/v2\/media?parent=34032"}],"wp:term":[{"taxonomy":"pwb-brand","embeddable":true,"href":"https:\/\/pawz.rs\/en\/wp-json\/wp\/v2\/pwb-brand?post=34032"},{"taxonomy":"product_cat","embeddable":true,"href":"https:\/\/pawz.rs\/en\/wp-json\/wp\/v2\/product_cat?post=34032"},{"taxonomy":"product_tag","embeddable":true,"href":"https:\/\/pawz.rs\/en\/wp-json\/wp\/v2\/product_tag?post=34032"}],"curies":[{"name":"wp","href":"https:\/\/api.w.org\/{rel}","templated":true}]}}