{"id":34038,"date":"2025-03-07T18:06:54","date_gmt":"2025-03-07T17:06:54","guid":{"rendered":"https:\/\/pawz.rs\/?post_type=product&#038;p=34038"},"modified":"2026-05-04T19:45:42","modified_gmt":"2026-05-04T17:45:42","slug":"hills-prescription-diet-cat-z-d-piletina-15kg","status":"publish","type":"product","link":"https:\/\/pawz.rs\/en\/hills-prescription-diet-cat-z-d-piletina-15kg\/","title":{"rendered":"Hill&#8217;s Prescription Diet Cat Z\/D Piletina 1,5kg"},"content":{"rendered":"<p><strong>Hill&#8217;s Prescription Diet Cat Z\/D Piletina 1,5kg<\/strong><\/p>\n<p>Potpuna dijetetska hrana za smanjenje intolerancije na sastojke i hranjive materije kod odraslih ma\u010daka. Ova hrana sadr\u017ei odabrani izvor ugljenih hidrata i hidrolizovanih belan\u010devina.<\/p>\n<p>Osetljivost i intolerancija na hranu potencijalno su ozbiljni problemi koji mogu rezultirati iritiranom ko\u017eom te problemima s dlakom i u\u0161ima ili \u010dak probavnim poreme\u0107ajima. Ma\u010dke koje pate od osetljivosti ili intolerancije na hranu (nepovoljno reaguju na neke vrste hrane) obi\u010dno reaguju na odre\u0111ene belan\u010devine u hrani. Ako ma\u010dka pati od nepovoljnih reakcija na hranu, pravilna ishrana vrlo je va\u017ena. Hill&#8217;s-ovi nutricionisti i veterinari razvili su klini\u010dku ishranu Prescription Diet z\/d, posebno formulisanu za ubla\u017eavanje ko\u017enih i probavnih simptoma uzrokovanih intolerancijama na hranu. Zapravo, z\/d klini\u010dki dokazano poma\u017ee spre\u010diti nepovoljne reakcije na hranu.<\/p>\n<p>Neke ma\u010dke s nepovoljnim reakcijama na hranu imaju klini\u010dke znakove eozinofilnog granulomatoznog kompleksa. Prescription Diet z\/d Hrana za Ma\u010dke mo\u017ee pomo\u0107i u ubla\u017eavanju pruriti\u010dkog dermatitisa, eozinofilnog granulomatoznog kompleksa, hroni\u010dnog gastroenteritisa ili kolitisa i upalne bolesti creva.<\/p>\n<p>Kako ovaj proizvod poma\u017ee va\u0161em ljubimcu:<\/p>\n<ul>\n<li>Poma\u017ee u ubla\u017eavanju simptoma nepovoljnih reakcija na hranu;<\/li>\n<li>Poma\u017ee u odr\u017eavanju zdravlja ko\u017ene barijere i<\/li>\n<li>Pru\u017ea sjajan kvalitet stolice.<\/li>\n<\/ul>\n<p>Kako ovaj proizvod deluje:<\/p>\n<ul>\n<li>Sadr\u017ei visoko hidrolizovane belan\u010devine \u017eivotinjskog porekla;<\/li>\n<li>Sadr\u017ei riblje ulje, pove\u0107ane koncentracije esencijalnih masnih kiselina i visoke razine vitamina E i<\/li>\n<li>Dokazana me\u0161avina prebioti\u010dkih vlakana.<\/li>\n<\/ul>\n<p>Sve\u017ea voda treba uvek biti dostupna. Obavezno konsultujte veterinara pre prelaska na veterinarske dijete.<\/p>\n<p>Proizvo\u0111a\u010d: Hill\u2019s Pet Nutrition EU Switzerland<br \/>\nZemlja porekla: \u0160vajcarska<\/p>\n\n    <div class=\"xs_social_share_widget xs_share_url after_content \t\tmain_content  wslu-style-1 wslu-share-box-shaped wslu-fill-colored wslu-none wslu-share-horizontal wslu-theme-font-no wslu-main_content\">\n\n\t\t\n        <ul>\n\t\t\t        <\/ul>\n    <\/div>","protected":false},"excerpt":{"rendered":"<p>Hill&#8217;s Prescription Diet Cat Z\/D za ma\u010dke sa piletinom<\/p>","protected":false},"featured_media":34039,"comment_status":"open","ping_status":"closed","template":"","meta":{"_acf_changed":false},"pwb-brand":[916],"product_cat":[711,21,23],"product_tag":[1543,1251],"class_list":{"0":"post-34038","1":"product","2":"type-product","3":"status-publish","4":"has-post-thumbnail","6":"pwb-brand-hills","7":"product_cat-veterinarske-dijete-za-macke","8":"product_cat-hrana-za-macke","9":"product_cat-macke","10":"product_tag-hillsvet","11":"product_tag-veterinarske-dijete","13":"first","14":"instock","15":"taxable","16":"shipping-taxable","17":"purchasable","18":"product-type-simple"},"acf":[],"brands":[{"id":916,"name":"Hills","slug":"hills"}],"_links":{"self":[{"href":"https:\/\/pawz.rs\/en\/wp-json\/wp\/v2\/product\/34038","targetHints":{"allow":["GET"]}}],"collection":[{"href":"https:\/\/pawz.rs\/en\/wp-json\/wp\/v2\/product"}],"about":[{"href":"https:\/\/pawz.rs\/en\/wp-json\/wp\/v2\/types\/product"}],"replies":[{"embeddable":true,"href":"https:\/\/pawz.rs\/en\/wp-json\/wp\/v2\/comments?post=34038"}],"wp:featuredmedia":[{"embeddable":true,"href":"https:\/\/pawz.rs\/en\/wp-json\/wp\/v2\/media\/34039"}],"wp:attachment":[{"href":"https:\/\/pawz.rs\/en\/wp-json\/wp\/v2\/media?parent=34038"}],"wp:term":[{"taxonomy":"pwb-brand","embeddable":true,"href":"https:\/\/pawz.rs\/en\/wp-json\/wp\/v2\/pwb-brand?post=34038"},{"taxonomy":"product_cat","embeddable":true,"href":"https:\/\/pawz.rs\/en\/wp-json\/wp\/v2\/product_cat?post=34038"},{"taxonomy":"product_tag","embeddable":true,"href":"https:\/\/pawz.rs\/en\/wp-json\/wp\/v2\/product_tag?post=34038"}],"curies":[{"name":"wp","href":"https:\/\/api.w.org\/{rel}","templated":true}]}}