{"id":34091,"date":"2025-03-07T18:07:14","date_gmt":"2025-03-07T17:07:14","guid":{"rendered":"https:\/\/pawz.rs\/?post_type=product&#038;p=34091"},"modified":"2026-05-04T19:45:51","modified_gmt":"2026-05-04T17:45:51","slug":"hills-prescription-diet-derm-complete-skin-care-food-sensitivities-hrana-za-pse-370-g","status":"publish","type":"product","link":"https:\/\/pawz.rs\/en\/hills-prescription-diet-derm-complete-skin-care-food-sensitivities-hrana-za-pse-370-g\/","title":{"rendered":"Hill&#8217;s Prescription Diet Derm Complete Skin Care &#038; Food Sensitivities Hrana za Pse 370 g"},"content":{"rendered":"<p>Hill&#8217;s PRESCRIPTION DIET Derm Complete Hrana za Pse<\/p>\n<p>Kompletna vla\u017ena dijetetska hrana <strong>za podr\u0161ku funkcije ko\u017ee u slu\u010daju dermatoze i prekomernog gubitka dlake i za smanjenje intolerancije na sastojke i nutrijente kod odraslih pasa<\/strong>. Ova hrana sadr\u017ei visoke nivoe linolne kiseline (LA) i zbir eikosapentaenoi\u010dne kiseline (EPA) i dokozaheksaenske kiseline (DHA), kao i izabrani i ograni\u010deni broj izvora proteina i ugljenih hidrata.<\/p>\n<p><strong>Primarne indikacije<\/strong>:<\/p>\n<p>&#8211; Podr\u017eava zdravlje ko\u017ee u slu\u010dajevima sekundarnih infekcija, ostalih dermatoza\u00a0&#8211; Atopijski dermatitis (alergija na okru\u017eenje)\u00a0&#8211; Ve\u0107ina ne\u017eeljenih reakcija na hranu (AFR) osim poznate alergije na jaja\u00a0&#8211; Dermatitis prouzrokovan alergijom na buve (FAD)\u00a0&#8211; Eksterni otitis (hroni\u010dni)\u00a0&#8211; Pruriti\u010dki dermatitis\u00a0&#8211; Enteropatija kao reakcija na hranu<\/p>\n<p><strong>Jedino dijetetsko nutritivno re\u0161enje<\/strong> koje je klini\u010dki dokazano da obezbe\u0111uje \u0161iroku pokrivenost iznutra prema spolja \u2013 <strong>bez obzira na osnovni uzrok<\/strong>. Olak\u0161anje pacijenta se lako posti\u017ee i hrana po\u010dinje da radi sa prvom posudom za hranu. Dizajnirano kao potpora restorativnoj terapiji ko\u017ee. Ukusan deo multimodalne terapije ko\u017ee va\u0161eg pacijenta.<\/p>\n<p>Derm Complete koristi <strong>Histaguard Complex<\/strong>, jedinstvenu me\u0161avinu bioaktivnih supstanci i fitonutrijenata. Me\u0161avina poma\u017ee u normalizaciji reakcije imunog sistema na alergene iz okoline.<\/p>\n<p><strong>Kako \u0107e ovaj proizvod pomo\u0107i ljubimcu<\/strong>:<\/p>\n<ul>\n<li>Poma\u017ee u oja\u010danju barijere ko\u017ee<\/li>\n<li>Izbegnite ne\u017eeljene reakcije na hranu<\/li>\n<li>Ishrana dokazano ubla\u017eava reakciju imunog sistema na alergene iz okru\u017eenja<\/li>\n<li>Smanjite \u010de\u0161kanje i druge znakove povezane sa alergijama na okru\u017eenjei podsti\u010de zarastanje ko\u017ee<\/li>\n<li><strong>S+OXSHIELD<\/strong>: Formulisana da podsti\u010de urinarnu sredinu koja smanjuje opasnost od razvoja struvitnih i kalcijum oksalatnih kristala<\/li>\n<\/ul>\n<p><strong>Kako ovaj proizvod deluje<\/strong>:<\/p>\n<ul>\n<li>Ishrana sa ograni\u010denim sastojcima sa jednim netaknutim novim \u017eivotinjskim proteinom<\/li>\n<li>Sa Histaguard kompleksom, vlasni\u010dkim kompleksom bioaktivnih supstanci i fitonutrijenata<\/li>\n<li>Visoki nivoi esencijalnih masnih kiselina<\/li>\n<\/ul>\n<p>Va\u017eno je nastaviti hranjenje sa <strong>PRESCRIPTION DIET Derm Complete<\/strong> hranom za pse da biste odr\u017eali zdravlje ko\u017ee va\u0161eg psa, \u010dak i nakon prestanka simptoma. Posavetujte se sa va\u0161im veterinarom za vi\u0161e informacija o tome kako PRESCRIPTION DIET hrana mo\u017ee da im pomogne da nastave u\u017eivanje u sre\u0107nom i aktivnom \u017eivotu.<\/p>\n<p>Da li je va\u0161 ljubimac iz bilo kog razloga nezadovoljan ovom hranom? <strong>100% GARANCIJA ZA ZADOVOLJSTVO<\/strong> za kvalitet, doslednost i ukus ili povrat novca.<\/p>\n<p>Sve\u017ea voda treba uvek biti dostupna. Obavezno konsultujte veterinara pre prelaska na veterinarske dijete.<\/p>\n<p>Proizvo\u0111a\u010d: Hill\u2019s Pet Nutrition EU Switzerland<br \/>\nZemlja porekla: \u0160vajcarska<\/p>\n\n    <div class=\"xs_social_share_widget xs_share_url after_content \t\tmain_content  wslu-style-1 wslu-share-box-shaped wslu-fill-colored wslu-none wslu-share-horizontal wslu-theme-font-no wslu-main_content\">\n\n\t\t\n        <ul>\n\t\t\t        <\/ul>\n    <\/div>","protected":false},"excerpt":{"rendered":"<p>Hill&#8217;s Prescription Diet Derm Complete Skin Care &amp; Food Sensitivities Hrana za Pse 370 g<\/p>","protected":false},"featured_media":34092,"comment_status":"open","ping_status":"closed","template":"","meta":{"_acf_changed":false},"pwb-brand":[916],"product_cat":[705,48,47],"product_tag":[1543,1251],"class_list":{"0":"post-34091","1":"product","2":"type-product","3":"status-publish","4":"has-post-thumbnail","6":"pwb-brand-hills","7":"product_cat-veterinarske-dijete-za-pse","8":"product_cat-hrana-za-pse","9":"product_cat-psi","10":"product_tag-hillsvet","11":"product_tag-veterinarske-dijete","13":"first","14":"outofstock","15":"taxable","16":"shipping-taxable","17":"purchasable","18":"product-type-simple"},"acf":[],"brands":[{"id":916,"name":"Hills","slug":"hills"}],"_links":{"self":[{"href":"https:\/\/pawz.rs\/en\/wp-json\/wp\/v2\/product\/34091","targetHints":{"allow":["GET"]}}],"collection":[{"href":"https:\/\/pawz.rs\/en\/wp-json\/wp\/v2\/product"}],"about":[{"href":"https:\/\/pawz.rs\/en\/wp-json\/wp\/v2\/types\/product"}],"replies":[{"embeddable":true,"href":"https:\/\/pawz.rs\/en\/wp-json\/wp\/v2\/comments?post=34091"}],"wp:featuredmedia":[{"embeddable":true,"href":"https:\/\/pawz.rs\/en\/wp-json\/wp\/v2\/media\/34092"}],"wp:attachment":[{"href":"https:\/\/pawz.rs\/en\/wp-json\/wp\/v2\/media?parent=34091"}],"wp:term":[{"taxonomy":"pwb-brand","embeddable":true,"href":"https:\/\/pawz.rs\/en\/wp-json\/wp\/v2\/pwb-brand?post=34091"},{"taxonomy":"product_cat","embeddable":true,"href":"https:\/\/pawz.rs\/en\/wp-json\/wp\/v2\/product_cat?post=34091"},{"taxonomy":"product_tag","embeddable":true,"href":"https:\/\/pawz.rs\/en\/wp-json\/wp\/v2\/product_tag?post=34091"}],"curies":[{"name":"wp","href":"https:\/\/api.w.org\/{rel}","templated":true}]}}