{"id":34163,"date":"2024-10-26T15:16:08","date_gmt":"2024-10-26T13:16:08","guid":{"rendered":"https:\/\/pawz.rs\/?post_type=product&#038;p=34163"},"modified":"2026-01-23T09:49:02","modified_gmt":"2026-01-23T08:49:02","slug":"hills-prescription-diet-metabolic-hrana-za-pse-sa-piletinom-4-kg","status":"publish","type":"product","link":"https:\/\/pawz.rs\/en\/hills-prescription-diet-metabolic-hrana-za-pse-sa-piletinom-4-kg\/","title":{"rendered":"Hill&#8217;s Prescription Diet Metabolic Hrana za Pse sa Piletinom 4 kg"},"content":{"rendered":"<p>Hill&#8217;s PRESCRIPTION DIET Metabolic Hrana za Pse sa Piletinom<\/p>\n<p>Kompletna dijetetska hrana za ku\u0107ne ljubimce za smanjenje prekomerne telesne te\u017eine i odr\u017eavanje zdrave te\u017eine kod odraslih pasa. Ova hrana za pse je energetski siroma\u0161na.<\/p>\n<p>Klini\u010dki dokazano poma\u017ee psima da brzo izgube na te\u017eini tako \u0161to aktivira njihov jedinstveni metabolizam. Smanjivanje te\u017eine i do\u017eivotno odr\u017eavanje za pse s prekomernom te\u017einom, za gojazne pse i za pse sklone gojenju.<\/p>\n<p>Hill&#8217;s nutricionisti i veterinari razvili su Prescription Diet Metabolic klini\u010dku hranu formulisanu da pomogne psima u gubitku na te\u017eini i odr\u017eavanje idealne te\u017eine. Radi prirodno sa jedinstvenim kori\u0161\u0107enjem energije va\u0161eg psa za lak i efikasan na\u010din gubitka te\u017eine. Ova hrana stimuli\u0161e prirodnu sposobnost pasa da sagoreva mast i obezbe\u0111uje energiju za aktivnu igru. Njena jedinstvena me\u0161avina vlakana poma\u017ee zasi\u0107enost i zadovoljstvo pasa. Zapravo, 96% ljubimaca je izgubilo te\u017einu kod ku\u0107e za 2 meseca kada su hranjeni s hranom Metabolic.<\/p>\n<p><strong>Primarne indikacije<\/strong>:<\/p>\n<ul>\n<li>Gubitak te\u017eine<\/li>\n<li>Odr\u017eavanje te\u017eine (gojaznost ili posle gubitka te\u017eine)<\/li>\n<li>Dijabetes kod gojaznih pasa<\/li>\n<li>Hipotireozom<\/li>\n<li>Ka\u0161ingov sindrom<\/li>\n<\/ul>\n<p><strong>Kako \u0107e ovaj proizvod pomo\u0107i ljubimcu<\/strong>:<\/p>\n<ul>\n<li>96% pasa izgubilo je na te\u017eini kod ku\u0107e za 2 meseca<\/li>\n<li>Poma\u017ee da se izgubljena te\u017eina ne vrati i obezbe\u0111uje energiju za aktivnu igru<\/li>\n<li>Lako gubljenje te\u017eine: psi gube na te\u017eini bez prekomernog smanjivanja koli\u010dine porcije<\/li>\n<li><strong>S+OXSHIELD<\/strong>: Formulisana da promovi\u0161e urinarnu sredinu koja smanjuje opasnost od razvoja struvitnih i kalcijum oksalatnih kristala<\/li>\n<\/ul>\n<p><strong>Kako ovaj proizvod deluje<\/strong>:<\/p>\n<ul>\n<li>Radi prirodno sa jedinstvenim kori\u0161\u0107enjem energije va\u0161eg psa za lak i efikasan na\u010din gubitka te\u017eine.<\/li>\n<li>Podr\u017eava prirodnu sposobnost psa za sagorevanje masti<\/li>\n<li>Jedinstvena me\u0161avina vlakana poma\u017ee zasi\u0107enost i zadovoljstvo pasa<\/li>\n<\/ul>\n<p>Da li je va\u0161 ljubimac iz bilo kog razloga nezadovoljan ovom hranom? <strong>100% GARANCIJA ZA ZADOVOLJSTVO<\/strong> za kvalitet, doslednost i ukus ili povrat novca.<\/p>\n<p>Za\u0161tititi od vlage. \u010cuvati na hladnom i suvom mestu.<\/p>\n<p>Sve\u017ea voda treba uvek biti dostupna. Obavezno konsultujte veterinara pre prelaska na veterinarske dijete.<\/p>\n<p>Proizvo\u0111a\u010d: Hill\u2019s Pet Nutrition EU Switzerland<br \/>\nZemlja porekla: \u0160vajcarska<\/p>\n\n    <div class=\"xs_social_share_widget xs_share_url after_content \t\tmain_content  wslu-style-1 wslu-share-box-shaped wslu-fill-colored wslu-none wslu-share-horizontal wslu-theme-font-no wslu-main_content\">\n\n\t\t\n        <ul>\n\t\t\t        <\/ul>\n    <\/div>","protected":false},"excerpt":{"rendered":"<p>Hill&#8217;s Prescription Diet Metabolic Hrana za Pse sa Piletinom 4 kg<\/p>","protected":false},"featured_media":34164,"comment_status":"open","ping_status":"closed","template":"","meta":{"_acf_changed":false},"pwb-brand":[916],"product_cat":[705,48,47],"product_tag":[1543,1251],"class_list":{"0":"post-34163","1":"product","2":"type-product","3":"status-publish","4":"has-post-thumbnail","6":"pwb-brand-hills","7":"product_cat-veterinarske-dijete-za-pse","8":"product_cat-hrana-za-pse","9":"product_cat-psi","10":"product_tag-hillsvet","11":"product_tag-veterinarske-dijete","13":"first","14":"outofstock","15":"taxable","16":"shipping-taxable","17":"purchasable","18":"product-type-simple"},"acf":[],"brands":[{"id":916,"name":"Hills","slug":"hills"}],"_links":{"self":[{"href":"https:\/\/pawz.rs\/en\/wp-json\/wp\/v2\/product\/34163","targetHints":{"allow":["GET"]}}],"collection":[{"href":"https:\/\/pawz.rs\/en\/wp-json\/wp\/v2\/product"}],"about":[{"href":"https:\/\/pawz.rs\/en\/wp-json\/wp\/v2\/types\/product"}],"replies":[{"embeddable":true,"href":"https:\/\/pawz.rs\/en\/wp-json\/wp\/v2\/comments?post=34163"}],"wp:featuredmedia":[{"embeddable":true,"href":"https:\/\/pawz.rs\/en\/wp-json\/wp\/v2\/media\/34164"}],"wp:attachment":[{"href":"https:\/\/pawz.rs\/en\/wp-json\/wp\/v2\/media?parent=34163"}],"wp:term":[{"taxonomy":"pwb-brand","embeddable":true,"href":"https:\/\/pawz.rs\/en\/wp-json\/wp\/v2\/pwb-brand?post=34163"},{"taxonomy":"product_cat","embeddable":true,"href":"https:\/\/pawz.rs\/en\/wp-json\/wp\/v2\/product_cat?post=34163"},{"taxonomy":"product_tag","embeddable":true,"href":"https:\/\/pawz.rs\/en\/wp-json\/wp\/v2\/product_tag?post=34163"}],"curies":[{"name":"wp","href":"https:\/\/api.w.org\/{rel}","templated":true}]}}