{"id":34170,"date":"2025-03-07T18:07:14","date_gmt":"2025-03-07T17:07:14","guid":{"rendered":"https:\/\/pawz.rs\/?post_type=product&#038;p=34170"},"modified":"2026-05-04T19:46:04","modified_gmt":"2026-05-04T17:46:04","slug":"hills-prescription-diet-r-d-weight-loss-hrana-za-pse-sa-piletinom-10-kg","status":"publish","type":"product","link":"https:\/\/pawz.rs\/en\/hills-prescription-diet-r-d-weight-loss-hrana-za-pse-sa-piletinom-10-kg\/","title":{"rendered":"Hill&#8217;s Prescription Diet r\/d Weight Loss Hrana za Pse sa Piletinom 10 kg"},"content":{"rendered":"<p>Hill&#8217;s PRESCRIPTION DIET r\/d Hrana za Pse sa Piletinom<\/p>\n<p>Kompletna suva dijetetska hrana za ku\u0107ne ljubimce za smanjenje prekomerne telesne te\u017eine kod odraslih pasa. Ova hrana je energetski siroma\u0161na.<\/p>\n<p>\u010cak i mala dodatna te\u017eina mo\u017ee uticati na kvalitet \u017eivota ljubimca i odnos sa porodicom, jer dodatna te\u017eina mo\u017ee smanjiti vreme igranja, uticati na pokretljivost i do\u017eivotno na op\u0161te zdravlje va\u0161eg psa.<\/p>\n<p>Hill&#8217;s nutritconisti i veterinari razvili su Prescription Diet r\/d klini\u010dku hranu specijalno formulisanu za podr\u0161ku u gubitku te\u017eine kod pasa. Zapravo, r\/d je klini\u010dki dokazana hrana za zdrav gubitak te\u017eine <strong>za samo 8 sedmica<\/strong>. Ova suva hrana je proizvedena sa piletinom i ima neodoljiv ukus koji \u0107e va\u0161 pas voleti.<\/p>\n<p><strong>Kako \u0107e ovaj proizvod pomo\u0107i ljubimcu<\/strong>:<\/p>\n<ul>\n<li>Poma\u017ee u sagorevanju telesne masti i odr\u017eavanju vitkih mi\u0161i\u0107a<\/li>\n<li>Poma\u017ee zasi\u0107enost i zadovoljstvo va\u0161eg psa<\/li>\n<li>Podr\u017eava zdrav imuni sistem<\/li>\n<li>S+OXSHIELD: Formulisana da promovi\u0161e urinarnu sredinu koja smanjuje opasnost od razvoja struvitnih i kalcijum oksalatnih kristala<\/li>\n<\/ul>\n<p><strong>Kako ovaj proizvod deluje<\/strong>:<\/p>\n<ul>\n<li>Efikasni nivoi L-karnitina poma\u017eu u sagorevanju telesne masti i odr\u017eavanju vitkih mi\u0161i\u0107a<\/li>\n<li>Optimalna me\u0161avina rastvorljivih i nerastvorljivih vlakana za zasi\u0107enost i zadovoljstvo va\u0161eg psa<\/li>\n<li>Klini\u010dki dokazani antioksidanti podr\u017eavaju zdrav imuni sistem<\/li>\n<\/ul>\n<p><strong>Hill&#8217;s Prescription Diet r\/d Dry hrana za pse s piletinom<\/strong> je namenjena samo za hranjenje sa prekidima i nije preporu\u010dena za dugoro\u010dno hranjenje (preko 6 meseci). Posavetujte se sa svojim veterinarom za vi\u0161e informacija o tome kako Prescription Diet hrana mo\u017ee da pomogne va\u0161em psu da nastavi u\u017eivanje u sre\u0107nom i aktivnom \u017eivotu.<\/p>\n<p><strong>Nije preporu\u010dljiva za<\/strong>: Rastu\u0107a \u0161tenad, skotne kuje ili kuje dojilje.<\/p>\n<p>Pacijenti sa umerenom ili naprednom insuficijencijom srca, bubre\u017enom bole\u0161\u0107u, bole\u0161\u0107u jetre, iscrpljeno\u0161\u0107u, hipermetabolizmom, dehidracijom i premalom te\u017einom.<\/p>\n<p>Da li je va\u0161 ljubimac iz bilo kog razloga nezadovoljan ovom hranom? <strong>100% GARANCIJA ZA ZADOVOLJSTVO<\/strong> za kvalitet, doslednost i ukus ili povrat novca.<\/p>\n<p>Za\u0161tititi od vlage. \u010cuvati na hladnom i suvom mestu.<\/p>\n<p>Sve\u017ea voda treba uvek biti dostupna. Obavezno konsultujte veterinara pre prelaska na veterinarske dijete.<\/p>\n<p>Proizvo\u0111a\u010d: Hill\u2019s Pet Nutrition EU Switzerland<br \/>\nZemlja porekla: \u0160vajcarska<\/p>\n\n    <div class=\"xs_social_share_widget xs_share_url after_content \t\tmain_content  wslu-style-1 wslu-share-box-shaped wslu-fill-colored wslu-none wslu-share-horizontal wslu-theme-font-no wslu-main_content\">\n\n\t\t\n        <ul>\n\t\t\t        <\/ul>\n    <\/div>","protected":false},"excerpt":{"rendered":"<p>Hill&#8217;s Prescription Diet r\/d Weight Loss Hrana za Pse sa Piletinom 10 kg<\/p>","protected":false},"featured_media":34171,"comment_status":"open","ping_status":"closed","template":"","meta":{"_acf_changed":false},"pwb-brand":[916],"product_cat":[705,48,47],"product_tag":[1543,1251],"class_list":{"0":"post-34170","1":"product","2":"type-product","3":"status-publish","4":"has-post-thumbnail","6":"pwb-brand-hills","7":"product_cat-veterinarske-dijete-za-pse","8":"product_cat-hrana-za-pse","9":"product_cat-psi","10":"product_tag-hillsvet","11":"product_tag-veterinarske-dijete","13":"first","14":"instock","15":"taxable","16":"shipping-taxable","17":"purchasable","18":"product-type-simple"},"acf":[],"brands":[{"id":916,"name":"Hills","slug":"hills"}],"_links":{"self":[{"href":"https:\/\/pawz.rs\/en\/wp-json\/wp\/v2\/product\/34170","targetHints":{"allow":["GET"]}}],"collection":[{"href":"https:\/\/pawz.rs\/en\/wp-json\/wp\/v2\/product"}],"about":[{"href":"https:\/\/pawz.rs\/en\/wp-json\/wp\/v2\/types\/product"}],"replies":[{"embeddable":true,"href":"https:\/\/pawz.rs\/en\/wp-json\/wp\/v2\/comments?post=34170"}],"wp:featuredmedia":[{"embeddable":true,"href":"https:\/\/pawz.rs\/en\/wp-json\/wp\/v2\/media\/34171"}],"wp:attachment":[{"href":"https:\/\/pawz.rs\/en\/wp-json\/wp\/v2\/media?parent=34170"}],"wp:term":[{"taxonomy":"pwb-brand","embeddable":true,"href":"https:\/\/pawz.rs\/en\/wp-json\/wp\/v2\/pwb-brand?post=34170"},{"taxonomy":"product_cat","embeddable":true,"href":"https:\/\/pawz.rs\/en\/wp-json\/wp\/v2\/product_cat?post=34170"},{"taxonomy":"product_tag","embeddable":true,"href":"https:\/\/pawz.rs\/en\/wp-json\/wp\/v2\/product_tag?post=34170"}],"curies":[{"name":"wp","href":"https:\/\/api.w.org\/{rel}","templated":true}]}}