{"id":34176,"date":"2025-03-07T18:07:14","date_gmt":"2025-03-07T17:07:14","guid":{"rendered":"https:\/\/pawz.rs\/?post_type=product&#038;p=34176"},"modified":"2026-05-04T19:46:06","modified_gmt":"2026-05-04T17:46:06","slug":"hills-prescription-diet-i-d-stress-mini-digestive-care-hrana-za-pse-sa-piletinom-1-kg","status":"publish","type":"product","link":"https:\/\/pawz.rs\/en\/hills-prescription-diet-i-d-stress-mini-digestive-care-hrana-za-pse-sa-piletinom-1-kg\/","title":{"rendered":"Hill&#8217;s Prescription Diet i\/d Stress Mini Digestive Care Hrana za Pse sa Piletinom 1 kg"},"content":{"rendered":"<p>Izuzetno svarljiva kompletna suva dijetetska hrana za ku\u0107ne ljubimce za odrasle pse za redukciju poreme\u0107aja apsorpcije creva, kompenzaciju lo\u0161eg varenja, egzokrine insuficijencije pankreasa i poreme\u0107aja kojima pogoduje hrana sa niskim sadr\u017eajem masti, kao i za podr\u0161ku u stresnim situacijama, koje dovode do smanjenja povezanog pona\u0161anja. Ova hrana sadr\u017ei izuzetno lako svarljive sastojke, pove\u0107ane nivoe natrijuma i kalijuma, kao i tripsin-hidrolizovani gove\u0111i kazein.<\/p>\n<p>Ba\u0161 kao i ljudi, pojedini psi su pod stresom \u0161to mo\u017ee negativno da uti\u010de na njihovo op\u0161te zdravlje. Stres mo\u017ee dovesti do disbalansa mikrobioma creva i pove\u0107ane pokretljivosti creva \u0161to dovodi do digestivnih smetnji, veoma neprijatnog iskustva za sve. Hill&#8217;s nutricionisti i veterinari su razvili Hill&#8217;s Prescription Diet i\/d Stress suvu hranu za pse koja je posebno formulisana za re\u0161avanje pona\u0161anja povezanih sa stresom kod pasa do 14 kg.<\/p>\n<p>Oja\u010dana <strong>Hill\u2019s ActivBiome+ tehnologijom sastojaka<\/strong>, vlasni\u010dka me\u0161avina prebiotika, za koju je klini\u010dki dokazano da brzo neguje mikrobiom creva za podr\u0161ku digestivnog zdravlja i blagostanja.<\/p>\n<p><strong>Glavne indikacije:<\/strong><\/p>\n<ul>\n<li>Kolitis izazvan stresom kod pasa te\u017eine manje od 14 kg<\/li>\n<\/ul>\n<p><strong>Kako \u0107e ovaj proizvod pomo\u0107i ljubimcu<\/strong>:<\/p>\n<ul>\n<li>Poma\u017ee u postizanju umiruju\u0107eg efekta, podr\u017eava zdravo varenje i pobolj\u0161ava kvalitet stolice<\/li>\n<li>Podsti\u010de aktivnost korisnih bakterija u crevima i smiruje GI trakt<\/li>\n<li>Dugoro\u010dna ishrana poma\u017ee zdravom imunom sistemu<\/li>\n<li><strong>S+OXSHIELD<\/strong>: Formulisana da podsti\u010de urinarnu sredinu koja smanjuje opasnost od razvoja struvitnih i kalcijum oksalatnih kristala<\/li>\n<\/ul>\n<p><strong>Kako ovaj proizvod deluje<\/strong>:<\/p>\n<ul>\n<li>Izuzetno lako svarljiva formula sa hidrolizatom mle\u010dnog proteina za regulisanje stresa<\/li>\n<li>Jedinstvena me\u0161avina prebiotika i \u0111umbira<\/li>\n<li>Oboga\u0107eno klini\u010dki dokazanim antioksidansima i omega-3 masnim kiselinama iz ribljeg ulja<\/li>\n<\/ul>\n<p>Va\u017eno je nastaviti hranjenje sa <strong>PRESCRIPTION DIET i\/d Stress Digestive Care hranom za pse<\/strong> za pomo\u0107 u odr\u017eavanju zdravlja sistema za varenje kod va\u0161eg psa, \u010dak i posle pobolj\u0161anja simptoma. Posavetujte se sa svojim veterinarom za vi\u0161e informacija o tome kako PRESCRIPTION DIET hrana mo\u017ee da pomogne va\u0161em psu da nastavi u\u017eivanje u sre\u0107nom i aktivnom \u017eivotu.<\/p>\n<p>Da li je va\u0161 ljubimac iz bilo kog razloga nezadovoljan ovom hranom? <strong>100% GARANCIJA ZA ZADOVOLJSTVO<\/strong> za kvalitet, doslednost i ukus ili povrat novca.<\/p>\n<p>Za\u0161tititi od vlage. \u010cuvati na hladnom i suvom mestu<\/p>\n<p>Sve\u017ea voda treba uvek biti dostupna. Obavezno konsultujte veterinara pre prelaska na veterinarske dijete.<\/p>\n<p>Proizvo\u0111a\u010d: Hill\u2019s Pet Nutrition EU Switzerland<br \/>\nZemlja porekla: \u0160vajcarska<\/p>\n\n    <div class=\"xs_social_share_widget xs_share_url after_content \t\tmain_content  wslu-style-1 wslu-share-box-shaped wslu-fill-colored wslu-none wslu-share-horizontal wslu-theme-font-no wslu-main_content\">\n\n\t\t\n        <ul>\n\t\t\t        <\/ul>\n    <\/div>","protected":false},"excerpt":{"rendered":"<p>Hill&#8217;s Prescription Diet i\/d Stress Mini Digestive Care Hrana za Pse sa Piletinom 1 kg<\/p>","protected":false},"featured_media":34177,"comment_status":"open","ping_status":"closed","template":"","meta":{"_acf_changed":false},"pwb-brand":[916],"product_cat":[705,48,47],"product_tag":[1543,1251],"class_list":{"0":"post-34176","1":"product","2":"type-product","3":"status-publish","4":"has-post-thumbnail","6":"pwb-brand-hills","7":"product_cat-veterinarske-dijete-za-pse","8":"product_cat-hrana-za-pse","9":"product_cat-psi","10":"product_tag-hillsvet","11":"product_tag-veterinarske-dijete","13":"first","14":"instock","15":"taxable","16":"shipping-taxable","17":"purchasable","18":"product-type-simple"},"acf":[],"brands":[{"id":916,"name":"Hills","slug":"hills"}],"_links":{"self":[{"href":"https:\/\/pawz.rs\/en\/wp-json\/wp\/v2\/product\/34176","targetHints":{"allow":["GET"]}}],"collection":[{"href":"https:\/\/pawz.rs\/en\/wp-json\/wp\/v2\/product"}],"about":[{"href":"https:\/\/pawz.rs\/en\/wp-json\/wp\/v2\/types\/product"}],"replies":[{"embeddable":true,"href":"https:\/\/pawz.rs\/en\/wp-json\/wp\/v2\/comments?post=34176"}],"wp:featuredmedia":[{"embeddable":true,"href":"https:\/\/pawz.rs\/en\/wp-json\/wp\/v2\/media\/34177"}],"wp:attachment":[{"href":"https:\/\/pawz.rs\/en\/wp-json\/wp\/v2\/media?parent=34176"}],"wp:term":[{"taxonomy":"pwb-brand","embeddable":true,"href":"https:\/\/pawz.rs\/en\/wp-json\/wp\/v2\/pwb-brand?post=34176"},{"taxonomy":"product_cat","embeddable":true,"href":"https:\/\/pawz.rs\/en\/wp-json\/wp\/v2\/product_cat?post=34176"},{"taxonomy":"product_tag","embeddable":true,"href":"https:\/\/pawz.rs\/en\/wp-json\/wp\/v2\/product_tag?post=34176"}],"curies":[{"name":"wp","href":"https:\/\/api.w.org\/{rel}","templated":true}]}}