{"id":34196,"date":"2025-03-07T18:07:14","date_gmt":"2025-03-07T17:07:14","guid":{"rendered":"https:\/\/pawz.rs\/?post_type=product&#038;p=34196"},"modified":"2026-05-04T19:46:09","modified_gmt":"2026-05-04T17:46:09","slug":"hills-prescription-diet-w-d-multi-benefit-hrana-za-pse-sa-piletinom-10-kg","status":"publish","type":"product","link":"https:\/\/pawz.rs\/en\/hills-prescription-diet-w-d-multi-benefit-hrana-za-pse-sa-piletinom-10-kg\/","title":{"rendered":"Hill&#8217;s Prescription Diet w\/d Multi-Benefit Hrana za Pse sa Piletinom 10 kg"},"content":{"rendered":"<p>Hill&#8217;s PRESCRIPTION DIET w\/d Hrana za Pse sa Piletinom<\/p>\n<p>Kompletna suva dijetetska hrana za ku\u0107ne ljubimce za regulisanje snabdevanja glukozom (dijabetes melitus) kod odraslih pasa. Ova hrana sadr\u017ei nizak nivo mono i disaharida.<\/p>\n<p>Specijalno formulisana za smanjivanje fluktuacija \u0161e\u0107era u krvi, \u010dime se mo\u017ee smanjiti doziranje insulina. Hrana tako\u0111e aktivira zasi\u0107enost i pru\u017ea psima ose\u0107aj sitosti za odr\u017eavanje te\u017eine. Ova hrana je tako\u0111e formulisana s uravnote\u017eenim sadr\u017eajem minerala i promovi\u0161e urinarnu sredinu koja smanjuje opasnost od razvoja struvitnih urolita.<\/p>\n<p><strong>Kako ovaj proizvod poma\u017ee ljubimcu<\/strong>:<\/p>\n<ul>\n<li>Poma\u017ee u regulisanju \u0161e\u0107era u krvi<\/li>\n<li>Poma\u017ee u odr\u017eavanju mi\u0161i\u0107ne mase<\/li>\n<li>Poma\u017ee u odr\u017eavanju zdrave telesne te\u017eine<\/li>\n<\/ul>\n<p><strong>Kako ovaj proizvod deluje<\/strong>:<\/p>\n<ul>\n<li>Niski nivoi \u0161e\u0107era i optimalna me\u0161avina rastvorljivih i nerastvorljivih vlakana<\/li>\n<li>Visoko kvalitetan protein i efikasni nivoi L-karnitina<\/li>\n<li>Odgovaraju\u0107i nivoi masti i kalorija<\/li>\n<li><strong>S+OXSHIELD<\/strong>: Formulisana da promovi\u0161e urinarnu sredinu koja smanjuje opasnost od razvoja struvitnih i kalcijum oksalatnih kristala<\/li>\n<\/ul>\n<p>Da li je va\u0161 ljubimac iz bilo kog razloga nezadovoljan ovom hranom? <strong>100% GARANCIJA ZA ZADOVOLJSTVO<\/strong> za kvalitet, doslednost i ukus ili povrat novca.<\/p>\n<p>Za\u0161tititi od vlage. \u010cuvati na hladnom i suvom mestu.<\/p>\n<p>Sve\u017ea voda treba uvek biti dostupna. Obavezno konsultujte veterinara pre prelaska na veterinarske dijete.<\/p>\n<p>Proizvo\u0111a\u010d: Hill\u2019s Pet Nutrition EU Switzerland<br \/>\nZemlja porekla: \u0160vajcarska<\/p>\n\n    <div class=\"xs_social_share_widget xs_share_url after_content \t\tmain_content  wslu-style-1 wslu-share-box-shaped wslu-fill-colored wslu-none wslu-share-horizontal wslu-theme-font-no wslu-main_content\">\n\n\t\t\n        <ul>\n\t\t\t        <\/ul>\n    <\/div>","protected":false},"excerpt":{"rendered":"<p>Hill&#8217;s Prescription Diet w\/d Multi-Benefit Hrana za Pse sa Piletinom 10 kg<\/p>","protected":false},"featured_media":34197,"comment_status":"open","ping_status":"closed","template":"","meta":{"_acf_changed":false},"pwb-brand":[916],"product_cat":[705,48,47],"product_tag":[1543,1251],"class_list":{"0":"post-34196","1":"product","2":"type-product","3":"status-publish","4":"has-post-thumbnail","6":"pwb-brand-hills","7":"product_cat-veterinarske-dijete-za-pse","8":"product_cat-hrana-za-pse","9":"product_cat-psi","10":"product_tag-hillsvet","11":"product_tag-veterinarske-dijete","13":"first","14":"outofstock","15":"taxable","16":"shipping-taxable","17":"purchasable","18":"product-type-simple"},"acf":[],"brands":[{"id":916,"name":"Hills","slug":"hills"}],"_links":{"self":[{"href":"https:\/\/pawz.rs\/en\/wp-json\/wp\/v2\/product\/34196","targetHints":{"allow":["GET"]}}],"collection":[{"href":"https:\/\/pawz.rs\/en\/wp-json\/wp\/v2\/product"}],"about":[{"href":"https:\/\/pawz.rs\/en\/wp-json\/wp\/v2\/types\/product"}],"replies":[{"embeddable":true,"href":"https:\/\/pawz.rs\/en\/wp-json\/wp\/v2\/comments?post=34196"}],"wp:featuredmedia":[{"embeddable":true,"href":"https:\/\/pawz.rs\/en\/wp-json\/wp\/v2\/media\/34197"}],"wp:attachment":[{"href":"https:\/\/pawz.rs\/en\/wp-json\/wp\/v2\/media?parent=34196"}],"wp:term":[{"taxonomy":"pwb-brand","embeddable":true,"href":"https:\/\/pawz.rs\/en\/wp-json\/wp\/v2\/pwb-brand?post=34196"},{"taxonomy":"product_cat","embeddable":true,"href":"https:\/\/pawz.rs\/en\/wp-json\/wp\/v2\/product_cat?post=34196"},{"taxonomy":"product_tag","embeddable":true,"href":"https:\/\/pawz.rs\/en\/wp-json\/wp\/v2\/product_tag?post=34196"}],"curies":[{"name":"wp","href":"https:\/\/api.w.org\/{rel}","templated":true}]}}