{"id":3422,"date":"2023-02-14T21:38:46","date_gmt":"2023-02-14T20:38:46","guid":{"rendered":"https:\/\/pawz.rs\/?post_type=product&#038;p=3422"},"modified":"2023-12-29T17:53:32","modified_gmt":"2023-12-29T16:53:32","slug":"cibau-adult-maxi-12kg","status":"publish","type":"product","link":"https:\/\/pawz.rs\/en\/cibau-adult-maxi-12kg\/","title":{"rendered":"CIBAU Adult Maxi 12kg"},"content":{"rendered":"<p><strong>CIBAU Adult Maxi 12kg<\/strong><\/p>\n<p>Kompletna, izbalansirana hrana namenjena odraslim psima velikih rasa, normalne fizi\u010dke aktivnosti.<\/p>\n<p><strong>SASTAV<\/strong><br \/>\nDehidrirano pile\u0107e meso (27%), pirina\u010d (25%), kukuruz (15%), pile\u0107a mast, dehidrirana riba, suva pulpa cvekle (4%), laneno seme, jaja u prahu, kukuruzni gluten, riblje ulje (2%), biljno ulje (1%), kalijum hlorid, mono-dikalcijum fosfat, suvi pivski kvasac (0,4%), fruktooligosaharidi (0,4%), natrijum hlorid, glukozamin (0,05%), hondroitin sulfat (0,05%).<\/p>\n<p><strong>NUTRITIVNI SASTOJCI ADITIVI PO KG<\/strong><br \/>\nHranljivi dodaci: vitamin A 10000 IJ; vitamin D3 1000 IJ; vitamin E 100 mg; vitamin C 100 mg; nijacin 25 mg; pantotenska kiselina 10 mg; vitamin B2 5 mg; vitamin B6 4 mg; vitamin B1 3 mg; vitamin H 0,25 mg; folna kiselina 0,3 mg; vitamin B12 0,04 mg; holin hlorid 2500 mg; cink oksid 108 mg; cink sulfat monohidrat 120 mg; mangan sulfat monohidrat 150 mg; gvo\u017e\u0111e sulfat monohidrat 44 mg; gvo\u017e\u0111e karbonat 60 mg; bakar sulfat pentahidrat 50 mg; bezvodni kalcijum jodat 2,4 mg; natrijum selenit 0,22 mg; DL-metionin 2500 mg; L-karnitin 100 mg.<\/p>\n<p><strong>ANALITI\u010cKI SASTAV<\/strong><br \/>\nSirovi proteini 26%; sirove masti i ulja 16%; sirova vlakna 1,8%; sirovi pepeo 7,6%; kalcijum 1,2%; fosfor 0,9%; taurin 1000 mg\/kg.<\/p>\n<p><strong>ENERGETSKA VREDNOST<\/strong><br \/>\nEM Kcal\/Kg 3709 &#8211; Mj\/Kg 15,52<\/p>\n<p>Serve food in dry form with available fresh water.<br \/>\nFor your pet&#039;s health, consult a veterinarian regularly.<br \/>\nStore the product in a dry, dark and cool place.<\/p>\n<p>Proizvo\u0111a\u010d: Farmina Pet Foods, In\u0111ija, Srbija<br \/>\nZemlja porekla: Srbija<\/p>\n\n    <div class=\"xs_social_share_widget xs_share_url after_content \t\tmain_content  wslu-style-1 wslu-share-box-shaped wslu-fill-colored wslu-none wslu-share-horizontal wslu-theme-font-no wslu-main_content\">\n\n\t\t\n        <ul>\n\t\t\t        <\/ul>\n    <\/div>","protected":false},"excerpt":{"rendered":"<p>CIBAU Adult Maxi &#8211; Kompletna, izbalansirana hrana namenjena odraslim psima velikih rasa, normalne fizi\u010dke aktivnosti.<\/p>","protected":false},"featured_media":3426,"comment_status":"open","ping_status":"closed","template":"","meta":{"_acf_changed":false},"pwb-brand":[304],"product_cat":[49,47,48],"product_tag":[],"class_list":{"0":"post-3422","1":"product","2":"type-product","3":"status-publish","4":"has-post-thumbnail","6":"pwb-brand-cibau-hrana-za-pse","7":"product_cat-granule-za-pse","8":"product_cat-psi","9":"product_cat-hrana-za-pse","11":"first","12":"instock","13":"taxable","14":"shipping-taxable","15":"purchasable","16":"product-type-variable","17":"has-default-attributes"},"acf":[],"brands":[{"id":304,"name":"Cibau","slug":"cibau-hrana-za-pse"}],"_links":{"self":[{"href":"https:\/\/pawz.rs\/en\/wp-json\/wp\/v2\/product\/3422","targetHints":{"allow":["GET"]}}],"collection":[{"href":"https:\/\/pawz.rs\/en\/wp-json\/wp\/v2\/product"}],"about":[{"href":"https:\/\/pawz.rs\/en\/wp-json\/wp\/v2\/types\/product"}],"replies":[{"embeddable":true,"href":"https:\/\/pawz.rs\/en\/wp-json\/wp\/v2\/comments?post=3422"}],"wp:featuredmedia":[{"embeddable":true,"href":"https:\/\/pawz.rs\/en\/wp-json\/wp\/v2\/media\/3426"}],"wp:attachment":[{"href":"https:\/\/pawz.rs\/en\/wp-json\/wp\/v2\/media?parent=3422"}],"wp:term":[{"taxonomy":"pwb-brand","embeddable":true,"href":"https:\/\/pawz.rs\/en\/wp-json\/wp\/v2\/pwb-brand?post=3422"},{"taxonomy":"product_cat","embeddable":true,"href":"https:\/\/pawz.rs\/en\/wp-json\/wp\/v2\/product_cat?post=3422"},{"taxonomy":"product_tag","embeddable":true,"href":"https:\/\/pawz.rs\/en\/wp-json\/wp\/v2\/product_tag?post=3422"}],"curies":[{"name":"wp","href":"https:\/\/api.w.org\/{rel}","templated":true}]}}