{"id":34244,"date":"2025-03-07T18:07:24","date_gmt":"2025-03-07T17:07:24","guid":{"rendered":"https:\/\/pawz.rs\/?post_type=product&#038;p=34244"},"modified":"2026-05-04T19:46:18","modified_gmt":"2026-05-04T17:46:18","slug":"hills-prescription-diet-k-d-kidney-care-hrana-za-pse-15-kg","status":"publish","type":"product","link":"https:\/\/pawz.rs\/en\/hills-prescription-diet-k-d-kidney-care-hrana-za-pse-15-kg\/","title":{"rendered":"Hill&#8217;s Prescription Diet k\/d Kidney Care Hrana za Pse 1,5 kg"},"content":{"rendered":"<p>Kompletna suva dijetetska hrana za ku\u0107ne ljubimce koja pru\u017ea podr\u0161ku renalnoj funkciji u slu\u010daju hroni\u010dne ili privremene renalne insuficijencije kod odraslih pasa. Ova hrana ima nizak nivo fosfora i ograni\u010den nivo proteina, ali visokog kvaliteta.<\/p>\n<p>Kada psi imaju o\u0161te\u0107enja tkiva bubrega, onda bubrezi ne mogu obavljati svoju funkciju dobro kao pre. Stanje nije reverzibilno ali progresija mo\u017ee da se uspori. Dijetetska hrana za bolesti bubrega je konstruisana da smanji optere\u0107enje na bubrezima, omogu\u0107avaju\u0107i im efikasniju funkciju. Psi sa smanjenom funkcijom bubrega mogu do\u017eiveti gubitak apetita i njihov unos hrane mo\u017ee da opadne.<\/p>\n<p>Hill&#8217;s nutricionisti veterinari razvili su Hill&#8217;s Prescription Diet k\/d klini\u010dku hranu za za\u0161titu vitalnih funkcija bubrega i za unapre\u0111enje apetita i uve\u0107an unos hrane va\u0161eg psa. Ova suva hrana je proizvedena sa piletinom i ima neodoljiv ukus koji \u0107e va\u0161 pas voleti. Zapravo je Diet k\/d hrana klini\u010dki dokazana za pobolj\u0161anje i produ\u017eavanje kvaliteta \u017eivota.<\/p>\n<p><strong>Primarne indikacije<\/strong>:<\/p>\n<ul>\n<li>Hroni\u010dno oboljenje bubrega (HOB):<\/li>\n<li>IRIS faze 3-4<\/li>\n<li>Sve IRIS faze sa proteinurijom\n<ul>\n<li>Akutno o\u0161te\u0107enje bubrega<\/li>\n<li>Uremi\u010dna encefalopatija<\/li>\n<li>Laj\u0161manijazu s istovremenim CKD<\/li>\n<\/ul>\n<\/li>\n<\/ul>\n<p><strong>Kako \u0107e ovaj proizvod pomo\u0107i ljubimcu<\/strong>:<\/p>\n<ul>\n<li>\u0160titi vitalne funkcije bubrega<\/li>\n<li>Stimuli\u0161e apetit i uve\u0107ava unos hrane<\/li>\n<li>Podr\u017eava prirodnu sposobnost izgradnje i odr\u017eavanja mi\u0161i\u0107ne mase<\/li>\n<\/ul>\n<p><strong>Kako ovaj proizvod deluje:<\/strong><\/p>\n<ul>\n<li>Kontrolisan nivo fosfora i nizak sadr\u017eaj natrijuma, oboga\u0107eno omega-3 masnim kiselinama iz ribljeg ulja<\/li>\n<li>Enhanced appetite trigger (E.A.T.) tehnologija za pse<\/li>\n<li>Visoki nivoi su\u0161tinskih amino kiselina i L-karnitina<\/li>\n<\/ul>\n<p>Va\u017eno je nastaviti hranjenje sa PRESCRIPTION DIET k\/d Kidney Care hranom za pse za pomo\u0107 u odr\u017eavanju zdravlja bubrega va\u0161eg psa, \u010dak i posle pobolj\u0161anja simptoma bubrega. Posavetujte se sa svojim veterinarom za vi\u0161e informacija o tome kako PRESCRIPTION DIET hrana mo\u017ee da im pomogne da nastave u\u017eivanje u sre\u0107nom i aktivnom \u017eivotu.<\/p>\n<p>Da li je va\u0161 ljubimac iz bilo kog razloga nezadovoljan ovom hranom? <strong>100% GARANCIJA ZA ZADOVOLJSTVO<\/strong> za kvalitet, doslednost i ukus ili povrat novca.<\/p>\n<p>Za\u0161tititi od vlage. \u010cuvati na hladnom i suvom mestu.<\/p>\n<p>Sve\u017ea voda treba uvek biti dostupna. Obavezno konsultujte veterinara pre prelaska na veterinarske dijete.<\/p>\n<p>Proizvo\u0111a\u010d: Hill\u2019s Pet Nutrition EU Switzerland<br \/>\nZemlja porekla: \u0160vajcarska<\/p>\n\n    <div class=\"xs_social_share_widget xs_share_url after_content \t\tmain_content  wslu-style-1 wslu-share-box-shaped wslu-fill-colored wslu-none wslu-share-horizontal wslu-theme-font-no wslu-main_content\">\n\n\t\t\n        <ul>\n\t\t\t        <\/ul>\n    <\/div>","protected":false},"excerpt":{"rendered":"<p>Hill&#8217;s Prescription Diet k\/d Kidney Care Hrana za Pse 1,5 kg<\/p>","protected":false},"featured_media":34245,"comment_status":"open","ping_status":"closed","template":"","meta":{"_acf_changed":false},"pwb-brand":[916],"product_cat":[705,48,47],"product_tag":[1543,1251],"class_list":{"0":"post-34244","1":"product","2":"type-product","3":"status-publish","4":"has-post-thumbnail","6":"pwb-brand-hills","7":"product_cat-veterinarske-dijete-za-pse","8":"product_cat-hrana-za-pse","9":"product_cat-psi","10":"product_tag-hillsvet","11":"product_tag-veterinarske-dijete","13":"first","14":"instock","15":"taxable","16":"shipping-taxable","17":"purchasable","18":"product-type-simple"},"acf":[],"brands":[{"id":916,"name":"Hills","slug":"hills"}],"_links":{"self":[{"href":"https:\/\/pawz.rs\/en\/wp-json\/wp\/v2\/product\/34244","targetHints":{"allow":["GET"]}}],"collection":[{"href":"https:\/\/pawz.rs\/en\/wp-json\/wp\/v2\/product"}],"about":[{"href":"https:\/\/pawz.rs\/en\/wp-json\/wp\/v2\/types\/product"}],"replies":[{"embeddable":true,"href":"https:\/\/pawz.rs\/en\/wp-json\/wp\/v2\/comments?post=34244"}],"wp:featuredmedia":[{"embeddable":true,"href":"https:\/\/pawz.rs\/en\/wp-json\/wp\/v2\/media\/34245"}],"wp:attachment":[{"href":"https:\/\/pawz.rs\/en\/wp-json\/wp\/v2\/media?parent=34244"}],"wp:term":[{"taxonomy":"pwb-brand","embeddable":true,"href":"https:\/\/pawz.rs\/en\/wp-json\/wp\/v2\/pwb-brand?post=34244"},{"taxonomy":"product_cat","embeddable":true,"href":"https:\/\/pawz.rs\/en\/wp-json\/wp\/v2\/product_cat?post=34244"},{"taxonomy":"product_tag","embeddable":true,"href":"https:\/\/pawz.rs\/en\/wp-json\/wp\/v2\/product_tag?post=34244"}],"curies":[{"name":"wp","href":"https:\/\/api.w.org\/{rel}","templated":true}]}}