{"id":34266,"date":"2025-03-07T18:07:24","date_gmt":"2025-03-07T17:07:24","guid":{"rendered":"https:\/\/pawz.rs\/?post_type=product&#038;p=34266"},"modified":"2026-05-04T19:46:21","modified_gmt":"2026-05-04T17:46:21","slug":"hills-prescription-diet-u-d-urinary-care-hrana-za-pse-4-kg","status":"publish","type":"product","link":"https:\/\/pawz.rs\/en\/hills-prescription-diet-u-d-urinary-care-hrana-za-pse-4-kg\/","title":{"rendered":"Hill&#8217;s Prescription Diet u\/d Urinary Care Hrana za Pse 4 kg"},"content":{"rendered":"<p>Hill&#8217;s PRESCRIPTION DIET u\/d Hrana za Pse<\/p>\n<p>Kompletna suva dijetetska hrana za ku\u0107ne ljubimce za smanjenje pojave uratnog kamenja, smanjenje pojave cistinskog kamenja i smanjenje bakra u jetri kod odraslih pasa. Ova hrana sadr\u017ei umeren nivo sumpornih amino kiselina, nizak nivo purina, nizak nivo proteina, ali visokog kvaliteta, izabran izvor proteina, ograni\u010den nivo bakra, a poseduje i alkalizuju\u0107a svojstva urina.<\/p>\n<p>Psi zahtevaju pravu ravnote\u017eu minerala za odr\u017eavanje dobrog zdravlja be\u0161ike. Vi\u0161ak minerala mo\u017ee da podstakne stvaranje kristala u urinu kod pasa, \u0161to mo\u017ee dovesti do stvaranja kamenaca u be\u0161ici. Potra\u017eite savet veterinara ako va\u0161 pas pokazuje urinarne znakove poput \u010destog mokrenja, krvi u urinu ili druge.<\/p>\n<p>Znakovi upozorenja za zdravlje be\u0161ike zbog kojih bi trebalo da se posavetujete sa veterinarom:<\/p>\n<p>Inkontinencija ili nezgode &#8211;\u00a0Uriniranje na novim ili neobi\u010dnim mestima &#8211;\u00a0\u010cesti poku\u0161aji mokrenja, bez stvaranja puno urina &#8211;\u00a0Naprezanje prilikom mokrenja &#8211;\u00a0Promene u pona\u0161anju poput nemira, bezvoljnosti ili gubitka interesovanja za uobi\u010dajene aktivnosti &#8211;\u00a0Odbijanje jela ili smanjen apetit &#8211;\u00a0Lizanje oko urinarnog otvora<\/p>\n<p><strong>Kako \u0107e ovaj proizvod pomo\u0107i ljubimcu<\/strong>:<\/p>\n<ul>\n<li>Smanjuje gradivne blokove urata i cistinskog kamenja<\/li>\n<li>Smanjuje rizik za ponovnu pojavu urata i cistinskog kamenja<\/li>\n<li>Podr\u017eava zdrav imuni sistem<\/li>\n<\/ul>\n<p><strong>Kako ovaj proizvod deluje<\/strong>:<\/p>\n<ul>\n<li>Kontrolisani nivoi lako svarljivog proteina visokog kvaliteta<\/li>\n<li>Promovi\u0161e po\u017eeljne pH nivoe urina i ima nizak nivo natrijuma<\/li>\n<li>Sadr\u017ei antioksidanse uklju\u010duju\u0107i Vitamin E<\/li>\n<\/ul>\n<p>Va\u017eno je nastaviti hranjenje sa PRESCRIPTION DIET u\/d hranom za pse za pomo\u0107 u odr\u017eavanju zdravlja be\u0161ike va\u0161eg psa, \u010dak i posle pobolj\u0161anja simptoma u vezi sa be\u0161ikom. Posavetujte se sa va\u0161im veterinarom za vi\u0161e informacija o tome kako PRESCRIPTION DIET hrana mo\u017ee da im pomogne da nastave u\u017eivanje u sre\u0107nom i aktivnom \u017eivotu.<\/p>\n<p>Da li je va\u0161 ljubimac iz bilo kog razloga nezadovoljan ovom hranom? <strong>100% GARANCIJA ZA ZADOVOLJSTVO<\/strong> za kvalitet, doslednost i ukus ili povrat novca.<\/p>\n<p>Za\u0161tititi od vlage. \u010cuvati na hladnom i suvom mestu.<\/p>\n<p>Sve\u017ea voda treba uvek biti dostupna. Obavezno konsultujte veterinara pre prelaska na veterinarske dijete.<\/p>\n<p>Proizvo\u0111a\u010d: Hill\u2019s Pet Nutrition EU Switzerland<br \/>\nZemlja porekla: \u0160vajcarska<\/p>\n\n    <div class=\"xs_social_share_widget xs_share_url after_content \t\tmain_content  wslu-style-1 wslu-share-box-shaped wslu-fill-colored wslu-none wslu-share-horizontal wslu-theme-font-no wslu-main_content\">\n\n\t\t\n        <ul>\n\t\t\t        <\/ul>\n    <\/div>","protected":false},"excerpt":{"rendered":"<p>Hill&#8217;s Prescription Diet u\/d Urinary Care Hrana za Pse 4 kg<\/p>","protected":false},"featured_media":34267,"comment_status":"open","ping_status":"closed","template":"","meta":{"_acf_changed":false},"pwb-brand":[916],"product_cat":[705,48,47],"product_tag":[1543,1251],"class_list":{"0":"post-34266","1":"product","2":"type-product","3":"status-publish","4":"has-post-thumbnail","6":"pwb-brand-hills","7":"product_cat-veterinarske-dijete-za-pse","8":"product_cat-hrana-za-pse","9":"product_cat-psi","10":"product_tag-hillsvet","11":"product_tag-veterinarske-dijete","13":"first","14":"instock","15":"taxable","16":"shipping-taxable","17":"purchasable","18":"product-type-simple"},"acf":[],"brands":[{"id":916,"name":"Hills","slug":"hills"}],"_links":{"self":[{"href":"https:\/\/pawz.rs\/en\/wp-json\/wp\/v2\/product\/34266","targetHints":{"allow":["GET"]}}],"collection":[{"href":"https:\/\/pawz.rs\/en\/wp-json\/wp\/v2\/product"}],"about":[{"href":"https:\/\/pawz.rs\/en\/wp-json\/wp\/v2\/types\/product"}],"replies":[{"embeddable":true,"href":"https:\/\/pawz.rs\/en\/wp-json\/wp\/v2\/comments?post=34266"}],"wp:featuredmedia":[{"embeddable":true,"href":"https:\/\/pawz.rs\/en\/wp-json\/wp\/v2\/media\/34267"}],"wp:attachment":[{"href":"https:\/\/pawz.rs\/en\/wp-json\/wp\/v2\/media?parent=34266"}],"wp:term":[{"taxonomy":"pwb-brand","embeddable":true,"href":"https:\/\/pawz.rs\/en\/wp-json\/wp\/v2\/pwb-brand?post=34266"},{"taxonomy":"product_cat","embeddable":true,"href":"https:\/\/pawz.rs\/en\/wp-json\/wp\/v2\/product_cat?post=34266"},{"taxonomy":"product_tag","embeddable":true,"href":"https:\/\/pawz.rs\/en\/wp-json\/wp\/v2\/product_tag?post=34266"}],"curies":[{"name":"wp","href":"https:\/\/api.w.org\/{rel}","templated":true}]}}