{"id":3427,"date":"2023-02-14T21:49:53","date_gmt":"2023-02-14T20:49:53","guid":{"rendered":"https:\/\/pawz.rs\/?post_type=product&#038;p=3427"},"modified":"2023-08-24T12:05:48","modified_gmt":"2023-08-24T10:05:48","slug":"cibau-adult-medium","status":"publish","type":"product","link":"https:\/\/pawz.rs\/en\/cibau-adult-medium\/","title":{"rendered":"CIBAU Adult Medium"},"content":{"rendered":"<p><strong>CIBAU Adult Medium<\/strong><\/p>\n<p>Kompletna, izbalansirana hrana, namenjena odraslim psima.<\/p>\n<p><strong>SASTAV<\/strong><br \/>\nDehidrirano pile\u0107e meso (28%), pirina\u010d (28%), kukuruz (26%), pile\u0107a mast (6%), dehidrirana riba, suva pulpa cvekle (4%), riblje ulje (2%), biljno ulje (1%), natrijum hlorid, suvi pivski kvasac (0,3%).<\/p>\n<p><strong>NUTRITIVNI SASTOJCI ADITIVI PO KG<\/strong><br \/>\nHranljivi dodaci: vitamin A 10000 IJ; vitamin D3 1000 IJ; vitamin E 100 mg; vitamin C 100 mg; nijacin 25 mg; pantotenska kiselina 10 mg; vitamin B2 5 mg; vitamin B6 4 mg; vitamin B1 3 mg; vitamin H 0,25 mg; folna kiselina 0,30 mg; vitamin B12 0,04 mg; holin hlorid 1500 mg; cink oksid 108 mg; cink sulfat monohidrat 120 mg; mangan sulfat monohidrat 150 mg; gvo\u017e\u0111e sulfat monohidrat 44 mg; gvo\u017e\u0111e karbonat 60 mg; bakar sulfat pentahidrat 50 mg; bezvodni kalcijum jodat 2,4 mg; natrijum selenit 0,22 mg; DL-metionin 1500 mg.<\/p>\n<p><strong>ANALITI\u010cKI SASTAV<\/strong><br \/>\nSirovi proteini 25%; sirove masti i ulja 12%; sirova vlakna 2%; sirovi pepeo 6,5%; kalcijum 1,2%; fosfor 0,9%.<\/p>\n<p><strong>ENERGETSKA VREDNOST<\/strong><br \/>\nEM Kcal\/Kg 3540 &#8211; Mj\/Kg 14,81<\/p>\n<p>Serve food in dry form with available fresh water.<br \/>\nFor your pet&#039;s health, consult a veterinarian regularly.<\/p>\n<p>Store the product in a dry, dark and cool place.<\/p>\n<p>Proizvo\u0111a\u010d: Farmina Pet Foods, In\u0111ija, Srbija<br \/>\nZemlja porekla: Srbija<\/p>\n\n    <div class=\"xs_social_share_widget xs_share_url after_content \t\tmain_content  wslu-style-1 wslu-share-box-shaped wslu-fill-colored wslu-none wslu-share-horizontal wslu-theme-font-no wslu-main_content\">\n\n\t\t\n        <ul>\n\t\t\t        <\/ul>\n    <\/div>","protected":false},"excerpt":{"rendered":"<p>CIBAU Adult Medium &#8211; Kompletna, izbalansirana hrana, namenjena odraslim psima.<\/p>","protected":false},"featured_media":3430,"comment_status":"open","ping_status":"closed","template":"","meta":{"_acf_changed":false},"pwb-brand":[304],"product_cat":[49,47,48],"product_tag":[],"class_list":{"0":"post-3427","1":"product","2":"type-product","3":"status-publish","4":"has-post-thumbnail","6":"pwb-brand-cibau-hrana-za-pse","7":"product_cat-granule-za-pse","8":"product_cat-psi","9":"product_cat-hrana-za-pse","11":"first","12":"instock","13":"taxable","14":"shipping-taxable","15":"purchasable","16":"product-type-variable","17":"has-default-attributes"},"acf":[],"brands":[{"id":304,"name":"Cibau","slug":"cibau-hrana-za-pse"}],"_links":{"self":[{"href":"https:\/\/pawz.rs\/en\/wp-json\/wp\/v2\/product\/3427","targetHints":{"allow":["GET"]}}],"collection":[{"href":"https:\/\/pawz.rs\/en\/wp-json\/wp\/v2\/product"}],"about":[{"href":"https:\/\/pawz.rs\/en\/wp-json\/wp\/v2\/types\/product"}],"replies":[{"embeddable":true,"href":"https:\/\/pawz.rs\/en\/wp-json\/wp\/v2\/comments?post=3427"}],"wp:featuredmedia":[{"embeddable":true,"href":"https:\/\/pawz.rs\/en\/wp-json\/wp\/v2\/media\/3430"}],"wp:attachment":[{"href":"https:\/\/pawz.rs\/en\/wp-json\/wp\/v2\/media?parent=3427"}],"wp:term":[{"taxonomy":"pwb-brand","embeddable":true,"href":"https:\/\/pawz.rs\/en\/wp-json\/wp\/v2\/pwb-brand?post=3427"},{"taxonomy":"product_cat","embeddable":true,"href":"https:\/\/pawz.rs\/en\/wp-json\/wp\/v2\/product_cat?post=3427"},{"taxonomy":"product_tag","embeddable":true,"href":"https:\/\/pawz.rs\/en\/wp-json\/wp\/v2\/product_tag?post=3427"}],"curies":[{"name":"wp","href":"https:\/\/api.w.org\/{rel}","templated":true}]}}