{"id":34291,"date":"2025-03-07T18:07:24","date_gmt":"2025-03-07T17:07:24","guid":{"rendered":"https:\/\/pawz.rs\/?post_type=product&#038;p=34291"},"modified":"2026-05-04T19:46:28","modified_gmt":"2026-05-04T17:46:28","slug":"hills-prescription-diet-i-d-low-fat-digestive-care-hrana-za-pse-sa-piletinom-12-kg","status":"publish","type":"product","link":"https:\/\/pawz.rs\/en\/hills-prescription-diet-i-d-low-fat-digestive-care-hrana-za-pse-sa-piletinom-12-kg\/","title":{"rendered":"Hill&#8217;s Prescription Diet i\/d Low Fat Digestive Care Hrana za Pse sa Piletinom 12 kg"},"content":{"rendered":"<p>Hill&#8217;s PRESCRIPTION DIET i\/d Low Fat Hrana za Pse sa Piletinom<\/p>\n<p>Izuzetno svarljiva kompletna dijetetska hrana za ljubimce za redukciju poreme\u0107aja apsorpcije creva, kompenzaciju lo\u0161eg varenja i egzokrine insuficijencije pankreasa kod odraslih pasa. Ova hrana ima pove\u0107ane nivoe natrijuma i kalijuma i izuzetno svarljive sastojke.<\/p>\n<p>i\/d Low Fat suva hrana za pse je sjajnog ukusa, izuzetno svarljiva hrana sa niskim sadr\u017eajem mesti kojom se poma\u017ee psima sa slo\u017eenim poreme\u0107ajima reakcije na masti (poput pankreatitisa i hiperlipidemije). Posebno je formulisana za pse koji zahtevaju izuzetno lako svarljivu hranu sa niskim sadr\u017eajem masti i dokazano spu\u0161ta trigliceride u serumu, kod ljubimaca sa hipertrigliceridemijom (faktor rizika za pankreatitis).<\/p>\n<p>Sa Hill\u2019s vlasni\u010dkom <strong>ActivBiome+ tehnologijom sastojak<\/strong>a, klini\u010dki je dokazano da brzo neguje mikrobiomu creva za podr\u0161ku digestivnog zdravlja i blagostanja. .<\/p>\n<p><strong>Kako \u0107e ovaj proizvod pomo\u0107i ljubimcu<\/strong>:<\/p>\n<ul>\n<li>Poma\u017ee u pobolj\u0161anju varenja, apsorpciji hranljivih materija<\/li>\n<li>Podsti\u010de aktivnost korisnih bakterija u crevima i pobolj\u0161ava kvalitet stolice<\/li>\n<li>Podsti\u010de zdrav imuni sistem<\/li>\n<\/ul>\n<p><strong>Kako ovaj proizvod deluje<\/strong>:<\/p>\n<ul>\n<li>Izuzetno lako svarljivo i sa niskim sadr\u017eajem masti<\/li>\n<li>Jedinstvena me\u0161avina prebiotika i \u0111umbira<\/li>\n<li>Oboga\u0107eno klini\u010dki dokazanim antioksidansima i omega-3 masnim kiselinama<\/li>\n<\/ul>\n<p><strong>Primarne indikacije<\/strong>:<\/p>\n<ul>\n<li>Pankreatitis &#8211; Hiperlipidemija<\/li>\n<li>Egzokrina pankreatska insuficijencija (EPI)<\/li>\n<li>Enteropatija sa gubitkom proteina (PLE) sa limfangiektazijom<\/li>\n<li>Ka\u0161ingov sindrom<\/li>\n<li>Dijabetes sa hiperlipidemijom ili pankreatitisom<\/li>\n<\/ul>\n<p>Za\u0161tititi od vlage. \u010cuvati na hladnom i suvom mestu.<\/p>\n<p>100% garancija na zadovoljstvo *Da li je va\u0161 ljubimac iz bilo kog razloga nezadovoljan ovom hranom? 100% GARANCIJA ZA ZADOVOLJSTVO za kvalitet, doslednost i ukus ili povrat novca.<\/p>\n<p>Sve\u017ea voda treba uvek biti dostupna. Obavezno konsultujte veterinara pre prelaska na veterinarske dijete.<\/p>\n<p>Proizvo\u0111a\u010d: Hill\u2019s Pet Nutrition EU Switzerland<br \/>\nZemlja porekla: \u0160vajcarska<\/p>\n\n    <div class=\"xs_social_share_widget xs_share_url after_content \t\tmain_content  wslu-style-1 wslu-share-box-shaped wslu-fill-colored wslu-none wslu-share-horizontal wslu-theme-font-no wslu-main_content\">\n\n\t\t\n        <ul>\n\t\t\t        <\/ul>\n    <\/div>","protected":false},"excerpt":{"rendered":"<p>Hill&#8217;s Prescription Diet i\/d Low Fat Digestive Care Hrana za Pse sa Piletinom 12 kg<\/p>","protected":false},"featured_media":34292,"comment_status":"open","ping_status":"closed","template":"","meta":{"_acf_changed":false},"pwb-brand":[916],"product_cat":[705,48,47],"product_tag":[1543,1251],"class_list":{"0":"post-34291","1":"product","2":"type-product","3":"status-publish","4":"has-post-thumbnail","6":"pwb-brand-hills","7":"product_cat-veterinarske-dijete-za-pse","8":"product_cat-hrana-za-pse","9":"product_cat-psi","10":"product_tag-hillsvet","11":"product_tag-veterinarske-dijete","13":"first","14":"instock","15":"taxable","16":"shipping-taxable","17":"purchasable","18":"product-type-simple"},"acf":[],"brands":[{"id":916,"name":"Hills","slug":"hills"}],"_links":{"self":[{"href":"https:\/\/pawz.rs\/en\/wp-json\/wp\/v2\/product\/34291","targetHints":{"allow":["GET"]}}],"collection":[{"href":"https:\/\/pawz.rs\/en\/wp-json\/wp\/v2\/product"}],"about":[{"href":"https:\/\/pawz.rs\/en\/wp-json\/wp\/v2\/types\/product"}],"replies":[{"embeddable":true,"href":"https:\/\/pawz.rs\/en\/wp-json\/wp\/v2\/comments?post=34291"}],"wp:featuredmedia":[{"embeddable":true,"href":"https:\/\/pawz.rs\/en\/wp-json\/wp\/v2\/media\/34292"}],"wp:attachment":[{"href":"https:\/\/pawz.rs\/en\/wp-json\/wp\/v2\/media?parent=34291"}],"wp:term":[{"taxonomy":"pwb-brand","embeddable":true,"href":"https:\/\/pawz.rs\/en\/wp-json\/wp\/v2\/pwb-brand?post=34291"},{"taxonomy":"product_cat","embeddable":true,"href":"https:\/\/pawz.rs\/en\/wp-json\/wp\/v2\/product_cat?post=34291"},{"taxonomy":"product_tag","embeddable":true,"href":"https:\/\/pawz.rs\/en\/wp-json\/wp\/v2\/product_tag?post=34291"}],"curies":[{"name":"wp","href":"https:\/\/api.w.org\/{rel}","templated":true}]}}