{"id":34298,"date":"2025-03-07T18:07:24","date_gmt":"2025-03-07T17:07:24","guid":{"rendered":"https:\/\/pawz.rs\/?post_type=product&#038;p=34298"},"modified":"2026-05-04T19:46:29","modified_gmt":"2026-05-04T17:46:29","slug":"hills-prescription-diet-l-d-liver-care-hrana-za-pse-10-kg","status":"publish","type":"product","link":"https:\/\/pawz.rs\/en\/hills-prescription-diet-l-d-liver-care-hrana-za-pse-10-kg\/","title":{"rendered":"Hill&#8217;s Prescription Diet l\/d Liver Care Hrana za Pse 10 kg"},"content":{"rendered":"<p>Hill&#8217;s PRESCRIPTION DIET l\/d Hrana za Pse<\/p>\n<p>Kompletna dijetetska hrana za ku\u0107ne ljubimce koja pru\u017ea podr\u0161ku funkciji jetre u slu\u010dajevima hroni\u010dne insuficijencije jetre i radi smanjenja bakra u jetri kod odraslih pasa. Ova hrana ima umeren nivo izabranog i izuzetno svarljivog proteina i ograni\u010den nivo bakra.<\/p>\n<p>Jetra va\u0161eg psa je najve\u0107i unutra\u0161nji organ sa mno\u0161tvom funkcija, uklju\u010duju\u0107i metabolizam hranljivih materija, uklanjanje toksi\u010dnih materija iz krvi i skladi\u0161tenje vitamina i minerala. Jetra ima neverovatnu mogu\u0107nost samostalnog oporavka i regeneracije, a ishrana igra vitalnu ulogu u ovom procesu. Hill&#8217;s nutricionisti i veterinari su razvili Prescription Diet l\/d, klini\u010dku ishranu za podr\u0161ku zdravlja jetre i pomo\u0107 pri za\u0161titi vitalne funkcije jetre.<\/p>\n<p><strong>Kako \u0107e ovaj proizvod pomo\u0107i ljubimcu<\/strong>:<\/p>\n<ul>\n<li>Poma\u017ee da se tkivo jetre samo oporavi<\/li>\n<li>Poma\u017ee u izbegavanju nutritivnih nedostataka i vi\u0161kova povezanih sa problemima sa jetrom<\/li>\n<li>Podr\u017eava zdrav imuni sistem<\/li>\n<li><strong>S+OXSHIELD<\/strong>: Formulisana da podsti\u010de urinarnu sredinu koja smanjuje opasnost od razvoja struvitnih i kalcijum oksalatnih kristala<\/li>\n<\/ul>\n<p><strong>Kako ovaj proizvod deluje<\/strong>:<\/p>\n<ul>\n<li>Kontrolisan nivo lako svarljivog proteina<\/li>\n<li>Nizak nivo bakra za smanjenje talo\u017eenja u jetri<\/li>\n<li>Klini\u010dki dokazani antioksidanti<\/li>\n<\/ul>\n<p><strong>Primarne indikacije<\/strong>:<\/p>\n<ul>\n<li>Ascita i edem povezani sa poreme\u0107ajima jetre<\/li>\n<li>Bolest skladi\u0161tenja bakra<\/li>\n<li>Op\u0161ti poremec\u0301aji jetre<\/li>\n<li>Hepati\u010dna encefalopatija<\/li>\n<li>Portosistemski \u0161ant<\/li>\n<li>Insulinom<\/li>\n<\/ul>\n<p>Za\u0161tititi od vlage. \u010cuvati na hladnom i suvom mestu.<\/p>\n<p>*Da li je va\u0161 ljubimac iz bilo kog razloga nezadovoljan ovom hranom?<\/p>\n<p><strong>100% GARANCIJA ZA ZADOVOLJSTVO<\/strong> za kvalitet, doslednost i ukus ili povrat novca.<\/p>\n<p>Sve\u017ea voda treba uvek biti dostupna. Obavezno konsultujte veterinara pre prelaska na veterinarske dijete.<\/p>\n<p>Proizvo\u0111a\u010d: Hill\u2019s Pet Nutrition EU Switzerland<br \/>\nZemlja porekla: \u0160vajcarska<\/p>\n\n    <div class=\"xs_social_share_widget xs_share_url after_content \t\tmain_content  wslu-style-1 wslu-share-box-shaped wslu-fill-colored wslu-none wslu-share-horizontal wslu-theme-font-no wslu-main_content\">\n\n\t\t\n        <ul>\n\t\t\t        <\/ul>\n    <\/div>","protected":false},"excerpt":{"rendered":"<p>Hill&#8217;s Prescription Diet l\/d Liver Care Hrana za Pse 10 kg<\/p>","protected":false},"featured_media":34064,"comment_status":"open","ping_status":"closed","template":"","meta":{"_acf_changed":false},"pwb-brand":[916],"product_cat":[705,48,47],"product_tag":[1543,1251],"class_list":{"0":"post-34298","1":"product","2":"type-product","3":"status-publish","4":"has-post-thumbnail","6":"pwb-brand-hills","7":"product_cat-veterinarske-dijete-za-pse","8":"product_cat-hrana-za-pse","9":"product_cat-psi","10":"product_tag-hillsvet","11":"product_tag-veterinarske-dijete","13":"first","14":"instock","15":"taxable","16":"shipping-taxable","17":"purchasable","18":"product-type-simple"},"acf":[],"brands":[{"id":916,"name":"Hills","slug":"hills"}],"_links":{"self":[{"href":"https:\/\/pawz.rs\/en\/wp-json\/wp\/v2\/product\/34298","targetHints":{"allow":["GET"]}}],"collection":[{"href":"https:\/\/pawz.rs\/en\/wp-json\/wp\/v2\/product"}],"about":[{"href":"https:\/\/pawz.rs\/en\/wp-json\/wp\/v2\/types\/product"}],"replies":[{"embeddable":true,"href":"https:\/\/pawz.rs\/en\/wp-json\/wp\/v2\/comments?post=34298"}],"wp:featuredmedia":[{"embeddable":true,"href":"https:\/\/pawz.rs\/en\/wp-json\/wp\/v2\/media\/34064"}],"wp:attachment":[{"href":"https:\/\/pawz.rs\/en\/wp-json\/wp\/v2\/media?parent=34298"}],"wp:term":[{"taxonomy":"pwb-brand","embeddable":true,"href":"https:\/\/pawz.rs\/en\/wp-json\/wp\/v2\/pwb-brand?post=34298"},{"taxonomy":"product_cat","embeddable":true,"href":"https:\/\/pawz.rs\/en\/wp-json\/wp\/v2\/product_cat?post=34298"},{"taxonomy":"product_tag","embeddable":true,"href":"https:\/\/pawz.rs\/en\/wp-json\/wp\/v2\/product_tag?post=34298"}],"curies":[{"name":"wp","href":"https:\/\/api.w.org\/{rel}","templated":true}]}}