{"id":34300,"date":"2025-03-07T18:07:24","date_gmt":"2025-03-07T17:07:24","guid":{"rendered":"https:\/\/pawz.rs\/?post_type=product&#038;p=34300"},"modified":"2026-04-05T23:18:53","modified_gmt":"2026-04-05T21:18:53","slug":"hills-prescription-diet-j-d-mobility-hrana-za-pse-10-kg","status":"publish","type":"product","link":"https:\/\/pawz.rs\/en\/hills-prescription-diet-j-d-mobility-hrana-za-pse-10-kg\/","title":{"rendered":"Hill&#8217;s Prescription Diet j\/d Mobility Hrana za Pse 10 kg"},"content":{"rendered":"<p>Hill&#8217;s PRESCRIPTION DIET j\/d Hrana za Pse<\/p>\n<p>Kompletna dijetetska hrana za ku\u0107ne ljubimce koja pru\u017ea podr\u0161ku metabolizmu zglobova u slu\u010dajevima osteoartritisa i za podr\u0161ku funkcije srca u slu\u010dajevima hroni\u010dne sr\u010dane insuficijencije kod odraslih pasa. Ova hrana ima visok nivo EPA, ukupnih omega-3 masnih kiselina i vitamina E, kao i ograni\u010den nivo natrijuma.<\/p>\n<p>Klini\u010dki je dokazano da ishrana pobolj\u0161ava pokretljivost kod pasa za samo 21 dana. Podr\u017eava sposobnost va\u0161eg psa da tr\u010di, hoda i ska\u010de.<\/p>\n<p>Dopunite svoj protokol sa Hill&#8217;s Prescription Diet j\/d suvom hranom. Rana detekcija osteoartritisa i zapo\u010dinjanje multimodalnog le\u010denja uklju\u010dujuc\u0301i Hill&#8217;s Prescription Diet j\/d i NSAID pre mogu smanjiti nelagodnost i povec\u0301ati kvalitet \u017eivota.<\/p>\n<p><strong>Kako \u0107e ovaj proizvod pomo\u0107i ljubimcu<\/strong>:<\/p>\n<ul>\n<li>Za pomo\u0107 u odr\u017eavanju hrskavice zgloba<\/li>\n<li>Poma\u017ee u odr\u017eavanju mi\u0161i\u0107ne mase<\/li>\n<li>Poma\u017eu u podr\u0161ku zdravog imunog sistema<\/li>\n<li><strong>S+OXSHIELD<\/strong>: Formulisana da promovi\u0161e urinarnu sredinu koja smanjuje opasnost od razvoja struvitnih i kalcijum oksalatnih kristala<\/li>\n<\/ul>\n<p><strong>Kako ovaj proizvod deluje<\/strong>:<\/p>\n<ul>\n<li>Oboga\u0107ena sa omega-3 masnim kiselinama iz ribljeg ulja, glukozaminom i hondroitinom sulfatom<\/li>\n<li>Dodat L-karnitin<\/li>\n<li>Klini\u010dki dokazani antioksidanti<\/li>\n<\/ul>\n<p><strong>Primarne indikacije<\/strong>:<\/p>\n<ul>\n<li>Osteoartritis<\/li>\n<li>Blage do umerene faze bolesti srca, uklju\u010duju\u0107i asimptomatske bolesti<\/li>\n<li>Napredne faze bolesti srca, uklju\u010duju\u0107i ascites ili edem od sr\u010dane insuficijencije<\/li>\n<li>Bolest sr\u010danog crva<\/li>\n<li>Primarna hipertenzija<\/li>\n<\/ul>\n<p>Za\u0161tititi od vlage. \u010cuvati na hladnom i suvom mestu<\/p>\n<p>100% garancija na zadovoljstvo *Da li je va\u0161 ljubimac iz bilo kog razloga nezadovoljan ovom hranom? 100% GARANCIJA ZA ZADOVOLJSTVO za kvalitet, doslednost i ukus ili povrat novca.<\/p>\n<p>Sve\u017ea voda treba uvek biti dostupna. Obavezno konsultujte veterinara pre prelaska na veterinarske dijete.<\/p>\n<p>Proizvo\u0111a\u010d: Hill\u2019s Pet Nutrition EU Switzerland<br \/>\nZemlja porekla: \u0160vajcarska<\/p>\n\n    <div class=\"xs_social_share_widget xs_share_url after_content \t\tmain_content  wslu-style-1 wslu-share-box-shaped wslu-fill-colored wslu-none wslu-share-horizontal wslu-theme-font-no wslu-main_content\">\n\n\t\t\n        <ul>\n\t\t\t        <\/ul>\n    <\/div>","protected":false},"excerpt":{"rendered":"<p>Hill&#8217;s Prescription Diet j\/d Mobility Hrana za Pse 10 kg<\/p>","protected":false},"featured_media":34046,"comment_status":"open","ping_status":"closed","template":"","meta":{"_acf_changed":false},"pwb-brand":[916],"product_cat":[705,48,47],"product_tag":[1543,1251],"class_list":{"0":"post-34300","1":"product","2":"type-product","3":"status-publish","4":"has-post-thumbnail","6":"pwb-brand-hills","7":"product_cat-veterinarske-dijete-za-pse","8":"product_cat-hrana-za-pse","9":"product_cat-psi","10":"product_tag-hillsvet","11":"product_tag-veterinarske-dijete","13":"first","14":"outofstock","15":"taxable","16":"shipping-taxable","17":"purchasable","18":"product-type-simple"},"acf":[],"brands":[{"id":916,"name":"Hills","slug":"hills"}],"_links":{"self":[{"href":"https:\/\/pawz.rs\/en\/wp-json\/wp\/v2\/product\/34300","targetHints":{"allow":["GET"]}}],"collection":[{"href":"https:\/\/pawz.rs\/en\/wp-json\/wp\/v2\/product"}],"about":[{"href":"https:\/\/pawz.rs\/en\/wp-json\/wp\/v2\/types\/product"}],"replies":[{"embeddable":true,"href":"https:\/\/pawz.rs\/en\/wp-json\/wp\/v2\/comments?post=34300"}],"wp:featuredmedia":[{"embeddable":true,"href":"https:\/\/pawz.rs\/en\/wp-json\/wp\/v2\/media\/34046"}],"wp:attachment":[{"href":"https:\/\/pawz.rs\/en\/wp-json\/wp\/v2\/media?parent=34300"}],"wp:term":[{"taxonomy":"pwb-brand","embeddable":true,"href":"https:\/\/pawz.rs\/en\/wp-json\/wp\/v2\/pwb-brand?post=34300"},{"taxonomy":"product_cat","embeddable":true,"href":"https:\/\/pawz.rs\/en\/wp-json\/wp\/v2\/product_cat?post=34300"},{"taxonomy":"product_tag","embeddable":true,"href":"https:\/\/pawz.rs\/en\/wp-json\/wp\/v2\/product_tag?post=34300"}],"curies":[{"name":"wp","href":"https:\/\/api.w.org\/{rel}","templated":true}]}}