{"id":34323,"date":"2024-10-26T15:19:22","date_gmt":"2024-10-26T13:19:22","guid":{"rendered":"https:\/\/pawz.rs\/?post_type=product&#038;p=34323"},"modified":"2026-01-23T09:49:00","modified_gmt":"2026-01-23T08:49:00","slug":"hills-prescription-diet-dog-b-d-12kg","status":"publish","type":"product","link":"https:\/\/pawz.rs\/en\/hills-prescription-diet-dog-b-d-12kg\/","title":{"rendered":"Hill&#8217;s Prescription Diet Dog B\/D 12kg"},"content":{"rendered":"<p>Hill&#8217;s PRESCRIPTION DIET b\/d Hrana za Pse sa Piletinom<\/p>\n<p>Kompletna suva hrana za ku\u0107ne ljubimce za starije pse kojima je potrebna nega za mozak tokom starenja.<\/p>\n<p>Kako psi stare, mnogi mogu po\u010deti da prikazuju ne\u017eeljeno pona\u0161anje poput prljanja ku\u0107e, poreme\u0107eni \u0161abloni spavanja, zaboravnost, pa \u010dak i smanjenje dru\u0161tvene interakcije. Ove promene u pona\u0161anju su \u010desto iznena\u0111uju\u0107e i iznena\u0111uju\u0107e za njihove vlasnike. Ali pomo\u0107 va\u0161em psu mo\u017ee biti jednostavno koliko i davanje prave ishrane rano i dosledno.<\/p>\n<p><strong>Hill&#8217;s Prescription Diet b\/d suva hrana za pse<\/strong> je klini\u010dki dokazana ishrana koja poma\u017ee utvr\u0111ivanju njihovog mozga protiv efekata opadanja sposobnosti sa godinama i pobolj\u0161anje pona\u0161anja kod starijih pasa.<\/p>\n<p>Hill&#8217;s nutricionisti i veterinari su razvili b\/d hranu za pse sa ekskluzivnom me\u0161avinom antioksidanasa i drugih hranljivih materija koje poma\u017eu u pobolj\u0161anju ovog pona\u0161anja prouzrokovanog starenjem. <strong>Prescription Diet b\/d<\/strong> poma\u017ee u pobolj\u0161anju ovog pona\u0161anja i osna\u017euje njihov mozak protiv efekata propadanja usled starosti.<\/p>\n<p><strong>Kako \u0107e ovaj proizvod pomo\u0107i ljubimcu<\/strong>:<\/p>\n<ul>\n<li>Poma\u017ee psima da bolje spavaju i smanjuje pojavu nezgoda po ku\u0107i.<\/li>\n<li>Poma\u017ee u odr\u017eavanju zdrave funkcije srca i bubrega<\/li>\n<li>Pobolj\u0161ava dru\u0161tvenu interakciju kod starijih pasa<\/li>\n<li><strong>S+OXSHIELD<\/strong>: Formulisana da podsti\u010de urinarnu sredinu koja smanjuje opasnost od razvoja struvitnih i kalcijum oksalatnih kristala<\/li>\n<\/ul>\n<p><strong>Kako ovaj proizvod deluje<\/strong>:<\/p>\n<ul>\n<li>Visoki nivoi omega-3 masnih kiselina kao podr\u0161ka zdravlju mozga<\/li>\n<li>Odgovaraju\u0107i nivoi proteina, fosfora i natrijuma<\/li>\n<li>Klini\u010dki dokazani antioksidansi plus dodato vo\u0107e i povr\u0107e<\/li>\n<\/ul>\n<p>Za\u0161tititi od vlage. \u010cuvati na hladnom i suvom mestu.<\/p>\n<p>100% garancija na zadovoljstvo *Da li je va\u0161 ljubimac iz bilo kog razloga nezadovoljan ovom hranom? 100% GARANCIJA ZA ZADOVOLJSTVO za kvalitet, doslednost i ukus ili povrat novca.<\/p>\n<p>Sve\u017ea voda treba uvek biti dostupna. Obavezno konsultujte veterinara pre prelaska na veterinarske dijete.<\/p>\n<p>Proizvo\u0111a\u010d: Hill\u2019s Pet Nutrition EU Switzerland<br \/>\nZemlja porekla: \u0160vajcarska<\/p>\n\n    <div class=\"xs_social_share_widget xs_share_url after_content \t\tmain_content  wslu-style-1 wslu-share-box-shaped wslu-fill-colored wslu-none wslu-share-horizontal wslu-theme-font-no wslu-main_content\">\n\n\t\t\n        <ul>\n\t\t\t        <\/ul>\n    <\/div>","protected":false},"excerpt":{"rendered":"<p>Hill&#8217;s Prescription Diet Dog B\/D 12kg<\/p>","protected":false},"featured_media":34324,"comment_status":"open","ping_status":"closed","template":"","meta":{"_acf_changed":false},"pwb-brand":[916],"product_cat":[705,48,47],"product_tag":[1543,1251],"class_list":{"0":"post-34323","1":"product","2":"type-product","3":"status-publish","4":"has-post-thumbnail","6":"pwb-brand-hills","7":"product_cat-veterinarske-dijete-za-pse","8":"product_cat-hrana-za-pse","9":"product_cat-psi","10":"product_tag-hillsvet","11":"product_tag-veterinarske-dijete","13":"first","14":"outofstock","15":"taxable","16":"shipping-taxable","17":"purchasable","18":"product-type-simple"},"acf":[],"brands":[{"id":916,"name":"Hills","slug":"hills"}],"_links":{"self":[{"href":"https:\/\/pawz.rs\/en\/wp-json\/wp\/v2\/product\/34323","targetHints":{"allow":["GET"]}}],"collection":[{"href":"https:\/\/pawz.rs\/en\/wp-json\/wp\/v2\/product"}],"about":[{"href":"https:\/\/pawz.rs\/en\/wp-json\/wp\/v2\/types\/product"}],"replies":[{"embeddable":true,"href":"https:\/\/pawz.rs\/en\/wp-json\/wp\/v2\/comments?post=34323"}],"wp:featuredmedia":[{"embeddable":true,"href":"https:\/\/pawz.rs\/en\/wp-json\/wp\/v2\/media\/34324"}],"wp:attachment":[{"href":"https:\/\/pawz.rs\/en\/wp-json\/wp\/v2\/media?parent=34323"}],"wp:term":[{"taxonomy":"pwb-brand","embeddable":true,"href":"https:\/\/pawz.rs\/en\/wp-json\/wp\/v2\/pwb-brand?post=34323"},{"taxonomy":"product_cat","embeddable":true,"href":"https:\/\/pawz.rs\/en\/wp-json\/wp\/v2\/product_cat?post=34323"},{"taxonomy":"product_tag","embeddable":true,"href":"https:\/\/pawz.rs\/en\/wp-json\/wp\/v2\/product_tag?post=34323"}],"curies":[{"name":"wp","href":"https:\/\/api.w.org\/{rel}","templated":true}]}}