{"id":34329,"date":"2025-03-07T18:07:24","date_gmt":"2025-03-07T17:07:24","guid":{"rendered":"https:\/\/pawz.rs\/?post_type=product&#038;p=34329"},"modified":"2026-05-04T19:46:34","modified_gmt":"2026-05-04T17:46:34","slug":"hills-prescription-diet-c-d-multicare-urinary-care-hrana-za-pse-sa-piletinom-4-kg","status":"publish","type":"product","link":"https:\/\/pawz.rs\/en\/hills-prescription-diet-c-d-multicare-urinary-care-hrana-za-pse-sa-piletinom-4-kg\/","title":{"rendered":"Hill&#8217;s Prescription Diet c\/d Multicare Urinary Care Hrana za Pse sa Piletinom 4 kg"},"content":{"rendered":"<p>Kompletna dijetetska hrana za pse za smanjenje ponovne pojave struvitnih kamenaca, za rastvaranje struvitnog kamenja i za smanjenje pojave oksalatnog kamenja kod odraslih pasa. Ova hrana ima svojstva smanjenja zasi\u0107enosti urina za struvite, svojstva alkalizacije urina i niske nivoe magnezijuma, kalcijuma i vitamina D.<\/p>\n<p>Formulisana za podr\u0161ku urinarnog zdravlja va\u0161eg psa. To je hrana za pse koja \u0161titi urinarni trakt razvijena za smanjenje rizika kamenaca struvita i oksalata kod pasa. Ova suva hrana za pse je proizvodena sa piletinom i ima odli\u010dan ukus koji \u0107e va\u0161 pas voleti.<\/p>\n<p>Kamen u be\u0161ici je kolekcija mineralnih kristala koji se kombinuju zajedno u urinarnom traktu. On mo\u017ee prouzrokovati nelagodnost i dovesti do ozbiljnijih problema koji zahtevaju negu veterinara.<\/p>\n<p><strong>Kako \u0107e ovaj proizvod pomo\u0107i ljubimcu<\/strong>:<\/p>\n<ul>\n<li>Formulisana za rastvaranje struvitnih kamenja i za sni\u017eavanje opasnosti od ponovne pojave<\/li>\n<li>Smanjuje opasnost od formiranja i ponovne pojave kalcijum oksalatnog kamenja<\/li>\n<li>Poma\u017ee u odr\u017eavanju zdrave be\u0161ike<\/li>\n<li><strong>S+OXSHIELD<\/strong>: Formulisana da podsti\u010de urinarnu sredinu koja smanjuje opasnost od razvoja struvitnih i kalcijum oksalatnih kristala<\/li>\n<\/ul>\n<p><strong>Kako ovaj proizvod deluje<\/strong>:<\/p>\n<ul>\n<li>Poma\u017ee u smanjivanju koncentracije gradivnih blokova kamena u be\u0161ici<\/li>\n<li>Kontrolisan kalcijum i natrijum, kao i dodat kalijum citrat<\/li>\n<li>Oboga\u0107ena sa omega-3 masnim kiselinama iz ribljeg ulja za podr\u0161ku zdravlja urinarnog trakta<\/li>\n<\/ul>\n<p><strong>Primarne indikacije<\/strong>:<\/p>\n<ul>\n<li>Kalcijum oksalata urolitijaza, smanjuje ponovnu pojavu<\/li>\n<li>Urolitijaza kalcijum-fosfata, smanjuje ponovnu pojavu<\/li>\n<li>Struvitna urolitijaza, smanjuje ponovnu pojavu<\/li>\n<li>Rastvaranje struvita<\/li>\n<\/ul>\n<p>Za\u0161tititi od vlage. \u010cuvati na hladnom i suvom mestu.<\/p>\n<p>100% garancija na zadovoljstvo *Da li je va\u0161 ljubimac iz bilo kog razloga nezadovoljan ovom hranom? 100% GARANCIJA ZA ZADOVOLJSTVO za kvalitet, doslednost i ukus ili povrat novca.<\/p>\n<p>Sve\u017ea voda treba uvek biti dostupna. Obavezno konsultujte veterinara pre prelaska na veterinarske dijete.<\/p>\n<p>Proizvo\u0111a\u010d: Hill\u2019s Pet Nutrition EU Switzerland<br \/>\nZemlja porekla: \u0160vajcarska<\/p>\n\n    <div class=\"xs_social_share_widget xs_share_url after_content \t\tmain_content  wslu-style-1 wslu-share-box-shaped wslu-fill-colored wslu-none wslu-share-horizontal wslu-theme-font-no wslu-main_content\">\n\n\t\t\n        <ul>\n\t\t\t        <\/ul>\n    <\/div>","protected":false},"excerpt":{"rendered":"<p>Hill&#8217;s Prescription Diet c\/d Multicare Urinary Care Hrana za Pse sa Piletinom 4 kg<\/p>","protected":false},"featured_media":34286,"comment_status":"open","ping_status":"closed","template":"","meta":{"_acf_changed":false},"pwb-brand":[916],"product_cat":[705,48,47],"product_tag":[1543,1251],"class_list":{"0":"post-34329","1":"product","2":"type-product","3":"status-publish","4":"has-post-thumbnail","6":"pwb-brand-hills","7":"product_cat-veterinarske-dijete-za-pse","8":"product_cat-hrana-za-pse","9":"product_cat-psi","10":"product_tag-hillsvet","11":"product_tag-veterinarske-dijete","13":"first","14":"instock","15":"taxable","16":"shipping-taxable","17":"purchasable","18":"product-type-simple"},"acf":[],"brands":[{"id":916,"name":"Hills","slug":"hills"}],"_links":{"self":[{"href":"https:\/\/pawz.rs\/en\/wp-json\/wp\/v2\/product\/34329","targetHints":{"allow":["GET"]}}],"collection":[{"href":"https:\/\/pawz.rs\/en\/wp-json\/wp\/v2\/product"}],"about":[{"href":"https:\/\/pawz.rs\/en\/wp-json\/wp\/v2\/types\/product"}],"replies":[{"embeddable":true,"href":"https:\/\/pawz.rs\/en\/wp-json\/wp\/v2\/comments?post=34329"}],"wp:featuredmedia":[{"embeddable":true,"href":"https:\/\/pawz.rs\/en\/wp-json\/wp\/v2\/media\/34286"}],"wp:attachment":[{"href":"https:\/\/pawz.rs\/en\/wp-json\/wp\/v2\/media?parent=34329"}],"wp:term":[{"taxonomy":"pwb-brand","embeddable":true,"href":"https:\/\/pawz.rs\/en\/wp-json\/wp\/v2\/pwb-brand?post=34329"},{"taxonomy":"product_cat","embeddable":true,"href":"https:\/\/pawz.rs\/en\/wp-json\/wp\/v2\/product_cat?post=34329"},{"taxonomy":"product_tag","embeddable":true,"href":"https:\/\/pawz.rs\/en\/wp-json\/wp\/v2\/product_tag?post=34329"}],"curies":[{"name":"wp","href":"https:\/\/api.w.org\/{rel}","templated":true}]}}