{"id":34351,"date":"2025-03-07T18:07:33","date_gmt":"2025-03-07T17:07:33","guid":{"rendered":"https:\/\/pawz.rs\/?post_type=product&#038;p=34351"},"modified":"2026-05-04T19:46:42","modified_gmt":"2026-05-04T17:46:42","slug":"hills-prescription-diet-gastrointestinal-biome-hrana-za-pse-sa-piletinom-15-kg","status":"publish","type":"product","link":"https:\/\/pawz.rs\/en\/hills-prescription-diet-gastrointestinal-biome-hrana-za-pse-sa-piletinom-15-kg\/","title":{"rendered":"Hill&#8217;s Prescription Diet Gastrointestinal Biome Hrana za Pse sa Piletinom 1,5 kg"},"content":{"rendered":"<p>Kompletna izuzetno svarljiva dijetetska hrana za ljubimce, za redukciju poreme\u0107aja apsorpcije creva i za kompenzovanje lo\u0161eg varenja kod odraslih pasa. Ova hrana za ljubimce oboga\u0107ena vlaknima ima pove\u0107an nivo natrijuma i kalijuma i izuzetno svarljive sastojke.<\/p>\n<p>Gastrointestinal Biome hrana sa ActivBiome+, patentiranom Hill&#8217;s tehnologijom sastojaka, klini\u010dki je pokazala da <strong>re\u0161ava psec\u0301u dijareju za 24 sata<\/strong> i smanjuje rizik od ponovne pojave. Posebno su ga formulisali nutricionisti i veterinari gastroenterolozi kako bi promovisali zdravu stolicu, hranili crevni mikrobiom i smanjili rizik od recidiva.<\/p>\n<p>Na probavno zdravlje va\u0161eg psa mogu negativno uticati mnoge stvari, a kada va\u0161 pas ima probavne smetnje, to je potpuno neprijatno iskustvo za sve uklju\u010dene. Dobra vest je da mo\u017eete pomoc\u0301i svom psu da se osec\u0301a bolje uz hranu koja revolucionira na\u010din pristupa problemima GI koji reaguju na vlakna stavljajuc\u0301i zdravlje mikrobioma \u2013 jedinstveni crevni ekosistem va\u0161eg ljubimca \u2013 u prvi plan brige o GI.<\/p>\n<p><strong>Kako \u0107e ovaj proizvod pomo\u0107i ljubimcu<\/strong>:<\/p>\n<p>Klini\u010dki je dokazano da Hill&#8217;s Prescription Diet Gastrointestinal Biome poma\u017ee u\u010dvr\u0161c\u0301ivanju meke stolice za 24 sata i smanjuje rizik od ponovne pojave.<\/p>\n<ul>\n<li>Aktivno hrani mikrobiom creva i podsti\u010de redovnu zdravu stolicu<\/li>\n<li>Klini\u010dki se pokazalo da poma\u017ee u ograni\u010davanju ponavljanja digestivnih smetnji<\/li>\n<li>Poma\u017ee u smirivanju digestivnog trakta<\/li>\n<\/ul>\n<p><strong>Kako ovaj proizvod deluje<\/strong>:<\/p>\n<ul>\n<li>Revolucionarna tehnologija ActivBiome+ hrani mikrobiom va\u0161eg ljubimca<\/li>\n<li>Jedinstvena me\u0161avina probioti\u010dkih vlakana<\/li>\n<li>Hrani mikrobiom za proizvodnju korisnih postbiotika<\/li>\n<\/ul>\n<p><strong>Primarne indikacije<\/strong>:<\/p>\n<ul>\n<li>Enteropatije koje reaguju na vlakna (dijareja debelog creva)<\/li>\n<li>Zatvor<\/li>\n<li>Oblici hroni\u010dne enteropatije (inflamatorne bolesti creva):\n<ul>\n<li>Dijareja koja reaguje na antibiotike<\/li>\n<li>Dijareja koja reaguje na steroide<\/li>\n<li>Dijareja koja reaguje na hranu<\/li>\n<\/ul>\n<\/li>\n<\/ul>\n<ul>\n<li>Infektivna dijareja<\/li>\n<li>Kolitis (akutni ili hroni\u010dni)<\/li>\n<li>Stres kolitis kod pasa &gt;14 kg<\/li>\n<li>Histiocitni ulcerozni kolitis<\/li>\n<li>Gastrointestinalna neoplazija<\/li>\n<li>Nadutost<\/li>\n<li>Insulinom<\/li>\n<\/ul>\n<p>Za\u0161tititi od vlage. \u010cuvati na hladnom i suvom mestu.<\/p>\n<p>100% garancija na zadovoljstvo *Da li je va\u0161 ljubimac iz bilo kog razloga nezadovoljan ovom hranom? 100% GARANCIJA ZA ZADOVOLJSTVO za kvalitet, doslednost i ukus ili povrat novca.<\/p>\n<p>Sve\u017ea voda treba uvek biti dostupna. Obavezno konsultujte veterinara pre prelaska na veterinarske dijete.<\/p>\n<p>Proizvo\u0111a\u010d: Hill\u2019s Pet Nutrition EU Switzerland<br \/>\nZemlja porekla: \u0160vajcarska<\/p>\n\n    <div class=\"xs_social_share_widget xs_share_url after_content \t\tmain_content  wslu-style-1 wslu-share-box-shaped wslu-fill-colored wslu-none wslu-share-horizontal wslu-theme-font-no wslu-main_content\">\n\n\t\t\n        <ul>\n\t\t\t        <\/ul>\n    <\/div>","protected":false},"excerpt":{"rendered":"<p>Hill&#8217;s Prescription Diet Gastrointestinal Biome Hrana za Pse sa Piletinom 1,5 kg<\/p>","protected":false},"featured_media":34352,"comment_status":"open","ping_status":"closed","template":"","meta":{"_acf_changed":false},"pwb-brand":[916],"product_cat":[705,48,47],"product_tag":[1543,1251],"class_list":{"0":"post-34351","1":"product","2":"type-product","3":"status-publish","4":"has-post-thumbnail","6":"pwb-brand-hills","7":"product_cat-veterinarske-dijete-za-pse","8":"product_cat-hrana-za-pse","9":"product_cat-psi","10":"product_tag-hillsvet","11":"product_tag-veterinarske-dijete","13":"first","14":"instock","15":"taxable","16":"shipping-taxable","17":"purchasable","18":"product-type-simple"},"acf":[],"brands":[{"id":916,"name":"Hills","slug":"hills"}],"_links":{"self":[{"href":"https:\/\/pawz.rs\/en\/wp-json\/wp\/v2\/product\/34351","targetHints":{"allow":["GET"]}}],"collection":[{"href":"https:\/\/pawz.rs\/en\/wp-json\/wp\/v2\/product"}],"about":[{"href":"https:\/\/pawz.rs\/en\/wp-json\/wp\/v2\/types\/product"}],"replies":[{"embeddable":true,"href":"https:\/\/pawz.rs\/en\/wp-json\/wp\/v2\/comments?post=34351"}],"wp:featuredmedia":[{"embeddable":true,"href":"https:\/\/pawz.rs\/en\/wp-json\/wp\/v2\/media\/34352"}],"wp:attachment":[{"href":"https:\/\/pawz.rs\/en\/wp-json\/wp\/v2\/media?parent=34351"}],"wp:term":[{"taxonomy":"pwb-brand","embeddable":true,"href":"https:\/\/pawz.rs\/en\/wp-json\/wp\/v2\/pwb-brand?post=34351"},{"taxonomy":"product_cat","embeddable":true,"href":"https:\/\/pawz.rs\/en\/wp-json\/wp\/v2\/product_cat?post=34351"},{"taxonomy":"product_tag","embeddable":true,"href":"https:\/\/pawz.rs\/en\/wp-json\/wp\/v2\/product_tag?post=34351"}],"curies":[{"name":"wp","href":"https:\/\/api.w.org\/{rel}","templated":true}]}}