{"id":34387,"date":"2024-10-28T12:58:27","date_gmt":"2024-10-28T11:58:27","guid":{"rendered":"https:\/\/pawz.rs\/?post_type=product&#038;p=34387"},"modified":"2026-04-05T23:19:33","modified_gmt":"2026-04-05T21:19:33","slug":"sams-field-lososovo-ulje-150-ml","status":"publish","type":"product","link":"https:\/\/pawz.rs\/en\/sams-field-lososovo-ulje-150-ml\/","title":{"rendered":"Sam&#8217;s Field  Lososovo Ulje 150ml"},"content":{"rendered":"<p><strong>Sam&#8217;s Field Lososovo Ulje 150 ml<\/strong><\/p>\n<p>Dodatak ishrani za pse<\/p>\n<ul>\n<li>Prirodan izvor Omega 3 masnih kiselina (EPA + DHA)<\/li>\n<li>\u010cisti antioksidansi i za\u0161tita od slobodnih radikala<\/li>\n<li>Sjajno krzno<\/li>\n<li>Uravnote\u017een odnos Omega 3 i Omega 6 za zdravu ko\u017eu i dlaku<\/li>\n<li>Visoka svarljivost<\/li>\n<li>Podr\u017eava metaboli\u010dlke procese<\/li>\n<li>Smanjenje holesterola u krvi<\/li>\n<li>Neodoljiv ukus<\/li>\n<\/ul>\n<p>Energija koja se mo\u017ee metabolisati: 8 900 kcal\/kg.<\/p>\n<p>\u010cuvati na tamnom, suvom i hladnom mestu.<\/p>\n<p>Izbegavati direktan kontakt sa sun\u010devom svetlo\u0161\u0107u<\/p>\n<p>Proizvo\u0111a\u010d: VAFO PRAHA s.r.o., K Br\u016fdku 94, Chr\u00e1\u0161\u0165any, 252 19 Rudn\u00e1 u Prahy, \u010ce\u0161ka<br \/>\nZemlja porekla: EU.<\/p>\n<p>&nbsp;<\/p>\n\n    <div class=\"xs_social_share_widget xs_share_url after_content \t\tmain_content  wslu-style-1 wslu-share-box-shaped wslu-fill-colored wslu-none wslu-share-horizontal wslu-theme-font-no wslu-main_content\">\n\n\t\t\n        <ul>\n\t\t\t        <\/ul>\n    <\/div>","protected":false},"excerpt":{"rendered":"<p>Sam&#8217;s Field Lososovo Ulje<\/p>","protected":false},"featured_media":27818,"comment_status":"open","ping_status":"closed","template":"","meta":{"_acf_changed":false},"pwb-brand":[917],"product_cat":[47,391],"product_tag":[],"class_list":{"0":"post-34387","1":"product","2":"type-product","3":"status-publish","4":"has-post-thumbnail","6":"pwb-brand-sams-field","7":"product_cat-psi","8":"product_cat-vitamini-suplementi-i-preparati-za-pse","10":"first","11":"outofstock","12":"taxable","13":"shipping-taxable","14":"purchasable","15":"product-type-simple"},"acf":[],"brands":[{"id":917,"name":"Sams Field","slug":"sams-field"}],"_links":{"self":[{"href":"https:\/\/pawz.rs\/en\/wp-json\/wp\/v2\/product\/34387","targetHints":{"allow":["GET"]}}],"collection":[{"href":"https:\/\/pawz.rs\/en\/wp-json\/wp\/v2\/product"}],"about":[{"href":"https:\/\/pawz.rs\/en\/wp-json\/wp\/v2\/types\/product"}],"replies":[{"embeddable":true,"href":"https:\/\/pawz.rs\/en\/wp-json\/wp\/v2\/comments?post=34387"}],"wp:featuredmedia":[{"embeddable":true,"href":"https:\/\/pawz.rs\/en\/wp-json\/wp\/v2\/media\/27818"}],"wp:attachment":[{"href":"https:\/\/pawz.rs\/en\/wp-json\/wp\/v2\/media?parent=34387"}],"wp:term":[{"taxonomy":"pwb-brand","embeddable":true,"href":"https:\/\/pawz.rs\/en\/wp-json\/wp\/v2\/pwb-brand?post=34387"},{"taxonomy":"product_cat","embeddable":true,"href":"https:\/\/pawz.rs\/en\/wp-json\/wp\/v2\/product_cat?post=34387"},{"taxonomy":"product_tag","embeddable":true,"href":"https:\/\/pawz.rs\/en\/wp-json\/wp\/v2\/product_tag?post=34387"}],"curies":[{"name":"wp","href":"https:\/\/api.w.org\/{rel}","templated":true}]}}