{"id":3446,"date":"2023-02-14T22:41:07","date_gmt":"2023-02-14T21:41:07","guid":{"rendered":"https:\/\/pawz.rs\/?post_type=product&#038;p=3446"},"modified":"2023-08-04T14:31:58","modified_gmt":"2023-08-04T12:31:58","slug":"cibau-puppy-mini","status":"publish","type":"product","link":"https:\/\/pawz.rs\/en\/cibau-puppy-mini\/","title":{"rendered":"CIBAU Puppy Mini"},"content":{"rendered":"<p><strong>CIBAU Puppy Mini<\/strong><\/p>\n<p>Kompletna, izbalansirana hrana za \u0161tence malih rasa, gravidne kuje i kuje u laktaciji.<\/p>\n<p><strong>SASTAV<\/strong><br \/>\nDehidrirano pile\u0107e meso (36%), pirina\u010d (25%), kukuruz (14%), pile\u0107a mast (14%), dehidrirana riba, suva pulpa cvekle (3%), riblje ulje (3%), biljno ulje (1%), natrijum hlorid, suvi pivski kvasac (0,3%).<\/p>\n<p><strong>NUTRITIVNI SASTOJCI ADITIVI PO KG<\/strong><br \/>\nHranljivi dodaci: vitamin A 12000 IJ; vitamin D3 1200 IJ; vitamin E 120 mg; vitamin C 120 mg; nijacin 30 mg; pantotenska kiselina 12 mg; vitamin B2 6 mg; vitamin B6 4,8 mg; vitamin B1 3,6 mg; vitamin H 0,30 mg; folna kiselina 0,36 mg; vitamin B12 0,048 mg; holin hlorid 2500 mg; cink oksid 108 mg; cink sulfat monohidrat 120 mg; mangan sulfat monohidrat 150 mg; gvo\u017e\u0111e sulfat monohidrat 44 mg; gvo\u017e\u0111e karbonat 60 mg; bakar sulfat pentahidrat 50 mg; bezvodni kalcijum jodat 2,4 mg; natrijum selenit 0,22 mg; DL-metionin 2500 mg.<\/p>\n<p><strong>ANALITI\u010cKI SASTAV<\/strong><br \/>\nSirovi proteini 31%; sirove masti i ulja 21%; sirova vlakna 1,9%; sirovi pepeo 7,5%; kalcijum 1,2%; fosfor 0,9%.<\/p>\n<p><strong>ENERGETSKA VREDNOST<\/strong><br \/>\nEM Kcal\/Kg 3959 &#8211; Mj\/Kg 16,56<\/p>\n<p>Serve food in dry form with available fresh water.<br \/>\nFor your pet&#039;s health, consult a veterinarian regularly.<\/p>\n<p>Store the product in a dry, dark and cool place.<\/p>\n<p>Proizvo\u0111a\u010d: Farmina Pet Foods, In\u0111ija, Srbija<br \/>\nZemlja porekla: Srbija<\/p>\n\n    <div class=\"xs_social_share_widget xs_share_url after_content \t\tmain_content  wslu-style-1 wslu-share-box-shaped wslu-fill-colored wslu-none wslu-share-horizontal wslu-theme-font-no wslu-main_content\">\n\n\t\t\n        <ul>\n\t\t\t        <\/ul>\n    <\/div>","protected":false},"excerpt":{"rendered":"<p>CIBAU Puppy Mini &#8211; Kompletna, izbalansirana hrana za \u0161tence malih rasa, gravidne kuje i kuje u laktaciji.<\/p>","protected":false},"featured_media":3450,"comment_status":"open","ping_status":"closed","template":"","meta":{"_acf_changed":false},"pwb-brand":[304],"product_cat":[49,48,47],"product_tag":[],"class_list":{"0":"post-3446","1":"product","2":"type-product","3":"status-publish","4":"has-post-thumbnail","6":"pwb-brand-cibau-hrana-za-pse","7":"product_cat-granule-za-pse","8":"product_cat-hrana-za-pse","9":"product_cat-psi","11":"first","12":"instock","13":"taxable","14":"shipping-taxable","15":"purchasable","16":"product-type-variable","17":"has-default-attributes"},"acf":[],"brands":[{"id":304,"name":"Cibau","slug":"cibau-hrana-za-pse"}],"_links":{"self":[{"href":"https:\/\/pawz.rs\/en\/wp-json\/wp\/v2\/product\/3446","targetHints":{"allow":["GET"]}}],"collection":[{"href":"https:\/\/pawz.rs\/en\/wp-json\/wp\/v2\/product"}],"about":[{"href":"https:\/\/pawz.rs\/en\/wp-json\/wp\/v2\/types\/product"}],"replies":[{"embeddable":true,"href":"https:\/\/pawz.rs\/en\/wp-json\/wp\/v2\/comments?post=3446"}],"wp:featuredmedia":[{"embeddable":true,"href":"https:\/\/pawz.rs\/en\/wp-json\/wp\/v2\/media\/3450"}],"wp:attachment":[{"href":"https:\/\/pawz.rs\/en\/wp-json\/wp\/v2\/media?parent=3446"}],"wp:term":[{"taxonomy":"pwb-brand","embeddable":true,"href":"https:\/\/pawz.rs\/en\/wp-json\/wp\/v2\/pwb-brand?post=3446"},{"taxonomy":"product_cat","embeddable":true,"href":"https:\/\/pawz.rs\/en\/wp-json\/wp\/v2\/product_cat?post=3446"},{"taxonomy":"product_tag","embeddable":true,"href":"https:\/\/pawz.rs\/en\/wp-json\/wp\/v2\/product_tag?post=3446"}],"curies":[{"name":"wp","href":"https:\/\/api.w.org\/{rel}","templated":true}]}}