{"id":3455,"date":"2023-02-14T22:57:10","date_gmt":"2023-02-14T21:57:10","guid":{"rendered":"https:\/\/pawz.rs\/?post_type=product&#038;p=3455"},"modified":"2023-08-04T14:35:18","modified_gmt":"2023-08-04T12:35:18","slug":"cibau-mini-sensitive-jagnjetina","status":"publish","type":"product","link":"https:\/\/pawz.rs\/en\/cibau-mini-sensitive-jagnjetina\/","title":{"rendered":"CIBAU Mini Sensitive Jagnjetina"},"content":{"rendered":"<p><strong>CIBAU Mini Sensitive Lamb (Jagnjetina)<\/strong><\/p>\n<p>Kompletna izbalansirana hrana za odrasle pse koji imaju problema s varenjem ili alergijama.<\/p>\n<p><strong>SASTAV<\/strong><br \/>\nDehidrirano jagnje\u0107e meso (28%), pirina\u010d (28%), kukuruz (23%), pile\u0107a mast (5%), dehidrirana riba, su\u0161ena pulpa cvekle (4%), dehidrirana cela jaja (4%), riblje ulje (2%), biljno ulje (1%), natrijum hlorid, su\u0161eni pivski kvasac (0.3%).<\/p>\n<p><strong>NUTRITIVNI SASTOJCI ADITIVI PO KG<\/strong><br \/>\nHranljivi dodaci: vitamin A 10000IU; vitamin D3 1000IU; vitamin E 100mg; vitamin C 100mg; nijacin 25mg; pantotenska kiselina 10mg; vitamin B2 5mg; vitamin B6 4mg; vitamin B1 3mg; vitamin H 0.25mg; folna kiselina 0.30mg; vitamin B12 0.04mg; holin-hlorid 1500mg; cink oksid 108mg; cink sulfat monohidrat 120mg; mangan sulfat monohidrat 150mg; gvo\u017e\u0111e sulfat monohidrat 44mg; gvo\u017e\u0111e karbonat 60mg; bakar sulfat pentahidrat 50mg; anhidrovani kalcijum jodat 2.4mg; natrijum selenit 0.22mg; DL-metionin 1500mg.<\/p>\n<p><strong>ANALITI\u010cKI SASTAV<\/strong><br \/>\nSirovi proteini 23%; sirove masti i ulja 10%; sirova vlakna 2%; sirovi pepeo 7%; kalcijum 1.20%; fosfor 0.90%.<\/p>\n<p><strong>ENERGETSKA VREDNOST<\/strong><br \/>\nEM Kcal\/Kg 3423 &#8211; Mj\/Kg 14,34<\/p>\n<p>Serve food in dry form with available fresh water.<br \/>\nFor your pet&#039;s health, consult a veterinarian regularly.<\/p>\n<p>Store the product in a dry, dark and cool place.<\/p>\n<p>Proizvo\u0111a\u010d: Farmina Pet Foods, In\u0111ija, Srbija<br \/>\nZemlja porekla: Srbija<\/p>\n\n    <div class=\"xs_social_share_widget xs_share_url after_content \t\tmain_content  wslu-style-1 wslu-share-box-shaped wslu-fill-colored wslu-none wslu-share-horizontal wslu-theme-font-no wslu-main_content\">\n\n\t\t\n        <ul>\n\t\t\t        <\/ul>\n    <\/div>","protected":false},"excerpt":{"rendered":"<p>CIBAU Mini Sensitive Lamb &#8211; Kompletna izbalansirana hrana za odrasle pse koji imaju problema s varenjem ili alergijama.<\/p>","protected":false},"featured_media":3458,"comment_status":"open","ping_status":"closed","template":"","meta":{"_acf_changed":false},"pwb-brand":[304],"product_cat":[49,47,48],"product_tag":[],"class_list":{"0":"post-3455","1":"product","2":"type-product","3":"status-publish","4":"has-post-thumbnail","6":"pwb-brand-cibau-hrana-za-pse","7":"product_cat-granule-za-pse","8":"product_cat-psi","9":"product_cat-hrana-za-pse","11":"first","12":"instock","13":"taxable","14":"shipping-taxable","15":"purchasable","16":"product-type-variable","17":"has-default-attributes"},"acf":[],"brands":[{"id":304,"name":"Cibau","slug":"cibau-hrana-za-pse"}],"_links":{"self":[{"href":"https:\/\/pawz.rs\/en\/wp-json\/wp\/v2\/product\/3455","targetHints":{"allow":["GET"]}}],"collection":[{"href":"https:\/\/pawz.rs\/en\/wp-json\/wp\/v2\/product"}],"about":[{"href":"https:\/\/pawz.rs\/en\/wp-json\/wp\/v2\/types\/product"}],"replies":[{"embeddable":true,"href":"https:\/\/pawz.rs\/en\/wp-json\/wp\/v2\/comments?post=3455"}],"wp:featuredmedia":[{"embeddable":true,"href":"https:\/\/pawz.rs\/en\/wp-json\/wp\/v2\/media\/3458"}],"wp:attachment":[{"href":"https:\/\/pawz.rs\/en\/wp-json\/wp\/v2\/media?parent=3455"}],"wp:term":[{"taxonomy":"pwb-brand","embeddable":true,"href":"https:\/\/pawz.rs\/en\/wp-json\/wp\/v2\/pwb-brand?post=3455"},{"taxonomy":"product_cat","embeddable":true,"href":"https:\/\/pawz.rs\/en\/wp-json\/wp\/v2\/product_cat?post=3455"},{"taxonomy":"product_tag","embeddable":true,"href":"https:\/\/pawz.rs\/en\/wp-json\/wp\/v2\/product_tag?post=3455"}],"curies":[{"name":"wp","href":"https:\/\/api.w.org\/{rel}","templated":true}]}}