{"id":3579,"date":"2023-02-15T19:31:08","date_gmt":"2023-02-15T18:31:08","guid":{"rendered":"https:\/\/pawz.rs\/?post_type=product&#038;p=3579"},"modified":"2025-05-21T14:04:43","modified_gmt":"2025-05-21T12:04:43","slug":"matisse-kitten","status":"publish","type":"product","link":"https:\/\/pawz.rs\/en\/matisse-kitten\/","title":{"rendered":"Matisse Kitten"},"content":{"rendered":"<p><strong>Matisse Kitten 1-12 meseci<\/strong><\/p>\n<p>Kompletna hrana za ma\u010di\u0107e, ma\u010dke u laktaciji i gravidne ma\u010dke.<\/p>\n<p><strong>SASTAV<\/strong><br \/>\nDehidrirano pile\u0107e meso (36%), pirina\u010d (20%), pile\u0107a mast, kukuruz, dehidrirana riba (6%), kukuruzni gluten, jaja u prahu (4%), hidrolizovani \u017eivotinjski proteini, suva pulpa repe, riblje ulje, biljno ulje, natrijum hlorid, kalijum hlorid, kalcijum sulfat dihidrat, suvi pivski kvasac, mono-dikalcijum fosfat, kalcijum karbonat.<\/p>\n<p><strong>NUTRITIVNI SASTOJCI ADITIVI PO KG<\/strong><br \/>\nHranljivi dodaci: vitamin A 18000 IJ; vitamin D3 1800 IJ; vitamin E 180 mg; vitamin C 180 mg; nijacin 45 mg; pantotenska kiselina 18 mg; vitamin B2 9 mg; vitamin B6 7,2 mg; vitamin B1 5,4 mg; vitamin H 0,45 mg; folna kiselina 0,54 mg vitamin B12 0,07 mg; holin hlorid 3000 mg; cink oksid 108 mg; cink sulfat monohidrat 120 mg; mangan sulfat monohidrat 150 mg; gvo\u017e\u0111e sulfat monohidrat 44 mg; gvo\u017e\u0111e karbonat 60 mg; bakar sulfat pentahidrat 50 mg; bezvodni kalcijum jodat 2,4 mg; natrijum selenit 0,22 mg; DL-metionin 3000 mg.<\/p>\n<p><strong>ANALITI\u010cKI SASTAV<\/strong><br \/>\nSirovi proteini 36%; sirove masti i ulja 14%; sirova vlakna 0,9%; pepeo 7,3%; kalcijum 1,25%; fosfor 1%; magnezijum 0,09%; taurin 2900 mg\/kg.<\/p>\n<p><strong>ENERGETSKA VREDNOST<\/strong><br \/>\nEM Kcal\/Kg 3703 &#8211; Mj\/Kg 15,49<\/p>\n<p>Serve food in dry form with available fresh water.<br \/>\nFor your pet&#039;s health, consult a veterinarian regularly.<\/p>\n<p>Store the product in a dry, dark and cool place.<\/p>\n<p>Proizvo\u0111a\u010d: Farmina Pet Foods, In\u0111ija, Srbija<br \/>\nZemlja porekla: Srbija<\/p>\n\n    <div class=\"xs_social_share_widget xs_share_url after_content \t\tmain_content  wslu-style-1 wslu-share-box-shaped wslu-fill-colored wslu-none wslu-share-horizontal wslu-theme-font-no wslu-main_content\">\n\n\t\t\n        <ul>\n\t\t\t        <\/ul>\n    <\/div>","protected":false},"excerpt":{"rendered":"<p>Matisse Kitten 1-12 meseci<strong> &#8211; <\/strong>Kompletna hrana za ma\u010di\u0107e, ma\u010dke u laktaciji i gravidne ma\u010dke.<\/p>","protected":false},"featured_media":3584,"comment_status":"open","ping_status":"closed","template":"","meta":{"_acf_changed":false},"pwb-brand":[308],"product_cat":[149,23,21],"product_tag":[],"class_list":{"0":"post-3579","1":"product","2":"type-product","3":"status-publish","4":"has-post-thumbnail","6":"pwb-brand-matisse","7":"product_cat-granule-za-macke","8":"product_cat-macke","9":"product_cat-hrana-za-macke","11":"first","12":"instock","13":"taxable","14":"shipping-taxable","15":"purchasable","16":"product-type-variable","17":"has-default-attributes"},"acf":[],"brands":[{"id":308,"name":"Matisse","slug":"matisse"}],"_links":{"self":[{"href":"https:\/\/pawz.rs\/en\/wp-json\/wp\/v2\/product\/3579","targetHints":{"allow":["GET"]}}],"collection":[{"href":"https:\/\/pawz.rs\/en\/wp-json\/wp\/v2\/product"}],"about":[{"href":"https:\/\/pawz.rs\/en\/wp-json\/wp\/v2\/types\/product"}],"replies":[{"embeddable":true,"href":"https:\/\/pawz.rs\/en\/wp-json\/wp\/v2\/comments?post=3579"}],"wp:featuredmedia":[{"embeddable":true,"href":"https:\/\/pawz.rs\/en\/wp-json\/wp\/v2\/media\/3584"}],"wp:attachment":[{"href":"https:\/\/pawz.rs\/en\/wp-json\/wp\/v2\/media?parent=3579"}],"wp:term":[{"taxonomy":"pwb-brand","embeddable":true,"href":"https:\/\/pawz.rs\/en\/wp-json\/wp\/v2\/pwb-brand?post=3579"},{"taxonomy":"product_cat","embeddable":true,"href":"https:\/\/pawz.rs\/en\/wp-json\/wp\/v2\/product_cat?post=3579"},{"taxonomy":"product_tag","embeddable":true,"href":"https:\/\/pawz.rs\/en\/wp-json\/wp\/v2\/product_tag?post=3579"}],"curies":[{"name":"wp","href":"https:\/\/api.w.org\/{rel}","templated":true}]}}