{"id":3714,"date":"2023-02-16T18:07:45","date_gmt":"2023-02-16T17:07:45","guid":{"rendered":"https:\/\/pawz.rs\/?post_type=product&#038;p=3714"},"modified":"2025-05-21T14:04:42","modified_gmt":"2025-05-21T12:04:42","slug":"matisse-neutered-salmon","status":"publish","type":"product","link":"https:\/\/pawz.rs\/en\/matisse-neutered-salmon\/","title":{"rendered":"Matisse Neutered Salmon 10kg"},"content":{"rendered":"<p><strong>Matisse Neutered Salmon 10kg<\/strong><\/p>\n<p>Kompletna, izbalansirana hrana za odrasle ma\u010dke, posebno namenjena sterilisanim ma\u010dkama.<\/p>\n<p><strong>SASTAV<\/strong><br \/>\nDehidrirana riba (losos 32%), pirina\u010d (25%), kukuruz, kukuruzni gluten, biljna vlakna gra\u0161ka (8%), dehidrirano pile\u0107e meso, pile\u0107a mast, suva pulpa repe (6%), hidrolizovani \u017eivotinjski proteini, riblje ulje, biljno ulje, jaja u prahu, psilijum, natrijum hlorid, kalijum hlorid, kalcijum sulfat dihidrat, suvi pivski kvasac, mononatrijum fosfat.<\/p>\n<p><strong>NUTRITIVNI SASTOJCI ADITIVI PO KG<\/strong><br \/>\nHranljivi dodaci: vitamin A 16000 IJ; vitamin D3 1600 IJ; vitamin E 160 mg; vitamin C 160 mg; nijacin 40 mg; pantotenska kiselina 16 mg; vitamin B2 8 mg; vitamin B6 6,4 mg; vitamin B1 4,8 mg; vitamin H 0,4 mg; folna kiselina 0,48 mg; vitamin B12 0,06 mg; holin hlorid 2500 mg; cink oksid 108 mg; cink sulfat monohidrat 120 mg; mangan sulfat monohidrat 150 mg; gvo\u017e\u0111e sulfat monohidrat 44 mg; gvo\u017e\u0111e karbonat 60 mg; bakar sulfat pentahidrat 50 mg; bezvodni kalcijum jodat 2,4 mg; natrijum selenit 0,22 mg; DL-metionin 3000 mg; L-karnitin 250 mg. Tehnolo\u0161ki dodaci: mikrokristalna celuloza.<\/p>\n<p><strong>ANALITI\u010cKI SASTAV<\/strong><br \/>\nSirovi proteini 31%; sirove masti i ulja 11%; sirova vlakna 5,90%; pepeo 6,6%; kalcijum 0,9%; fosfor 0,85%; magnezijum 0,08%; skrob 19,5%; ukupno \u0161e\u0107era 0,6%; taurin 1800 mg\/kg.<\/p>\n<p><strong>ENERGETSKA VREDNOST<\/strong><br \/>\nEM Kcal\/Kg 3403 &#8211; Mj\/Kg 14,24<\/p>\n<p>Serve food in dry form with available fresh water.<br \/>\nFor your pet&#039;s health, consult a veterinarian regularly.<\/p>\n<p>Store the product in a dry, dark and cool place.<\/p>\n<p>Proizvo\u0111a\u010d: Farmina Pet Foods, In\u0111ija, Srbija<br \/>\nZemlja porekla: Srbija<\/p>\n\n    <div class=\"xs_social_share_widget xs_share_url after_content \t\tmain_content  wslu-style-1 wslu-share-box-shaped wslu-fill-colored wslu-none wslu-share-horizontal wslu-theme-font-no wslu-main_content\">\n\n\t\t\n        <ul>\n\t\t\t        <\/ul>\n    <\/div>","protected":false},"excerpt":{"rendered":"<p>Matisse Neutered Losos &#8211; Kompletna, izbalansirana hrana za odrasle ma\u010dke, posebno namenjena sterilisanim ma\u010dkama.<\/p>","protected":false},"featured_media":3719,"comment_status":"open","ping_status":"closed","template":"","meta":{"_acf_changed":false},"pwb-brand":[308],"product_cat":[149,23,21],"product_tag":[],"class_list":{"0":"post-3714","1":"product","2":"type-product","3":"status-publish","4":"has-post-thumbnail","6":"pwb-brand-matisse","7":"product_cat-granule-za-macke","8":"product_cat-macke","9":"product_cat-hrana-za-macke","11":"first","12":"instock","13":"taxable","14":"shipping-taxable","15":"purchasable","16":"product-type-simple"},"acf":[],"brands":[{"id":308,"name":"Matisse","slug":"matisse"}],"_links":{"self":[{"href":"https:\/\/pawz.rs\/en\/wp-json\/wp\/v2\/product\/3714","targetHints":{"allow":["GET"]}}],"collection":[{"href":"https:\/\/pawz.rs\/en\/wp-json\/wp\/v2\/product"}],"about":[{"href":"https:\/\/pawz.rs\/en\/wp-json\/wp\/v2\/types\/product"}],"replies":[{"embeddable":true,"href":"https:\/\/pawz.rs\/en\/wp-json\/wp\/v2\/comments?post=3714"}],"wp:featuredmedia":[{"embeddable":true,"href":"https:\/\/pawz.rs\/en\/wp-json\/wp\/v2\/media\/3719"}],"wp:attachment":[{"href":"https:\/\/pawz.rs\/en\/wp-json\/wp\/v2\/media?parent=3714"}],"wp:term":[{"taxonomy":"pwb-brand","embeddable":true,"href":"https:\/\/pawz.rs\/en\/wp-json\/wp\/v2\/pwb-brand?post=3714"},{"taxonomy":"product_cat","embeddable":true,"href":"https:\/\/pawz.rs\/en\/wp-json\/wp\/v2\/product_cat?post=3714"},{"taxonomy":"product_tag","embeddable":true,"href":"https:\/\/pawz.rs\/en\/wp-json\/wp\/v2\/product_tag?post=3714"}],"curies":[{"name":"wp","href":"https:\/\/api.w.org\/{rel}","templated":true}]}}