{"id":3736,"date":"2023-02-16T19:21:03","date_gmt":"2023-02-16T18:21:03","guid":{"rendered":"https:\/\/pawz.rs\/?post_type=product&#038;p=3736"},"modified":"2023-06-01T15:28:32","modified_gmt":"2023-06-01T13:28:32","slug":"nd-ag-cat-neutered-chicken-pomegranate","status":"publish","type":"product","link":"https:\/\/pawz.rs\/en\/nd-ag-cat-neutered-chicken-pomegranate\/","title":{"rendered":"N&#038;D AG Cat Neutered Chicken &#038; Pomegranate"},"content":{"rendered":"<p><strong>N&amp;D Ancestral Grain Neutered Chicken &amp; Pomegranate<\/strong><\/p>\n<p>Piletina, ovas, spelta i nar. Kompletna hrana za odrasle ma\u010dke, posebno namenjena sterilisanim ma\u010dkama.<\/p>\n<p>SASTAV<br \/>\nSve\u017ee pile\u0107e meso bez kostiju (24%), dehidrirano pile\u0107e meso (24%), spelta (10%), ovas (10%), jaja u prahu, sve\u017ea haringa, dehidrirana haringa, suva pulpa cvekle, pile\u0107a mast, riblje ulje (haringe), biljna vlakna gra\u0161ka, osu\u0161ena lucerka, osu\u0161ena \u0161argarepa, inulin, fruktooligosaharidi, ekstrakt kvasca (izvor manan-oligosaharida), osu\u0161eni nar (0,5%), osu\u0161ena jabuka, osu\u0161eni spana\u0107, psilijum (0,3%), osu\u0161ena slatka pomorand\u017ea, osu\u0161ena borovnica, natrijum hlorid, suvi pivski kvasac, koren kurkume (0,2%), glukozamin, hondroitin sulfat.<\/p>\n<p>NUTRITIVNI SASTOJCI ADITIVI PO KG<br \/>\nHranljivi dodaci: vitamin A 18000 IJ; vitamin D3 1200 IJ; vitamin E 600 mg; vitamin C 300 mg; nijacin 150 mg; pantotenska kiselina 50 mg; vitamin B2 20 mg; vitamin B6 8,1 mg; vitamin B1 10 mg; vitamin H 1,5 mg; folna kiselina 1,5 mg; vitamin B12 0,1 mg; holin hlorid 2800 mg; beta-karoten 1,5 mg; cink helat analog metionin hidroksilaze 910 mg; mangan helat analog metionin hidroksilaze 380 mg; gvo\u017e\u0111e helat glicin hidrata 250 mg; bakar helat analog metionin hidroksilaze 88 mg; DL-metionin 5000 mg; taurin 5000 mg; L-karnitin 400 mg. Organolepti\u010dki dodaci: ekstrakt aloe vere 1000 mg; ekstrakt zelenog \u010daja 100 mg; ekstrakt ruzmarina. Antiokidant: tokoferolom bogati ekstrakti iz prirodnih izvora.<\/p>\n<p>ANALITI\u010cKI SASTAV<br \/>\nSirovi proteini 38%; sirova ulja i masti 10%; sirova vlakna 5,5%; vla\u017enost 8%, sirovi pepeo 8,3%; kalcijum 1,.2%; fosfor 1%; magnezijum 0,09%; omega-6 1,8%; omega-3 0,4%; DHA 0,25%; EPA 0,15%; glukozamin 1200 mg\/kg; hondroitin sulfat 900 mg\/kg.<\/p>\n<p>ENERGETSKA VREDNOST<br \/>\nEM Kcal\/Kg 3557 &#8211; Mj\/Kg 14,88<\/p>\n<p>Serve food in dry form with available fresh water.<br \/>\nFor your pet&#039;s health, consult a veterinarian regularly.<\/p>\n<p>Store the product in a dry, dark and cool place.<\/p>\n<p>Proizvo\u0111a\u010d: Farmina Pet Foods, In\u0111ija, Srbija<br \/>\nZemlja porekla: Srbija<\/p>\n\n    <div class=\"xs_social_share_widget xs_share_url after_content \t\tmain_content  wslu-style-1 wslu-share-box-shaped wslu-fill-colored wslu-none wslu-share-horizontal wslu-theme-font-no wslu-main_content\">\n\n\t\t\n        <ul>\n\t\t\t        <\/ul>\n    <\/div>","protected":false},"excerpt":{"rendered":"<p>Piletina, ovas, spelta i nar. Kompletna hrana za odrasle ma\u010dke, posebno namenjena sterilisanim ma\u010dkama.<\/p>","protected":false},"featured_media":3741,"comment_status":"open","ping_status":"closed","template":"","meta":{"_acf_changed":false},"pwb-brand":[309,310],"product_cat":[149,23,21],"product_tag":[],"class_list":{"0":"post-3736","1":"product","2":"type-product","3":"status-publish","4":"has-post-thumbnail","6":"pwb-brand-nd-natural-delicious","7":"pwb-brand-nd-natural-delicious-hrana-za-macke","8":"product_cat-granule-za-macke","9":"product_cat-macke","10":"product_cat-hrana-za-macke","12":"first","13":"instock","14":"taxable","15":"shipping-taxable","16":"purchasable","17":"product-type-variable","18":"has-default-attributes"},"acf":[],"brands":[{"id":309,"name":"N&amp;D - Natural &amp; Delicious","slug":"nd-natural-delicious"},{"id":310,"name":"N&amp;D \u2013 Natural &amp; Delicious Cat Food","slug":"nd-natural-delicious-hrana-za-macke"}],"_links":{"self":[{"href":"https:\/\/pawz.rs\/en\/wp-json\/wp\/v2\/product\/3736","targetHints":{"allow":["GET"]}}],"collection":[{"href":"https:\/\/pawz.rs\/en\/wp-json\/wp\/v2\/product"}],"about":[{"href":"https:\/\/pawz.rs\/en\/wp-json\/wp\/v2\/types\/product"}],"replies":[{"embeddable":true,"href":"https:\/\/pawz.rs\/en\/wp-json\/wp\/v2\/comments?post=3736"}],"wp:featuredmedia":[{"embeddable":true,"href":"https:\/\/pawz.rs\/en\/wp-json\/wp\/v2\/media\/3741"}],"wp:attachment":[{"href":"https:\/\/pawz.rs\/en\/wp-json\/wp\/v2\/media?parent=3736"}],"wp:term":[{"taxonomy":"pwb-brand","embeddable":true,"href":"https:\/\/pawz.rs\/en\/wp-json\/wp\/v2\/pwb-brand?post=3736"},{"taxonomy":"product_cat","embeddable":true,"href":"https:\/\/pawz.rs\/en\/wp-json\/wp\/v2\/product_cat?post=3736"},{"taxonomy":"product_tag","embeddable":true,"href":"https:\/\/pawz.rs\/en\/wp-json\/wp\/v2\/product_tag?post=3736"}],"curies":[{"name":"wp","href":"https:\/\/api.w.org\/{rel}","templated":true}]}}