{"id":37753,"date":"2025-02-04T16:00:05","date_gmt":"2025-02-04T15:00:05","guid":{"rendered":"https:\/\/pawz.rs\/?post_type=product&#038;p=37753"},"modified":"2026-05-04T19:43:54","modified_gmt":"2026-05-04T17:43:54","slug":"hills-science-plan-dog-adult-medium-jagnjetina-i-pirinac-14kg-31-gratis","status":"publish","type":"product","link":"https:\/\/pawz.rs\/en\/hills-science-plan-dog-adult-medium-jagnjetina-i-pirinac-14kg-31-gratis\/","title":{"rendered":"Hill&#8217;s Science Plan Dog Adult Medium Jagnjetina i Pirina\u010d 14kg 3+1 GRATIS"},"content":{"rendered":"<p>Kompletna suva hrana za odrasle pse srednje veli\u010dine te\u017eine 11-25 kg uzrasta od 1 do 6 godina. Posebno formulisan da zadovolji energetske potrebe pasa u najboljim godinama njihovog \u017eivota. Napravljen od visokokvalitetnih, lako svarljivih sastojaka.<\/p>\n<p>Proizvod nije ve\u0161ta\u010dki konzerviran. Bez sinteti\u010dkih boja. Bez ve\u0161ta\u010dkih aroma.<\/p>\n<p>KLINI\u010cKI DOKAZANI antioksidansi, vitamini C i E za zdrav imuni sistem.<\/p>\n<p>Izbalansirana me\u0161avina omega-6 masnih kiselina i vitamina E hrani ko\u017eu va\u0161eg psa za zdravu, sjajnu dlaku.<\/p>\n<p>Kada je pas u najboljim godinama \u017eivota, potrebna mu je kvalitetna hrana koja mo\u017ee da prati njegov razvoj. HILL&#8217;S SCIENCE PLAN Medium Hrana za odrasle sa jagnjetinom i pirin\u010dem sadr\u017ei visokokvalitetne proteine za nemasne mi\u0161ic\u0301e, vlakna za zdravo varenje i omega-6 masne kiseline za lepu dlaku. Odrasli psi c\u0301e voleti ovu specijalnu formulu koja sadr\u017ei pravu ravnote\u017eu hranljivih materija koja c\u0301e pomoc\u0301i va\u0161em odraslom psu da \u017eivi zdrav i srec\u0301an \u017eivot.<\/p>\n<p>Uputstvo za hranjenje: Hraniti preporu\u010denu dnevnu koli\u010dinu ozna\u010denu na pakovanju; prilagodite koli\u010dinu kako biste odr\u017eali optimalnu te\u017einu.<\/p>\n<p>Da li hranite prvi put ovom hranom?<\/p>\n<p>Napravite postepeni prelazak na ovu hranu tokom 7 dana me\u0161anjem sve vec\u0301e koli\u010dine nove hrane u hranu koju ste koristili. Sve\u017ea voda treba uvek biti dostupna.<\/p>\n<p>Da li je va\u0161 ljubimac iz bilo kog razloga nezadovoljan ovom hranom?<\/p>\n<p>100% GARANCIJA ZADOVOLJSTVA za kvalitet, doslednost i ukus ili povrat novca.<\/p>\n<p>Za\u0161titite od vlage. \u010cuvati na hladnom i suvom mestu.<\/p>\n<p>Proizvedeno u EU.<\/p>\n<p>&nbsp;<\/p>\n\n    <div class=\"xs_social_share_widget xs_share_url after_content \t\tmain_content  wslu-style-1 wslu-share-box-shaped wslu-fill-colored wslu-none wslu-share-horizontal wslu-theme-font-no wslu-main_content\">\n\n\t\t\n        <ul>\n\t\t\t        <\/ul>\n    <\/div>","protected":false},"excerpt":{"rendered":"<p>Hill&#8217;s Science Plan Dog Adult Medium Jagnjetina i Pirina\u010d 14kg 3+1 GRATIS<\/p>","protected":false},"featured_media":37755,"comment_status":"open","ping_status":"closed","template":"","meta":{"_acf_changed":false},"pwb-brand":[916],"product_cat":[49,47,48],"product_tag":[],"class_list":{"0":"post-37753","1":"product","2":"type-product","3":"status-publish","4":"has-post-thumbnail","6":"pwb-brand-hills","7":"product_cat-granule-za-pse","8":"product_cat-psi","9":"product_cat-hrana-za-pse","11":"first","12":"instock","13":"taxable","14":"shipping-taxable","15":"purchasable","16":"product-type-simple"},"acf":[],"brands":[{"id":916,"name":"Hills","slug":"hills"}],"_links":{"self":[{"href":"https:\/\/pawz.rs\/en\/wp-json\/wp\/v2\/product\/37753","targetHints":{"allow":["GET"]}}],"collection":[{"href":"https:\/\/pawz.rs\/en\/wp-json\/wp\/v2\/product"}],"about":[{"href":"https:\/\/pawz.rs\/en\/wp-json\/wp\/v2\/types\/product"}],"replies":[{"embeddable":true,"href":"https:\/\/pawz.rs\/en\/wp-json\/wp\/v2\/comments?post=37753"}],"wp:featuredmedia":[{"embeddable":true,"href":"https:\/\/pawz.rs\/en\/wp-json\/wp\/v2\/media\/37755"}],"wp:attachment":[{"href":"https:\/\/pawz.rs\/en\/wp-json\/wp\/v2\/media?parent=37753"}],"wp:term":[{"taxonomy":"pwb-brand","embeddable":true,"href":"https:\/\/pawz.rs\/en\/wp-json\/wp\/v2\/pwb-brand?post=37753"},{"taxonomy":"product_cat","embeddable":true,"href":"https:\/\/pawz.rs\/en\/wp-json\/wp\/v2\/product_cat?post=37753"},{"taxonomy":"product_tag","embeddable":true,"href":"https:\/\/pawz.rs\/en\/wp-json\/wp\/v2\/product_tag?post=37753"}],"curies":[{"name":"wp","href":"https:\/\/api.w.org\/{rel}","templated":true}]}}