{"id":37756,"date":"2025-02-04T16:00:05","date_gmt":"2025-02-04T15:00:05","guid":{"rendered":"https:\/\/pawz.rs\/?post_type=product&#038;p=37756"},"modified":"2026-05-04T19:43:55","modified_gmt":"2026-05-04T17:43:55","slug":"hills-science-plan-dog-adult-smallmini-piletina-10kg-31-gratis","status":"publish","type":"product","link":"https:\/\/pawz.rs\/en\/hills-science-plan-dog-adult-smallmini-piletina-10kg-31-gratis\/","title":{"rendered":"Hill&#8217;s Science Plan Dog Adult Small&#038;Mini Piletina 10kg 3+1 GRATIS"},"content":{"rendered":"<p>Hill&#8217;s Science Plan Adult Small&amp;Mini\u00a0sa Piletinom\u00a0(piletina 13%; ukupno \u017eivine\u00a021%)<\/p>\n<p>Kompletna suva hrana za pse malih rasa uzrasta od 1 do 6 godina, do 10 kg telesne mase.<\/p>\n<p>Sadr\u017ei posebnu me\u0161avinu antioksidanata za podr\u0161ku imunolo\u0161kom sistemu odraslih malih pasa. Prilago\u0111ena ishrana za jedinstvene potrebe\u00a0u najboljim godinama njihovog \u017eivota. Proizvod nije ve\u0161ta\u010dki konzervisan. Bez sinteti\u010dkih boja. Bez ve\u0161ta\u010dkih ukusa.<\/p>\n<p>Visokokvalitetne belan\u010devine za vitke mi\u0161ic\u0301e<\/p>\n<p>Hranljiva me\u0161avina Omega-6 i vitamina E za zdravu ko\u017eu i sjajnu dlaku<\/p>\n<p>Lako svarljivi sastojci za zdravo varenje<\/p>\n<p>KLINI\u010cKI DOKAZANI antioksidansi, Vitamini C i E za zdrav imunolo\u0161ki sastav<\/p>\n<p>Proizvedeno u EU<\/p>\n<p>&nbsp;<\/p>\n\n    <div class=\"xs_social_share_widget xs_share_url after_content \t\tmain_content  wslu-style-1 wslu-share-box-shaped wslu-fill-colored wslu-none wslu-share-horizontal wslu-theme-font-no wslu-main_content\">\n\n\t\t\n        <ul>\n\t\t\t        <\/ul>\n    <\/div>","protected":false},"excerpt":{"rendered":"<p>Hill&#8217;s Science Plan Dog Adult Small&amp;Mini Piletina 10kg 3+1 GRATIS<\/p>","protected":false},"featured_media":37758,"comment_status":"open","ping_status":"closed","template":"","meta":{"_acf_changed":false},"pwb-brand":[916],"product_cat":[49,47,48],"product_tag":[],"class_list":{"0":"post-37756","1":"product","2":"type-product","3":"status-publish","4":"has-post-thumbnail","6":"pwb-brand-hills","7":"product_cat-granule-za-pse","8":"product_cat-psi","9":"product_cat-hrana-za-pse","11":"first","12":"instock","13":"taxable","14":"shipping-taxable","15":"purchasable","16":"product-type-simple"},"acf":[],"brands":[{"id":916,"name":"Hills","slug":"hills"}],"_links":{"self":[{"href":"https:\/\/pawz.rs\/en\/wp-json\/wp\/v2\/product\/37756","targetHints":{"allow":["GET"]}}],"collection":[{"href":"https:\/\/pawz.rs\/en\/wp-json\/wp\/v2\/product"}],"about":[{"href":"https:\/\/pawz.rs\/en\/wp-json\/wp\/v2\/types\/product"}],"replies":[{"embeddable":true,"href":"https:\/\/pawz.rs\/en\/wp-json\/wp\/v2\/comments?post=37756"}],"wp:featuredmedia":[{"embeddable":true,"href":"https:\/\/pawz.rs\/en\/wp-json\/wp\/v2\/media\/37758"}],"wp:attachment":[{"href":"https:\/\/pawz.rs\/en\/wp-json\/wp\/v2\/media?parent=37756"}],"wp:term":[{"taxonomy":"pwb-brand","embeddable":true,"href":"https:\/\/pawz.rs\/en\/wp-json\/wp\/v2\/pwb-brand?post=37756"},{"taxonomy":"product_cat","embeddable":true,"href":"https:\/\/pawz.rs\/en\/wp-json\/wp\/v2\/product_cat?post=37756"},{"taxonomy":"product_tag","embeddable":true,"href":"https:\/\/pawz.rs\/en\/wp-json\/wp\/v2\/product_tag?post=37756"}],"curies":[{"name":"wp","href":"https:\/\/api.w.org\/{rel}","templated":true}]}}