{"id":37759,"date":"2025-02-04T16:00:05","date_gmt":"2025-02-04T15:00:05","guid":{"rendered":"https:\/\/pawz.rs\/?post_type=product&#038;p=37759"},"modified":"2026-05-04T19:43:56","modified_gmt":"2026-05-04T17:43:56","slug":"hills-science-plan-dog-adult-smallmini-jagnjetina-i-pirinac-6kg-31-gratis","status":"publish","type":"product","link":"https:\/\/pawz.rs\/en\/hills-science-plan-dog-adult-smallmini-jagnjetina-i-pirinac-6kg-31-gratis\/","title":{"rendered":"Hill&#8217;s Science Plan Dog Adult Small&#038;Mini Jagnjetina i Pirina\u010d 6kg 3+1 GRATIS"},"content":{"rendered":"<p>Kompletna suva hrana za odrasle pse malih i minijaturnih rasa starosti od 1\u00a0do 6\u00a0godina, telesne mase do 10 kg. Specijalna mala granula je precizno prilago\u0111ena za potrebe malih pasa. Prilago\u0111ena ishrana za jedinstvene potrebe malih pasa u najboljim godinama njihovog \u017eivota.<\/p>\n<p>Lako svarljivi sastojci za zdravu probavu<\/p>\n<p>Hranjiva me\u0161avina Omega-6 i Vitamina E za zdravu ko\u017eu i sjajnu dlaku<\/p>\n<p>Visokokvalitetne belan\u010devine za vitke mi\u0161i\u0107e<\/p>\n<p>Sadr\u017ei specijalno prilago\u0111en Small&amp;Mini antioksidant za dugoro\u010dnu podr\u0161ku imunitetu<\/p>\n<p>Klini\u010dki dokazani antioksidansi, VItamini C i E za zdrav imunolo\u0161ki sastav<\/p>\n<p>Bez ve\u0161ta\u010dkih konzervanasa, poja\u010diva\u010da ukusa, boja<\/p>\n<p>Proizvedeno u EU<\/p>\n<p>&nbsp;<\/p>\n\n    <div class=\"xs_social_share_widget xs_share_url after_content \t\tmain_content  wslu-style-1 wslu-share-box-shaped wslu-fill-colored wslu-none wslu-share-horizontal wslu-theme-font-no wslu-main_content\">\n\n\t\t\n        <ul>\n\t\t\t        <\/ul>\n    <\/div>","protected":false},"excerpt":{"rendered":"<p>Hill&#8217;s Science Plan Dog Adult Small&amp;Mini Jagnjetina i Pirina\u010d 6kg 3+1 GRATIS<\/p>","protected":false},"featured_media":37761,"comment_status":"open","ping_status":"closed","template":"","meta":{"_acf_changed":false},"pwb-brand":[916],"product_cat":[49,47,48],"product_tag":[],"class_list":{"0":"post-37759","1":"product","2":"type-product","3":"status-publish","4":"has-post-thumbnail","6":"pwb-brand-hills","7":"product_cat-granule-za-pse","8":"product_cat-psi","9":"product_cat-hrana-za-pse","11":"first","12":"instock","13":"taxable","14":"shipping-taxable","15":"purchasable","16":"product-type-simple"},"acf":[],"brands":[{"id":916,"name":"Hills","slug":"hills"}],"_links":{"self":[{"href":"https:\/\/pawz.rs\/en\/wp-json\/wp\/v2\/product\/37759","targetHints":{"allow":["GET"]}}],"collection":[{"href":"https:\/\/pawz.rs\/en\/wp-json\/wp\/v2\/product"}],"about":[{"href":"https:\/\/pawz.rs\/en\/wp-json\/wp\/v2\/types\/product"}],"replies":[{"embeddable":true,"href":"https:\/\/pawz.rs\/en\/wp-json\/wp\/v2\/comments?post=37759"}],"wp:featuredmedia":[{"embeddable":true,"href":"https:\/\/pawz.rs\/en\/wp-json\/wp\/v2\/media\/37761"}],"wp:attachment":[{"href":"https:\/\/pawz.rs\/en\/wp-json\/wp\/v2\/media?parent=37759"}],"wp:term":[{"taxonomy":"pwb-brand","embeddable":true,"href":"https:\/\/pawz.rs\/en\/wp-json\/wp\/v2\/pwb-brand?post=37759"},{"taxonomy":"product_cat","embeddable":true,"href":"https:\/\/pawz.rs\/en\/wp-json\/wp\/v2\/product_cat?post=37759"},{"taxonomy":"product_tag","embeddable":true,"href":"https:\/\/pawz.rs\/en\/wp-json\/wp\/v2\/product_tag?post=37759"}],"curies":[{"name":"wp","href":"https:\/\/api.w.org\/{rel}","templated":true}]}}