{"id":37765,"date":"2025-02-04T16:00:17","date_gmt":"2025-02-04T15:00:17","guid":{"rendered":"https:\/\/pawz.rs\/?post_type=product&#038;p=37765"},"modified":"2026-05-04T19:43:58","modified_gmt":"2026-05-04T17:43:58","slug":"hills-science-plan-dog-puppy-medium-piletina-14kg-31-gratis","status":"publish","type":"product","link":"https:\/\/pawz.rs\/en\/hills-science-plan-dog-puppy-medium-piletina-14kg-31-gratis\/","title":{"rendered":"Hill&#8217;s Science Plan Dog Puppy Medium Piletina 14kg 3+1 GRATIS"},"content":{"rendered":"<p>Hill&#8217;s Science Plan MEDIUM PUPPY HRANA sa Piletinom (piletina 17%, ukupno \u017eivine 50%)<\/p>\n<p>Kompletna suva hrana za \u0161tence srednje velikih rasa do 12 meseci starosti i za skotne kuje i kuje dojilje. Pa\u017eljivo formulisana hrana za razvojne potrebe \u0161tenaca, kako bi dobili najbolji po\u010detak u \u017eivotu i da dostignu svoj puni potencijal.<\/p>\n<p>DHA iz ribljeg ulja za zdrav razvoj mozga i o\u010diju<\/p>\n<p>Izbalansirani minerali za jake kosti i zube<\/p>\n<p>Visokokvalitetni proteini za izgradnju vitke mi\u0161i\u0107ne mase<\/p>\n<p>Nije ve\u0161ta\u010dki o\u010duvan. Bez sinteti\u010dkih boja. Bez ve\u0161ta\u010dkih aroma.<\/p>\n<p>Proizvedeno u EU.<\/p>\n<p>&nbsp;<\/p>\n\n    <div class=\"xs_social_share_widget xs_share_url after_content \t\tmain_content  wslu-style-1 wslu-share-box-shaped wslu-fill-colored wslu-none wslu-share-horizontal wslu-theme-font-no wslu-main_content\">\n\n\t\t\n        <ul>\n\t\t\t        <\/ul>\n    <\/div>","protected":false},"excerpt":{"rendered":"<p>Hill&#8217;s Science Plan Dog Puppy Medium Piletina 14kg 3+1 GRATIS<\/p>","protected":false},"featured_media":37767,"comment_status":"open","ping_status":"closed","template":"","meta":{"_acf_changed":false},"pwb-brand":[916],"product_cat":[49,47,48],"product_tag":[],"class_list":{"0":"post-37765","1":"product","2":"type-product","3":"status-publish","4":"has-post-thumbnail","6":"pwb-brand-hills","7":"product_cat-granule-za-pse","8":"product_cat-psi","9":"product_cat-hrana-za-pse","11":"first","12":"outofstock","13":"taxable","14":"shipping-taxable","15":"purchasable","16":"product-type-simple"},"acf":[],"brands":[{"id":916,"name":"Hills","slug":"hills"}],"_links":{"self":[{"href":"https:\/\/pawz.rs\/en\/wp-json\/wp\/v2\/product\/37765","targetHints":{"allow":["GET"]}}],"collection":[{"href":"https:\/\/pawz.rs\/en\/wp-json\/wp\/v2\/product"}],"about":[{"href":"https:\/\/pawz.rs\/en\/wp-json\/wp\/v2\/types\/product"}],"replies":[{"embeddable":true,"href":"https:\/\/pawz.rs\/en\/wp-json\/wp\/v2\/comments?post=37765"}],"wp:featuredmedia":[{"embeddable":true,"href":"https:\/\/pawz.rs\/en\/wp-json\/wp\/v2\/media\/37767"}],"wp:attachment":[{"href":"https:\/\/pawz.rs\/en\/wp-json\/wp\/v2\/media?parent=37765"}],"wp:term":[{"taxonomy":"pwb-brand","embeddable":true,"href":"https:\/\/pawz.rs\/en\/wp-json\/wp\/v2\/pwb-brand?post=37765"},{"taxonomy":"product_cat","embeddable":true,"href":"https:\/\/pawz.rs\/en\/wp-json\/wp\/v2\/product_cat?post=37765"},{"taxonomy":"product_tag","embeddable":true,"href":"https:\/\/pawz.rs\/en\/wp-json\/wp\/v2\/product_tag?post=37765"}],"curies":[{"name":"wp","href":"https:\/\/api.w.org\/{rel}","templated":true}]}}