{"id":38023,"date":"2025-03-02T00:00:23","date_gmt":"2025-03-01T23:00:23","guid":{"rendered":"https:\/\/pawz.rs\/?post_type=product&#038;p=38023"},"modified":"2026-05-04T19:48:59","modified_gmt":"2026-05-04T17:48:59","slug":"jbl-bionitrat-ex","status":"publish","type":"product","link":"https:\/\/pawz.rs\/en\/jbl-bionitrat-ex\/","title":{"rendered":"JBL BIONITRAT EX"},"content":{"rendered":"<p class=\"ds-markdown-paragraph\"><strong>JBL BioNitrat EX &#8211; <\/strong>visoko efikasni biolo\u0161ki filter materijal za uklanjanje nitrata u slatkovodnim akvarijumima. Kontroli\u0161e rast algi i pobolj\u0161ava \u017eivotne uslove u akvarijumu razlaganjem nitrata.<\/p>\n<p class=\"ds-markdown-paragraph\">Biolo\u0161ka denitrifikacija je redukcija nitrata u azot pomo\u0107u bakterija. JBL BioNitratEX se sastoji od malih kuglica koje sadr\u017ee hranljive materije za bakterije i tako podsti\u010du naseljavanje denitrifikuju\u0107ih bakterija, koje su prisutne u svakom akvarijumu u velikom broju. Mre\u017easta kesica oko filter materijala ograni\u010dava protok vode i na taj na\u010din obezbe\u0111uje ispravnu brzinu protoka unutar kesice.<\/p>\n<p class=\"ds-markdown-paragraph\">Ishod je \u017eeljena sredina siroma\u0161na kiseonikom. Kesica nikada ne sme biti otvorena.<\/p>\n<p class=\"ds-markdown-paragraph\"><strong>Kori\u0161\u0107enje u slatkovodnom akvarijumu:<\/strong>\u00a0postavite mre\u017eastu kesicu kao poslednji filter medijum u akvarijumskom filteru. Ako je potrebno nekoliko kesica, prvo stavite jednu, posle nedelju dana drugu, itd. Za akvarijume sa normalnim brojem riba (maks. 1 cm ribe po litri vode), jedna kesica za 50 litara vode bi trebalo da je dovoljna; u akvarijumima sa ve\u0107om gustinom riba, jedna kesica je dovoljna za 30 litara vode. Jedno pakovanje je dovoljno za 120 do 200 litara vode. Nakon faze aktivacije od 2 do 3 nedelje, materijal dostigne potpunu bakterijsku kolonizaciju i po\u010dinje da razvija pun efekat. Povremeno se unutar kesice nakupi mala koli\u010dina gasa koji oslobodite blagim pritiskom na kesicu. Neugodan miris je potpuno bezopasan i ne ugro\u017eava \u017eivot u akvarijumu. Ne ispirite kesicu. U retkim slu\u010dajevima mogu\u0107e je zamu\u0107enje vode tokom faze aktivacije. To se jednostavno otklanja kratkim filtriranjem sa JBL Carbomec activ-om. Prekomernu razinu nitrata (50 mg\/l i vi\u0161e) potrebno je smanjiti promenom vode ili kori\u0161\u0107enjem jonoizmenjiva\u010da.<\/p>\n<p class=\"ds-markdown-paragraph\"><strong>Kori\u0161\u0107enje u morskom akvarijumu:<\/strong>\u00a0BioNitratEx je pogodan za kori\u0161\u0107enje u morskom akvarijumu. Koristite ga kao \u0161to je opisano za slatkovodne akvarije, ali dodajte jedan sloj aktivnog uglja (JBL Carbomec ultra) uz BioNitratEx u filter kako biste izbegli ispiranje hranljivih materija i kako biste izbegli zamu\u0107enje vode tokom faze aktivacije. Prekomernu razinu nitrata (50 mg\/l i vi\u0161e) potrebno je smanjiti na odgovaraju\u0107i na\u010din (promena vode).<\/p>\n<p class=\"ds-markdown-paragraph\"><strong>Trajanje efekta:<\/strong>\u00a0do 12 meseci u akvarijumima normalne gustine riba (1 cm ribe po litri vode).<\/p>\n<p class=\"ds-markdown-paragraph\"><strong>Kontrola vode:<\/strong>\u00a0koristite JBL Nitrate Test Set NO3<\/p>\n<p class=\"ds-markdown-paragraph\"><strong>Napomena:<\/strong>\u00a0uklanjanje nitrata iz akvarijumske vode ne mo\u017ee u potpunosti zameniti redovnu delimi\u010dnu promenu vode. Mo\u017ee samo produ\u017eiti intervale izmene vode. Uz kori\u0161\u0107enje JBL BioNitratEX-a preporu\u010dujemo izmenu oko 20% akvarijumske vode svakog meseca. To je neophodno da bi se spre\u010dilo nakupijanje \u0161tetnih materija i drugih supstanci.<\/p>\n<p class=\"ds-markdown-paragraph\"><strong>Sastav:<\/strong>\u00a04 mre\u017easte kesice za 30-50 litara (po kesici) vode u zavisnosti od gustine riba.<br \/>\n<strong>Rok trajanja:<\/strong>\u00a0neograni\u010deno.<\/p>\n<p><strong>Proizvo\u0111a\u010d:<\/strong>\u00a0JBL GmbH &amp; Co. KG Dieselstr.3, D-67141 Neuhofen, Nema\u010dka.<br \/>\n<strong>Zemlja porekla:<\/strong>\u00a0Nema\u010dka.<\/p>\n\n    <div class=\"xs_social_share_widget xs_share_url after_content \t\tmain_content  wslu-style-1 wslu-share-box-shaped wslu-fill-colored wslu-none wslu-share-horizontal wslu-theme-font-no wslu-main_content\">\n\n\t\t\n        <ul>\n\t\t\t        <\/ul>\n    <\/div>","protected":false},"excerpt":{"rendered":"<p><strong>JBL BioNitrat EX <\/strong>biolo\u0161ki filter materijal za uklanjanje nitrata u slatkovodnim akvarijumima<\/p>","protected":false},"featured_media":38025,"comment_status":"open","ping_status":"closed","template":"","meta":{"_acf_changed":false},"pwb-brand":[1004],"product_cat":[993,994],"product_tag":[],"class_list":{"0":"post-38023","1":"product","2":"type-product","3":"status-publish","4":"has-post-thumbnail","6":"pwb-brand-jbl","7":"product_cat-akvaristika","8":"product_cat-oprema-akvaristika","10":"first","11":"instock","12":"taxable","13":"shipping-taxable","14":"purchasable","15":"product-type-simple"},"acf":[],"brands":[{"id":1004,"name":"JBL","slug":"jbl"}],"_links":{"self":[{"href":"https:\/\/pawz.rs\/en\/wp-json\/wp\/v2\/product\/38023","targetHints":{"allow":["GET"]}}],"collection":[{"href":"https:\/\/pawz.rs\/en\/wp-json\/wp\/v2\/product"}],"about":[{"href":"https:\/\/pawz.rs\/en\/wp-json\/wp\/v2\/types\/product"}],"replies":[{"embeddable":true,"href":"https:\/\/pawz.rs\/en\/wp-json\/wp\/v2\/comments?post=38023"}],"wp:featuredmedia":[{"embeddable":true,"href":"https:\/\/pawz.rs\/en\/wp-json\/wp\/v2\/media\/38025"}],"wp:attachment":[{"href":"https:\/\/pawz.rs\/en\/wp-json\/wp\/v2\/media?parent=38023"}],"wp:term":[{"taxonomy":"pwb-brand","embeddable":true,"href":"https:\/\/pawz.rs\/en\/wp-json\/wp\/v2\/pwb-brand?post=38023"},{"taxonomy":"product_cat","embeddable":true,"href":"https:\/\/pawz.rs\/en\/wp-json\/wp\/v2\/product_cat?post=38023"},{"taxonomy":"product_tag","embeddable":true,"href":"https:\/\/pawz.rs\/en\/wp-json\/wp\/v2\/product_tag?post=38023"}],"curies":[{"name":"wp","href":"https:\/\/api.w.org\/{rel}","templated":true}]}}