{"id":38075,"date":"2025-03-07T18:06:02","date_gmt":"2025-03-07T17:06:02","guid":{"rendered":"https:\/\/pawz.rs\/?post_type=product&#038;p=38075"},"modified":"2026-05-04T19:43:53","modified_gmt":"2026-05-04T17:43:53","slug":"hills-prescription-diet-dog-derm-complete-12kg-31-gratis","status":"publish","type":"product","link":"https:\/\/pawz.rs\/en\/hills-prescription-diet-dog-derm-complete-12kg-31-gratis\/","title":{"rendered":"Hill&#8217;s Prescription Diet Dog Derm Complete 12kg 3+1 GRATIS"},"content":{"rendered":"<p>Hill&#8217;s PRESCRIPTION DIET Derm Complete Hrana za Pse<\/p>\n<p>Kompletna suva dijetetska hrana za ku\u0107ne ljubimce za podr\u0161ku funkcije ko\u017ee u slu\u010daju dermatoze i prekomernog gubitka dlake i za smanjenje intolerancije na sastojke i nutrijente kod odraslih pasa. Ova hrana sadr\u017ei visoke nivoe linolne kiseline (LA) i zbir eikosapentaenoi\u010dne kiseline (EPA) i dokozaheksaenske kiseline (DHA), kao i izabrani i ograni\u010deni broj izvora proteina i ugljenih hidrata.<\/p>\n<p><strong>Primarne indikacije:<\/strong><\/p>\n<ul>\n<li>Podr\u017eava zdravlje ko\u017ee u slu\u010dajevima sekundarnih infekcija, ostalih dermatoza<\/li>\n<li>Atopijski dermatitis (alergija na okru\u017eenje)<\/li>\n<li>Ve\u0107ina ne\u017eeljenih reakcija na hranu (AFR) osim poznate alergije na jaja<\/li>\n<li>Dermatitis prouzrokovan alergijom na buve (FAD)<\/li>\n<li>Eksterni otitis (hroni\u010dni)<\/li>\n<li>Pruriti\u010dki dermatitis<\/li>\n<li>Enteropatija kao reakcija na hranu<\/li>\n<\/ul>\n<p>Jedino dijetetsko nutritivno re\u0161enje koje je klini\u010dki dokazano da obezbe\u0111uje \u0161iroku pokrivenost iznutra prema spolja \u2013 bez obzira na osnovni uzrok. Olak\u0161anje pacijenta se lako posti\u017ee i hrana po\u010dinje da radi sa prvom posudom za hranu. Dizajnirano kao potpora restorativnoj terapiji ko\u017ee. Ukusan deo multimodalne terapije ko\u017ee va\u0161eg pacijenta.<\/p>\n<p><strong>Kako \u0107e ovaj proizvod pomo\u0107i ljubimcu:<\/strong><\/p>\n<ul>\n<li>Vidljivo pobolj\u0161anje ko\u017ee kod pasa s osetljivo\u0161\u0107u na hranu<\/li>\n<li>Dokazano smanjuje no\u0107no \u010de\u0161anje i pobolj\u0161ava kvalitet sna<\/li>\n<li>Podr\u017eava barijeru ko\u017ee protiv nadra\u017euju\u0107ih materija iz \u017eivotne sredine tokom cele godine<\/li>\n<\/ul>\n<p><strong>Kako ovaj proizvod deluje:<\/strong><\/p>\n<ul>\n<li>Jedan &#8220;novi&#8221; netaknuti protein koji poma\u017ee u izbegavanju ne\u017eeljenih reakcija na hranu<\/li>\n<li>Sa bioaktivnim sastojcima i fitonutrijentima za podr\u0161ku zdravom imunolo\u0161kom odgovoru<\/li>\n<li>Sa Omega-3 masnik kiselinama iz ribljeg ulja za odr\u017eavanje zdravlja ko\u017ee<\/li>\n<\/ul>\n<p>Da li je va\u0161 ljubimac iz bilo kog razloga nezadovoljan ovom hranom? 100% GARANCIJA ZA ZADOVOLJSTVO za kvalitet, doslednost i ukus ili povrat novca.<\/p>\n<p>Za\u0161tititi od vlage. \u010cuvati na hladnom i suvom mestu.<\/p>\n<p>Sve\u017ea voda treba uvek biti dostupna. Obavezno konsultujte veterinara pre prelaska na veterinarske dijete.<\/p>\n<p>Proizvo\u0111a\u010d: Hill\u2019s Pet Nutrition EU Switzerland<br \/>\nZemlja porekla: \u0160vajcarska<\/p>\n\n    <div class=\"xs_social_share_widget xs_share_url after_content \t\tmain_content  wslu-style-1 wslu-share-box-shaped wslu-fill-colored wslu-none wslu-share-horizontal wslu-theme-font-no wslu-main_content\">\n\n\t\t\n        <ul>\n\t\t\t        <\/ul>\n    <\/div>","protected":false},"excerpt":{"rendered":"<p>Hill&#8217;s Prescription Diet Dog Derm Complete 12kg 3+1 GRATIS<\/p>","protected":false},"featured_media":38076,"comment_status":"open","ping_status":"closed","template":"","meta":{"_acf_changed":false},"pwb-brand":[916],"product_cat":[705,48,47],"product_tag":[1543,1251],"class_list":{"0":"post-38075","1":"product","2":"type-product","3":"status-publish","4":"has-post-thumbnail","6":"pwb-brand-hills","7":"product_cat-veterinarske-dijete-za-pse","8":"product_cat-hrana-za-pse","9":"product_cat-psi","10":"product_tag-hillsvet","11":"product_tag-veterinarske-dijete","13":"first","14":"instock","15":"taxable","16":"shipping-taxable","17":"purchasable","18":"product-type-simple"},"acf":[],"brands":[{"id":916,"name":"Hills","slug":"hills"}],"_links":{"self":[{"href":"https:\/\/pawz.rs\/en\/wp-json\/wp\/v2\/product\/38075","targetHints":{"allow":["GET"]}}],"collection":[{"href":"https:\/\/pawz.rs\/en\/wp-json\/wp\/v2\/product"}],"about":[{"href":"https:\/\/pawz.rs\/en\/wp-json\/wp\/v2\/types\/product"}],"replies":[{"embeddable":true,"href":"https:\/\/pawz.rs\/en\/wp-json\/wp\/v2\/comments?post=38075"}],"wp:featuredmedia":[{"embeddable":true,"href":"https:\/\/pawz.rs\/en\/wp-json\/wp\/v2\/media\/38076"}],"wp:attachment":[{"href":"https:\/\/pawz.rs\/en\/wp-json\/wp\/v2\/media?parent=38075"}],"wp:term":[{"taxonomy":"pwb-brand","embeddable":true,"href":"https:\/\/pawz.rs\/en\/wp-json\/wp\/v2\/pwb-brand?post=38075"},{"taxonomy":"product_cat","embeddable":true,"href":"https:\/\/pawz.rs\/en\/wp-json\/wp\/v2\/product_cat?post=38075"},{"taxonomy":"product_tag","embeddable":true,"href":"https:\/\/pawz.rs\/en\/wp-json\/wp\/v2\/product_tag?post=38075"}],"curies":[{"name":"wp","href":"https:\/\/api.w.org\/{rel}","templated":true}]}}