{"id":38089,"date":"2025-03-07T18:06:02","date_gmt":"2025-03-07T17:06:02","guid":{"rendered":"https:\/\/pawz.rs\/?post_type=product&#038;p=38089"},"modified":"2026-05-04T19:44:07","modified_gmt":"2026-05-04T17:44:07","slug":"hills-prescription-diet-dog-i-d-piletina-12kg-31-gratis","status":"publish","type":"product","link":"https:\/\/pawz.rs\/en\/hills-prescription-diet-dog-i-d-piletina-12kg-31-gratis\/","title":{"rendered":"Hill\u2019s Prescription Diet Dog I\/D Piletina 12kg 3+1 GRATIS"},"content":{"rendered":"<p>Hill&#8217;s PRESCRIPTION DIET i\/d Hrana za Pse sa Piletinom<\/p>\n<p>Visoko svarljiva kompletna dijetetska hrana za ku\u0107ne ljubimce za smanjenje poreme\u0107aja apsorpcije creva, kompenzaciju lo\u0161eg varenja i egzokrine insuficijencije pankreasa kod pasa. Ova hrana ima pove\u0107an nivo natrijuma i kalijuma i izuzetno svarljive sastojke. Izuzetno lako svarljiva ishrana koja klini\u010dki dokazano neguje mikrobiom creva i poma\u017ee u smanjenju uznemirenosti stomaka. Oja\u010dana Hill\u2019s ActivBiome+ tehnologijom sastojaka, vlasni\u010dka me\u0161avina prebiotika, za koju je klini\u010dki dokazano da brzo neguje mikrobiom creva za podr\u0161ku digestivnog zdravlja i blagostanja.<\/p>\n<p>Hill&#8217;s Prescription Diet i\/d suva hrana za pse mo\u017ee da se daje dugoro\u010dno kod pacijenata koji zahtevaju visoko svarljivu hranu sa umerenim nivoima masti. Za optimalan oporavak od akutne GI bolesti, preporu\u010dujemo davanje ove hrane najmanje 7 dana (1-2 nedelje za akutne slu\u010dajeve, 3-12 nedelja za lo\u0161e varenje ili dugoro\u010dno prema potrebi). Odgovaraju\u0107i nivoi hranljivih materija ispunjavaju posebne nutritivne potrebe \u0161tenadi i odraslih pasa.<\/p>\n<p><strong>Kako \u0107e ovaj proizvod pomo\u0107i ljubimcu:<\/strong><\/p>\n<ul>\n<li>Izuzetno ukusna ishrana za nadokna\u0111ivanje izgubljenih hranljivih sastojaka<\/li>\n<li>Broz deluje u podsticanju zdrave stolice i poma\u017ee u pobolj\u0161anju varenja<\/li>\n<li>Poma\u017ee u obnavljanju nivoa energije i podr\u017eava zdrav imunolo\u0161ki sistem<\/li>\n<\/ul>\n<p><strong>Kako ovaj proizvod deluje:<\/strong><\/p>\n<ul>\n<li>Izuzetno lako svarljiva formula koja podr\u017eava laku apsorpciju hranljivih materija<\/li>\n<li>Jedinstvena prebiotska me\u0161avina koja podsti\u010de aktivnost korisnih bakterija u crevima<\/li>\n<li>Visok nivo elektrolita i B vitamina; Klini\u010dki dokazani antioksidansi<\/li>\n<\/ul>\n<p>Va\u017eno je nastaviti hranjenje sa PRESCRIPTION DIET i\/d Digestive Care hranom za pse za pomo\u0107 u odr\u017eavanju zdravlja sistema za varenje kod va\u0161eg psa, \u010dak i posle pobolj\u0161anja simptoma. Posavetujte se sa svojim veterinarom za vi\u0161e informacija o tome kako PRESCRIPTION DIET hrana mo\u017ee da pomogne va\u0161em psu da nastavi u\u017eivanje u sre\u0107nom i aktivnom \u017eivotu.<\/p>\n<p>Da li je va\u0161 ljubimac iz bilo kog razloga nezadovoljan ovom hranom? 100% GARANCIJA ZA ZADOVOLJSTVO za kvalitet, doslednost i ukus ili povrat novca.<\/p>\n<p>Za\u0161tititi od vlage. \u010cuvati na hladnom i suvom mestu.<\/p>\n<p>Sve\u017ea voda treba uvek biti dostupna. Obavezno konsultujte veterinara pre prelaska na veterinarske dijete.<\/p>\n<p>Proizvo\u0111a\u010d: Hill\u2019s Pet Nutrition EU Switzerland<br \/>\nZemlja porekla: \u0160vajcarska<\/p>\n\n    <div class=\"xs_social_share_widget xs_share_url after_content \t\tmain_content  wslu-style-1 wslu-share-box-shaped wslu-fill-colored wslu-none wslu-share-horizontal wslu-theme-font-no wslu-main_content\">\n\n\t\t\n        <ul>\n\t\t\t        <\/ul>\n    <\/div>","protected":false},"excerpt":{"rendered":"<p>Hill\u2019s Prescription Diet Dog I\/D Piletina 12kg 3+1 GRATIS<\/p>","protected":false},"featured_media":38090,"comment_status":"open","ping_status":"closed","template":"","meta":{"_acf_changed":false},"pwb-brand":[916],"product_cat":[705,48,47],"product_tag":[1543,1251],"class_list":{"0":"post-38089","1":"product","2":"type-product","3":"status-publish","4":"has-post-thumbnail","6":"pwb-brand-hills","7":"product_cat-veterinarske-dijete-za-pse","8":"product_cat-hrana-za-pse","9":"product_cat-psi","10":"product_tag-hillsvet","11":"product_tag-veterinarske-dijete","13":"first","14":"instock","15":"taxable","16":"shipping-taxable","17":"purchasable","18":"product-type-simple"},"acf":[],"brands":[{"id":916,"name":"Hills","slug":"hills"}],"_links":{"self":[{"href":"https:\/\/pawz.rs\/en\/wp-json\/wp\/v2\/product\/38089","targetHints":{"allow":["GET"]}}],"collection":[{"href":"https:\/\/pawz.rs\/en\/wp-json\/wp\/v2\/product"}],"about":[{"href":"https:\/\/pawz.rs\/en\/wp-json\/wp\/v2\/types\/product"}],"replies":[{"embeddable":true,"href":"https:\/\/pawz.rs\/en\/wp-json\/wp\/v2\/comments?post=38089"}],"wp:featuredmedia":[{"embeddable":true,"href":"https:\/\/pawz.rs\/en\/wp-json\/wp\/v2\/media\/38090"}],"wp:attachment":[{"href":"https:\/\/pawz.rs\/en\/wp-json\/wp\/v2\/media?parent=38089"}],"wp:term":[{"taxonomy":"pwb-brand","embeddable":true,"href":"https:\/\/pawz.rs\/en\/wp-json\/wp\/v2\/pwb-brand?post=38089"},{"taxonomy":"product_cat","embeddable":true,"href":"https:\/\/pawz.rs\/en\/wp-json\/wp\/v2\/product_cat?post=38089"},{"taxonomy":"product_tag","embeddable":true,"href":"https:\/\/pawz.rs\/en\/wp-json\/wp\/v2\/product_tag?post=38089"}],"curies":[{"name":"wp","href":"https:\/\/api.w.org\/{rel}","templated":true}]}}