{"id":38100,"date":"2025-03-07T18:06:02","date_gmt":"2025-03-07T17:06:02","guid":{"rendered":"https:\/\/pawz.rs\/?post_type=product&#038;p=38100"},"modified":"2026-05-04T19:44:10","modified_gmt":"2026-05-04T17:44:10","slug":"hills-prescription-diet-i-d-low-fat-stew-piletina-i-povrce-konzerva-156g","status":"publish","type":"product","link":"https:\/\/pawz.rs\/en\/hills-prescription-diet-i-d-low-fat-stew-piletina-i-povrce-konzerva-156g\/","title":{"rendered":"Hill&#8217;s Prescription Diet  I\/D Low Fat Stew Piletina i Povr\u0107e Konzerva 156g"},"content":{"rendered":"<p>Lako svarljiva potpuna dijetetska hrana za smanjenje poreme\u0107aja resorpcije u crevima, uravnote\u017eenje hranjivih materija kod slabe probave i egzokrinu insuficijenciju pankreasa kod odraslih pasa. Ova hrana ima pove\u0107ane koncentracije natrijuma i kalijuma kao i\u00a0 lako svarljive sastojke.<\/p>\n<p>Hill&#8217;s PRESCRIPTION DIET i\/d Low Fat Hrana za Pse je hrana sjajnog ukusa, lako svarljiva, s niskim sadr\u017eajem masti, koja poma\u017ee u regulaciji slo\u017eenih poreme\u0107aja koji reaguju na masti (kao \u0161to su pankreatitis i hiperlipidemija) kod pasa. Posebno je formulisana za pse kojima je potrebna lako svarljiva hrana s niskim sadr\u017eajem masti i dokazano sni\u017eava trigliceride u serumu, kod ljubimaca s hipertrigliceridemijom (rizi\u010dnim faktorom za nastanak pankreatitisa). S revolucionarnom Hill&#8217;s ActivBiome+ tehnologijom sastojaka koja klini\u010dki dokazano ubrzano hrani crevni mikrobiom za zdravlje probavnog sistema i celog organizma.<\/p>\n<p><strong>Glavne indikacije:<\/strong><\/p>\n<ul>\n<li>Pankreatitis;<\/li>\n<li>Hiperlipidemija;<\/li>\n<li>Egzokrina insuficijencija pankreasa;<\/li>\n<li>Enteropatija kod koje dolazi do gubitka proteina uz limfangiektaziju;<\/li>\n<li>Cushingov sindrom i<\/li>\n<li>Dijabetes uz hiperlipidemiju ili pankreatitis.<\/li>\n<\/ul>\n<p><strong>Kako ovaj proizvod poma\u017ee va\u0161em ljubimcu:<\/strong><\/p>\n<ul>\n<li>Poma\u017ee pobolj\u0161anju probave i apsorpciji nutrijenata;<\/li>\n<li>Podsti\u010de aktivnost korisnih crevnih bakterija i pobolj\u0161ava kvalitet stolice i<\/li>\n<li>Odr\u017eava zdrav imunolo\u0161ki sistem.<\/li>\n<\/ul>\n<p><strong>Kako ovaj proizvod deluje:<\/strong><\/p>\n<ul>\n<li>Lako svarljiva hrana s niskim sadr\u017eajem masti;<\/li>\n<li>Jedinstvena me\u0161avina prebiotika i \u0111umbir i<\/li>\n<li>Oboga\u0107ena s klini\u010dki dokazanim antioksidansima i Omega-3<\/li>\n<\/ul>\n<p>Va\u017eno je nastaviti hraniti va\u0161eg psa s PRESCRIPTION DIET i\/d Low Fat Digestive Care hranom za pse za odr\u017eavanje zdravlja probavnog sistema, \u010dak i nakon pobolj\u0161anja simptoma. Obratite se va\u0161em veterinaru za sve dodatne informacije o tome kako hrana PRESCRIPTION DIET mo\u017ee pomo\u0107i va\u0161em psu da nastavi u\u017eivati u sre\u0107nom i aktivnom \u017eivotu.<\/p>\n<p>Sve\u017ea voda treba uvek biti dostupna. Obavezno konsultujte veterinara pre prelaska na veterinarske dijete.<\/p>\n<p>Proizvo\u0111a\u010d: Hill\u2019s Pet Nutrition EU Switzerland<br \/>\nZemlja porekla: \u0160vajcarska<\/p>\n\n    <div class=\"xs_social_share_widget xs_share_url after_content \t\tmain_content  wslu-style-1 wslu-share-box-shaped wslu-fill-colored wslu-none wslu-share-horizontal wslu-theme-font-no wslu-main_content\">\n\n\t\t\n        <ul>\n\t\t\t        <\/ul>\n    <\/div>","protected":false},"excerpt":{"rendered":"<p>Hill&#8217;s Prescription Diet I\/D Low Fat Stew Piletina i Povr\u0107e Konzerva 156g<\/p>","protected":false},"featured_media":38102,"comment_status":"open","ping_status":"closed","template":"","meta":{"_acf_changed":false},"pwb-brand":[916],"product_cat":[705,48,47],"product_tag":[1543,1251],"class_list":{"0":"post-38100","1":"product","2":"type-product","3":"status-publish","4":"has-post-thumbnail","6":"pwb-brand-hills","7":"product_cat-veterinarske-dijete-za-pse","8":"product_cat-hrana-za-pse","9":"product_cat-psi","10":"product_tag-hillsvet","11":"product_tag-veterinarske-dijete","13":"first","14":"instock","15":"taxable","16":"shipping-taxable","17":"purchasable","18":"product-type-simple"},"acf":[],"brands":[{"id":916,"name":"Hills","slug":"hills"}],"_links":{"self":[{"href":"https:\/\/pawz.rs\/en\/wp-json\/wp\/v2\/product\/38100","targetHints":{"allow":["GET"]}}],"collection":[{"href":"https:\/\/pawz.rs\/en\/wp-json\/wp\/v2\/product"}],"about":[{"href":"https:\/\/pawz.rs\/en\/wp-json\/wp\/v2\/types\/product"}],"replies":[{"embeddable":true,"href":"https:\/\/pawz.rs\/en\/wp-json\/wp\/v2\/comments?post=38100"}],"wp:featuredmedia":[{"embeddable":true,"href":"https:\/\/pawz.rs\/en\/wp-json\/wp\/v2\/media\/38102"}],"wp:attachment":[{"href":"https:\/\/pawz.rs\/en\/wp-json\/wp\/v2\/media?parent=38100"}],"wp:term":[{"taxonomy":"pwb-brand","embeddable":true,"href":"https:\/\/pawz.rs\/en\/wp-json\/wp\/v2\/pwb-brand?post=38100"},{"taxonomy":"product_cat","embeddable":true,"href":"https:\/\/pawz.rs\/en\/wp-json\/wp\/v2\/product_cat?post=38100"},{"taxonomy":"product_tag","embeddable":true,"href":"https:\/\/pawz.rs\/en\/wp-json\/wp\/v2\/product_tag?post=38100"}],"curies":[{"name":"wp","href":"https:\/\/api.w.org\/{rel}","templated":true}]}}