{"id":38251,"date":"2025-03-24T08:34:36","date_gmt":"2025-03-24T07:34:36","guid":{"rendered":"https:\/\/pawz.rs\/?post_type=product&#038;p=38251"},"modified":"2026-03-09T14:08:24","modified_gmt":"2026-03-09T13:08:24","slug":"meglium-puppy-pork-14kg","status":"publish","type":"product","link":"https:\/\/pawz.rs\/en\/meglium-puppy-pork-14kg\/","title":{"rendered":"Meglium Puppy Pork 14kg"},"content":{"rendered":"<p><strong>Meglium Puppy Pork 14kg<\/strong><\/p>\n<p>Meglium Puppy Pork je potpuna hrana za \u0161tence sa svinjetinom, bogata visokovrednim proteinima i pirin\u010dem kao izvorom ugljenih hidrata i laka za asimilaciju organizma. Sadr\u017eaj proteina i izbalansiran unos vitamina \u010dine ga dobrim i hranljivim re\u0161enjem za pse sa probavnom osetljivo\u0161c\u0301u.<\/p>\n<p><strong>Sastav:<\/strong> dehidrirani \u017eivotinjski proteini (32% od kojih svinjetina 14%), kukuruz, p\u0161enica, pilec\u0301a mast, kukuruzno bra\u0161no, suva pulpa cvekle (2%), kvasci, minerali.<\/p>\n<p><strong>Supplements per kg:<\/strong> 3a672a vitamin A 13500 UI, 3aE671 vitamin D3 950 UI, 3a700 vitamin E 115mg, 3b405 bakar 12mg, 3b101 gvo\u017e\u0111e 24mg,3b502 mangan 48mg, 3b605 cink 54mg, 3b201 jod 0,9mg, 3b801 selen 0,12mg.<\/p>\n<p><strong>Analiti\u010dke komponente:<\/strong> sirovi proteini 28%, sirova vlakna 2,6%, sirova mast 16%, sirovi pepeo 8,4%, vlaga 8%. Energija koja se mo\u017ee metabolizirati: 3750 Kcal\/kg.<\/p>\n<p>Serve food in dry form with available fresh water.<br \/>\nFor your pet&#039;s health, consult a veterinarian regularly.<\/p>\n<p>Store the product in a dry, dark and cool place.<\/p>\n<p>Proizvo\u0111a\u010d: MISTER PET S.P.A.<br \/>\nZemlja porekla: Italija<\/p>\n\n    <div class=\"xs_social_share_widget xs_share_url after_content \t\tmain_content  wslu-style-1 wslu-share-box-shaped wslu-fill-colored wslu-none wslu-share-horizontal wslu-theme-font-no wslu-main_content\">\n\n\t\t\n        <ul>\n\t\t\t        <\/ul>\n    <\/div>","protected":false},"excerpt":{"rendered":"<p>Meglium Puppy Pork je potpuna hrana za \u0161tence sa svinjetinom<\/p>","protected":false},"featured_media":38252,"comment_status":"open","ping_status":"closed","template":"","meta":{"_acf_changed":false},"pwb-brand":[1255],"product_cat":[49,47,48],"product_tag":[209,1237,1542],"class_list":{"0":"post-38251","1":"product","2":"type-product","3":"status-publish","4":"has-post-thumbnail","6":"pwb-brand-meglium","7":"product_cat-granule-za-pse","8":"product_cat-psi","9":"product_cat-hrana-za-pse","10":"product_tag-bez-glutena","11":"product_tag-bump-psi","12":"product_tag-uuuuuuu43782946394u8327439782","14":"first","15":"instock","16":"taxable","17":"shipping-taxable","18":"purchasable","19":"product-type-simple"},"acf":[],"brands":[{"id":1255,"name":"Meglium","slug":"meglium"}],"_links":{"self":[{"href":"https:\/\/pawz.rs\/en\/wp-json\/wp\/v2\/product\/38251","targetHints":{"allow":["GET"]}}],"collection":[{"href":"https:\/\/pawz.rs\/en\/wp-json\/wp\/v2\/product"}],"about":[{"href":"https:\/\/pawz.rs\/en\/wp-json\/wp\/v2\/types\/product"}],"replies":[{"embeddable":true,"href":"https:\/\/pawz.rs\/en\/wp-json\/wp\/v2\/comments?post=38251"}],"wp:featuredmedia":[{"embeddable":true,"href":"https:\/\/pawz.rs\/en\/wp-json\/wp\/v2\/media\/38252"}],"wp:attachment":[{"href":"https:\/\/pawz.rs\/en\/wp-json\/wp\/v2\/media?parent=38251"}],"wp:term":[{"taxonomy":"pwb-brand","embeddable":true,"href":"https:\/\/pawz.rs\/en\/wp-json\/wp\/v2\/pwb-brand?post=38251"},{"taxonomy":"product_cat","embeddable":true,"href":"https:\/\/pawz.rs\/en\/wp-json\/wp\/v2\/product_cat?post=38251"},{"taxonomy":"product_tag","embeddable":true,"href":"https:\/\/pawz.rs\/en\/wp-json\/wp\/v2\/product_tag?post=38251"}],"curies":[{"name":"wp","href":"https:\/\/api.w.org\/{rel}","templated":true}]}}