{"id":38253,"date":"2025-03-24T08:34:36","date_gmt":"2025-03-24T07:34:36","guid":{"rendered":"https:\/\/pawz.rs\/?post_type=product&#038;p=38253"},"modified":"2026-03-09T14:08:20","modified_gmt":"2026-03-09T13:08:20","slug":"meglium-adult-beef-14kg","status":"publish","type":"product","link":"https:\/\/pawz.rs\/en\/meglium-adult-beef-14kg\/","title":{"rendered":"Meglium Adult Beef 14kg"},"content":{"rendered":"<p><strong>Meglium Adult Beef 14kg<\/strong><\/p>\n<p>Meglium Adult je kompletna i ukusna hrana. Sadr\u017ei govedinu kao izvor proteina i pulpu repe kao izvor vlakana, vitamina i minerala.<br \/>\nSastojci\u00a0koji ga \u010dine preporu\u010denom hranom za sve potrebe odraslih pasa.<\/p>\n<p><strong>Sastav:<\/strong> dehidrirani \u017eivotinjski proteini (31% od toga gove\u0111e 16%), kukuruz, p\u0161enica, kukuruzno bra\u0161no, pilec\u0301a mast, su\u0161ena pulpa cvekle (2%), minerali.<\/p>\n<p><strong>Aditivi po kg<\/strong>: 3a672a vitamin A 11250UI, 3b502 mangan (mangan oksid) 40 mg, E671 vitamin D3 800 UI, 3b605 cink (cink sulfat monohidrat) 45 mg, 3a700 vitamin E (t. r.9 mg Acet al. 3b201 jod (kalijum jodid) 0,75 mg, E4 bakar (bakar sulfat pentahidrat) 10 mg, E8 selen (natrijum selenit) 0,1 mg, E1 gvo\u017e\u0111e (fero-karbonat) 20 mg.<\/p>\n<p><strong>Analiti\u010dki sastojci:<\/strong> sirovi proteini 24%, sirova vlakna 2,6%, sirova mast 12%, sirovi pepeo 8,5%, vlaga 8%. Energija koja se mo\u017ee metabolizirati: 3630 Kcal\/kg.<\/p>\n<p>Serve food in dry form with available fresh water.<br \/>\nFor your pet&#039;s health, consult a veterinarian regularly.<\/p>\n<p>Store the product in a dry, dark and cool place.<\/p>\n<p>Proizvo\u0111a\u010d: MISTER PET S.P.A.<br \/>\nZemlja porekla: Italija<\/p>\n\n    <div class=\"xs_social_share_widget xs_share_url after_content \t\tmain_content  wslu-style-1 wslu-share-box-shaped wslu-fill-colored wslu-none wslu-share-horizontal wslu-theme-font-no wslu-main_content\">\n\n\t\t\n        <ul>\n\t\t\t        <\/ul>\n    <\/div>","protected":false},"excerpt":{"rendered":"<p>Meglium Adult je kompletna i ukusna hrana sa govedinom za odrasle pse.<\/p>","protected":false},"featured_media":38254,"comment_status":"open","ping_status":"closed","template":"","meta":{"_acf_changed":false},"pwb-brand":[1255],"product_cat":[49,47,48],"product_tag":[209,1237,1542],"class_list":{"0":"post-38253","1":"product","2":"type-product","3":"status-publish","4":"has-post-thumbnail","6":"pwb-brand-meglium","7":"product_cat-granule-za-pse","8":"product_cat-psi","9":"product_cat-hrana-za-pse","10":"product_tag-bez-glutena","11":"product_tag-bump-psi","12":"product_tag-uuuuuuu43782946394u8327439782","14":"first","15":"instock","16":"taxable","17":"shipping-taxable","18":"purchasable","19":"product-type-simple"},"acf":[],"brands":[{"id":1255,"name":"Meglium","slug":"meglium"}],"_links":{"self":[{"href":"https:\/\/pawz.rs\/en\/wp-json\/wp\/v2\/product\/38253","targetHints":{"allow":["GET"]}}],"collection":[{"href":"https:\/\/pawz.rs\/en\/wp-json\/wp\/v2\/product"}],"about":[{"href":"https:\/\/pawz.rs\/en\/wp-json\/wp\/v2\/types\/product"}],"replies":[{"embeddable":true,"href":"https:\/\/pawz.rs\/en\/wp-json\/wp\/v2\/comments?post=38253"}],"wp:featuredmedia":[{"embeddable":true,"href":"https:\/\/pawz.rs\/en\/wp-json\/wp\/v2\/media\/38254"}],"wp:attachment":[{"href":"https:\/\/pawz.rs\/en\/wp-json\/wp\/v2\/media?parent=38253"}],"wp:term":[{"taxonomy":"pwb-brand","embeddable":true,"href":"https:\/\/pawz.rs\/en\/wp-json\/wp\/v2\/pwb-brand?post=38253"},{"taxonomy":"product_cat","embeddable":true,"href":"https:\/\/pawz.rs\/en\/wp-json\/wp\/v2\/product_cat?post=38253"},{"taxonomy":"product_tag","embeddable":true,"href":"https:\/\/pawz.rs\/en\/wp-json\/wp\/v2\/product_tag?post=38253"}],"curies":[{"name":"wp","href":"https:\/\/api.w.org\/{rel}","templated":true}]}}