{"id":38257,"date":"2025-03-24T08:34:33","date_gmt":"2025-03-24T07:34:33","guid":{"rendered":"https:\/\/pawz.rs\/?post_type=product&#038;p=38257"},"modified":"2026-03-09T14:08:32","modified_gmt":"2026-03-09T13:08:32","slug":"meglium-adult-chicken-14kg","status":"publish","type":"product","link":"https:\/\/pawz.rs\/en\/meglium-adult-chicken-14kg\/","title":{"rendered":"Meglium Adult Chicken 14kg"},"content":{"rendered":"<p><strong>Meglium Adult Chicken 14kg<\/strong><\/p>\n<p>Meglium Adult Chicken je potpuna hrana sa piletinom, bogata visokovrednim proteinima. Sadr\u017eaj proteina i izbalansiran unos vitamina \u010dine ga dobrim i hranljivim re\u0161enjem.<\/p>\n<p><strong>Sastav:<\/strong> dehidrirani \u017eivotinjski proteini, 31% piletina, kukuruz, p\u0161enica, kukuruzno bra\u0161no, pilec\u0301a mast, su\u0161ena pulpa cvekle (2%), minerali.<\/p>\n<p><strong>Metaboli\u010dka energija:<\/strong> 3630 Kcal \/ kg Hranljivi aditivi po kg: 3a672a Vitamin A 11250 UI, Vitamin D3 800 UI, 3a700 Vitamin E (Vrasecemni-alfa-tokoferil acetat) 95 mg, E4 bakar sulfat pentahidrat 10 mg, E1 gvo\u017e\u0111e karbonat, mangazin oksid E5, 20 mg, E6, mangazin oksid, E6 monohidrat 45 mg, E2 kalijum jodid 0,75 mg.<\/p>\n<p><strong>Analytical composition:<\/strong> Sirovi proteini 24% masti 12% Ulaganje 8% Sirovi pepeo 8,5% Sirova vlakna 2,6%<\/p>\n<p>Serve food in dry form with available fresh water.<br \/>\nFor your pet&#039;s health, consult a veterinarian regularly.<\/p>\n<p>Store the product in a dry, dark and cool place.<\/p>\n<p>Proizvo\u0111a\u010d: MISTER PET S.P.A.<br \/>\nZemlja porekla: Italija<\/p>\n\n    <div class=\"xs_social_share_widget xs_share_url after_content \t\tmain_content  wslu-style-1 wslu-share-box-shaped wslu-fill-colored wslu-none wslu-share-horizontal wslu-theme-font-no wslu-main_content\">\n\n\t\t\n        <ul>\n\t\t\t        <\/ul>\n    <\/div>","protected":false},"excerpt":{"rendered":"<p>Meglium Adult Chicken je kompletna i ukusna hrana sa piletinom za odrasle pse.<\/p>","protected":false},"featured_media":38260,"comment_status":"open","ping_status":"closed","template":"","meta":{"_acf_changed":false},"pwb-brand":[1255],"product_cat":[49,47,48],"product_tag":[209,1237,1542],"class_list":{"0":"post-38257","1":"product","2":"type-product","3":"status-publish","4":"has-post-thumbnail","6":"pwb-brand-meglium","7":"product_cat-granule-za-pse","8":"product_cat-psi","9":"product_cat-hrana-za-pse","10":"product_tag-bez-glutena","11":"product_tag-bump-psi","12":"product_tag-uuuuuuu43782946394u8327439782","14":"first","15":"instock","16":"taxable","17":"shipping-taxable","18":"purchasable","19":"product-type-simple"},"acf":[],"brands":[{"id":1255,"name":"Meglium","slug":"meglium"}],"_links":{"self":[{"href":"https:\/\/pawz.rs\/en\/wp-json\/wp\/v2\/product\/38257","targetHints":{"allow":["GET"]}}],"collection":[{"href":"https:\/\/pawz.rs\/en\/wp-json\/wp\/v2\/product"}],"about":[{"href":"https:\/\/pawz.rs\/en\/wp-json\/wp\/v2\/types\/product"}],"replies":[{"embeddable":true,"href":"https:\/\/pawz.rs\/en\/wp-json\/wp\/v2\/comments?post=38257"}],"wp:featuredmedia":[{"embeddable":true,"href":"https:\/\/pawz.rs\/en\/wp-json\/wp\/v2\/media\/38260"}],"wp:attachment":[{"href":"https:\/\/pawz.rs\/en\/wp-json\/wp\/v2\/media?parent=38257"}],"wp:term":[{"taxonomy":"pwb-brand","embeddable":true,"href":"https:\/\/pawz.rs\/en\/wp-json\/wp\/v2\/pwb-brand?post=38257"},{"taxonomy":"product_cat","embeddable":true,"href":"https:\/\/pawz.rs\/en\/wp-json\/wp\/v2\/product_cat?post=38257"},{"taxonomy":"product_tag","embeddable":true,"href":"https:\/\/pawz.rs\/en\/wp-json\/wp\/v2\/product_tag?post=38257"}],"curies":[{"name":"wp","href":"https:\/\/api.w.org\/{rel}","templated":true}]}}