{"id":38258,"date":"2025-03-24T08:34:34","date_gmt":"2025-03-24T07:34:34","guid":{"rendered":"https:\/\/pawz.rs\/?post_type=product&#038;p=38258"},"modified":"2026-03-09T14:08:28","modified_gmt":"2026-03-09T13:08:28","slug":"meglium-adult-sport-15kg","status":"publish","type":"product","link":"https:\/\/pawz.rs\/en\/meglium-adult-sport-15kg\/","title":{"rendered":"Meglium Adult Sport 15kg"},"content":{"rendered":"<p><strong>Meglium Adult Sport 15kg<\/strong><\/p>\n<p>Meglium Adult Sport je potpuna hrana sa me\u0161anim mesom, koja je bogata visokovrednim proteinima. Sadr\u017eaj proteina i izbalansiran unos vitamina \u010dine ga dobrim i hranljivim re\u0161enjem.<\/p>\n<p><strong>Sastav:<\/strong> kukuruz, dehidrirani \u017eivotinjski proteini (32%), p\u0161enica, pile\u0107a mast, su\u0161ena pulpa cvekle (1,5%), minerali.<\/p>\n<p><strong>Nutritivni aditivi po kg:<\/strong> 3a672a A vitamin 7000 UI, E671 D3 vitamin 500 ul, 3a700 E vitamin (t. r. alfa toc. acet.) 60 mg, E4 bakar (bakar sulfat pentahidrat) 6 mg, E1 gvo\u017e\u0111e karbonat (fero) 12 mg, E5 mangan (manganov oksid) 24 mg, 3b605 cink (cink sulfat monohidrat) 27 mg, 3b201 jod (kalijum jodid) 0,45 mg, E8 selen (natrijum selenit) 0,06 mg.<\/p>\n<p><strong>Analiti\u010dki sastojci<\/strong>: Vlaga 8%, Sirovi proteini 28%, sirova ulja i masti 14%, sirovi pepeo 8,8%, sirova vlakna 2,6%.<\/p>\n<p>Serve food in dry form with available fresh water.<br \/>\nFor your pet&#039;s health, consult a veterinarian regularly.<\/p>\n<p>Store the product in a dry, dark and cool place.<\/p>\n<p>Proizvo\u0111a\u010d: MISTER PET S.P.A.<br \/>\nZemlja porekla: Italija<\/p>\n\n    <div class=\"xs_social_share_widget xs_share_url after_content \t\tmain_content  wslu-style-1 wslu-share-box-shaped wslu-fill-colored wslu-none wslu-share-horizontal wslu-theme-font-no wslu-main_content\">\n\n\t\t\n        <ul>\n\t\t\t        <\/ul>\n    <\/div>","protected":false},"excerpt":{"rendered":"<p>Meglium Adult Sport je kompletna i ukusna hrana sa me\u0161anim mesom za odrasle pse.<\/p>","protected":false},"featured_media":38259,"comment_status":"open","ping_status":"closed","template":"","meta":{"_acf_changed":false},"pwb-brand":[1255],"product_cat":[49,47,48],"product_tag":[209,1237,1542],"class_list":{"0":"post-38258","1":"product","2":"type-product","3":"status-publish","4":"has-post-thumbnail","6":"pwb-brand-meglium","7":"product_cat-granule-za-pse","8":"product_cat-psi","9":"product_cat-hrana-za-pse","10":"product_tag-bez-glutena","11":"product_tag-bump-psi","12":"product_tag-uuuuuuu43782946394u8327439782","14":"first","15":"instock","16":"taxable","17":"shipping-taxable","18":"purchasable","19":"product-type-simple"},"acf":[],"brands":[{"id":1255,"name":"Meglium","slug":"meglium"}],"_links":{"self":[{"href":"https:\/\/pawz.rs\/en\/wp-json\/wp\/v2\/product\/38258","targetHints":{"allow":["GET"]}}],"collection":[{"href":"https:\/\/pawz.rs\/en\/wp-json\/wp\/v2\/product"}],"about":[{"href":"https:\/\/pawz.rs\/en\/wp-json\/wp\/v2\/types\/product"}],"replies":[{"embeddable":true,"href":"https:\/\/pawz.rs\/en\/wp-json\/wp\/v2\/comments?post=38258"}],"wp:featuredmedia":[{"embeddable":true,"href":"https:\/\/pawz.rs\/en\/wp-json\/wp\/v2\/media\/38259"}],"wp:attachment":[{"href":"https:\/\/pawz.rs\/en\/wp-json\/wp\/v2\/media?parent=38258"}],"wp:term":[{"taxonomy":"pwb-brand","embeddable":true,"href":"https:\/\/pawz.rs\/en\/wp-json\/wp\/v2\/pwb-brand?post=38258"},{"taxonomy":"product_cat","embeddable":true,"href":"https:\/\/pawz.rs\/en\/wp-json\/wp\/v2\/product_cat?post=38258"},{"taxonomy":"product_tag","embeddable":true,"href":"https:\/\/pawz.rs\/en\/wp-json\/wp\/v2\/product_tag?post=38258"}],"curies":[{"name":"wp","href":"https:\/\/api.w.org\/{rel}","templated":true}]}}