{"id":39071,"date":"2025-05-23T19:45:07","date_gmt":"2025-05-23T17:45:07","guid":{"rendered":"https:\/\/pawz.rs\/?post_type=product&#038;p=39071"},"modified":"2025-06-29T19:49:54","modified_gmt":"2025-06-29T17:49:54","slug":"tauro-pro-line-delicate-puppy-kitten-shampoo-gentle-coat-400-ml","status":"publish","type":"product","link":"https:\/\/pawz.rs\/en\/tauro-pro-line-delicate-puppy-kitten-shampoo-gentle-coat-400-ml\/","title":{"rendered":"Tauro Pro Line Delicate Puppy &#038; Kitten Shampoo &#8211; Gentle Coat 400 ml"},"content":{"rendered":"<p><strong>Tauro Pro Line Delicate Puppy &amp; Kitten Shampoo &#8211; Gentle Coat 400 ml<\/strong><\/p>\n<div class=\"col-md-12 text-center\">\n<p>\u0160ampon namenjen ekstremno ne\u017enoj nezi \u0161tenaca i ma\u010di\u0107a<\/p>\n<\/div>\n<p><strong>1 Korak &#8211; \u010di\u0161\u0107enje<\/strong><\/p>\n<p>\u0160ampon uklanja prljav\u0161tinu, vi\u0161ak ulja, \u010destice pra\u0161ine i tragove prethodno kori\u0161\u010denih proizvoda za \u0107i\u0161\u0107enje dlake i ko\u017ee.<\/p>\n<p>Prvi korak je veoma bitan kako \u0161ampon dubinski ukljanja prljav\u0161tinu poput vi\u0161ka ulja (veoma \u010desta pojava kod ljubimaca sa masnijom ko\u017eom), \u010destica pra\u0161ine koji se nagomilavaju usled delovanja spolja\u0161nje okoline i zaga\u0111enja pogotovo \u0161to su ljubimci bli\u017ee zemlji i tragova prethodno kori\u0161\u0107enih proizvoda za \u010di\u0161\u0107enje dlake i ko\u017ee (de\u0161ava se u slu\u010daju da nisu dobro isprani prilikom kupanja ljubimca).<\/p>\n<p>Jedinstvena formula sastavljena od sastojaka prirodnog porekla oja\u010dava strukturu dlake, prodiru\u0107i duboko u razli\u010dite slojeve dlake od korena do vrha.<\/p>\n<p>Namenjen je \u0161tencima i ma\u010di\u0107ima od 6 nedelja starosti pa navi\u0161e<\/p>\n<p><strong>Aktivni sastojci:<\/strong><\/p>\n<p>&#8211; Ulje Aloja Vere &#8211; Poma\u017ee zdrav rast \u0107elija<\/p>\n<p>&#8211; Esencijalno ulje slatke narand\u017ee &#8211; Hidrira dlaku<\/p>\n<p>&#8211; Ulje kamilice &#8211; poma\u017ee u smanjivanju svraba ko\u017ee<\/p>\n<p>&#8211; Esencijalno ulje Mirte &#8211; poma\u017ee u \u010di\u0161\u0107enju dlake i ko\u017ee<\/p>\n<p>&#8211; Esencijalno ulje kalendule &#8211; oja\u010dava dlaku i kondicionira ko\u017eu<\/p>\n<p>&#8211; Esencijalno ulje lavande &#8211; smiruje svrab<\/p>\n<p>Ovaj \u0161ampon poma\u017ee zdrav rast \u0107elija, hidrira dlaku, poma\u017ee u smanjivanju svraba ko\u017ee, poma\u017ee u \u010di\u0161\u0107enju ko\u017ee i dlake, oja\u010dava dlaku i kondicionira ko\u017eu.<\/p>\n<p>Cela linija proizvoda je proizvedena koriste\u0107i &#8220;Zelenu energiju&#8221; i dolazi u pakovanju koje je lako za recikla\u017eu.<\/p>\n<p><strong>Sastav:<\/strong>\u00a0Voda, Natrijum Koko-Sulfat, Glicerin, Koko-Glukozid, Koko-Betain, Lauril Glukozid, Antemis Nobilis (Chamomile Roman) ulje cveta, Citrus Sinensis (Sweet Orange) Ulje, Aloe Barbadensis (Aloe Vera) Ekstrakt lista, Glicine Soja (seme soje) Ulje, Helianthus Annuus (Suncokret) Ulje semena, Melaleuca Teretifolia (Medna Mirta) Ulje grane\/lista, Calendula Officinalis (Neven) ekstakt cveta, Lavandula Angustifolia (Lavanda) ulje cveta, Gliceril Oleat, Alantoin, Polikvaternium-10, Caprilil Glickl, Fenetil Alkohol, Citri\u010dna Kiselina, PEG-40 Hidrogenizovano ricinusovo ulje, Limonena.<\/p>\n<p><strong>Uputstvo za upotrebu:<\/strong><\/p>\n<p>Razbla\u017eite \u0161ampon sa mlakom vodom u srazmeri 1:10, pokvasite dlaku i ravnomerno utrljajte po celoj dlaci. Ostaviti da stoji 3 minuta i isprati mlakom vodom.<\/p>\n<p><strong>Upozorenje:<br \/>\n<\/strong>Samo za spolja\u0161nju upotrebu.<\/p>\n<p>Dr\u017eati dalje od doma\u0161aja dece<\/p>\n<p>Proizvo\u0111a\u010d: AKVATERA LT, UAB; EU<br \/>\nZemlja porekla: Litvanija<\/p>\n\n    <div class=\"xs_social_share_widget xs_share_url after_content \t\tmain_content  wslu-style-1 wslu-share-box-shaped wslu-fill-colored wslu-none wslu-share-horizontal wslu-theme-font-no wslu-main_content\">\n\n\t\t\n        <ul>\n\t\t\t        <\/ul>\n    <\/div>","protected":false},"excerpt":{"rendered":"<p>\u0160ampon namenjen ekstremno ne\u017enoj nezi \u0161tenaca i ma\u010di\u0107a<\/p>","protected":false},"featured_media":39072,"comment_status":"open","ping_status":"closed","template":"","meta":{"_acf_changed":false},"pwb-brand":[374],"product_cat":[80,343,47,104,369],"product_tag":[],"class_list":{"0":"post-39071","1":"product","2":"type-product","3":"status-publish","4":"has-post-thumbnail","6":"pwb-brand-tauro-pro-line","7":"product_cat-higijena-nega-macaka","8":"product_cat-samponi-za-macke","9":"product_cat-psi","10":"product_cat-higijena-i-nega-pasa","11":"product_cat-samponi-za-pse","13":"first","14":"instock","15":"taxable","16":"shipping-taxable","17":"purchasable","18":"product-type-simple"},"acf":[],"brands":[{"id":374,"name":"Tauro Pro Line","slug":"tauro-pro-line"}],"_links":{"self":[{"href":"https:\/\/pawz.rs\/en\/wp-json\/wp\/v2\/product\/39071","targetHints":{"allow":["GET"]}}],"collection":[{"href":"https:\/\/pawz.rs\/en\/wp-json\/wp\/v2\/product"}],"about":[{"href":"https:\/\/pawz.rs\/en\/wp-json\/wp\/v2\/types\/product"}],"replies":[{"embeddable":true,"href":"https:\/\/pawz.rs\/en\/wp-json\/wp\/v2\/comments?post=39071"}],"wp:featuredmedia":[{"embeddable":true,"href":"https:\/\/pawz.rs\/en\/wp-json\/wp\/v2\/media\/39072"}],"wp:attachment":[{"href":"https:\/\/pawz.rs\/en\/wp-json\/wp\/v2\/media?parent=39071"}],"wp:term":[{"taxonomy":"pwb-brand","embeddable":true,"href":"https:\/\/pawz.rs\/en\/wp-json\/wp\/v2\/pwb-brand?post=39071"},{"taxonomy":"product_cat","embeddable":true,"href":"https:\/\/pawz.rs\/en\/wp-json\/wp\/v2\/product_cat?post=39071"},{"taxonomy":"product_tag","embeddable":true,"href":"https:\/\/pawz.rs\/en\/wp-json\/wp\/v2\/product_tag?post=39071"}],"curies":[{"name":"wp","href":"https:\/\/api.w.org\/{rel}","templated":true}]}}