{"id":39074,"date":"2025-05-23T19:45:06","date_gmt":"2025-05-23T17:45:06","guid":{"rendered":"https:\/\/pawz.rs\/?post_type=product&#038;p=39074"},"modified":"2025-06-29T19:49:54","modified_gmt":"2025-06-29T17:49:54","slug":"tauro-pro-line-delicate-puppy-kitten-conditioner-gentle-coat-400ml","status":"publish","type":"product","link":"https:\/\/pawz.rs\/en\/tauro-pro-line-delicate-puppy-kitten-conditioner-gentle-coat-400ml\/","title":{"rendered":"Tauro Pro Line Delicate Puppy &#038; Kitten Conditioner &#8211; Gentle Coat &#8211; 400ml"},"content":{"rendered":"<p><strong>Tauro Pro Line Delicate Puppy &amp; Kitten Conditioner &#8211; Gentle Coat &#8211; 400ml<\/strong><\/p>\n<div class=\"col-md-12 text-center\">\n<p>Maska\/kondicioner namenjen ekstremno ne\u017enoj nezi \u0161tenaca i ma\u010di\u0107a<\/p>\n<\/div>\n<p><strong>3 Korak &#8211; fiksiranje &#8211; kondicioniranje dlake, fiksiranje rezultata i odr\u017eavanje vla\u017enosti dlake<\/strong><\/p>\n<p>Tre\u0107i korak dovodi do fiksiranja rezultata prethodna dva koraka<\/p>\n<p>Tre\u0107i korak je poslednji u procesu. Maska ili kondicioner treba da budu odabrani na osnovu rezultata koji \u017eelite da postignete sa dlakom va\u0161eg ljubimca. Va\u017eno je uzeti u obzir tip dlake ljubimca i da li \u017eelite da postignete maksimalni volumen dlake i npr intenzivnu hidrataciju. Maska ili kondicioner \u0107e pa\u017eljivo zatvoriti vrhove dlake, pru\u017eiti za\u0161titu od nepovoljnih uticaja okolinei spremiti dlaku za su\u0161enje i \u010de\u0161ljanje. Zatvaranje folukula dlake je jako va\u017eno zato \u0161to, ako se to ne uradi, dlaka postaje \u010dupava a prljav\u0161tina se lak\u0161e lepi za nju. Tre\u0107i korak pru\u017ea dugotrajne rezultate.<\/p>\n<p>Jedinstvena formula sastavljena od sastojaka prirodnog porekla oja\u010dava strukturu dlake, prodiru\u0107i duboko u razli\u010dite slojeve dlake od korena do vrha.<\/p>\n<p>Namenjen je \u0161tencima i ma\u010di\u0107ima od 6 nedelja starosti pa navi\u0161e<\/p>\n<p><strong>Benefiti:<\/strong><\/p>\n<p>&#8211; 97% sastojaka su prirodnog porekla<\/p>\n<p>&#8211; 6 aktivnih sastojaka<\/p>\n<p>&#8211; Sastav je bogat esencijalnim i prirodnim uljima<\/p>\n<p>&#8211; Pogodan za \u0161tence od 6 nedelja starosti pa navi\u0161e<\/p>\n<p>&#8211; Ne sadr\u017ei silikone, SLS i parabene<\/p>\n<p>&#8211; Napravljen u saradnji sa odgajiva\u010dima<\/p>\n<p><strong>Aktivni sastojci:<\/strong><\/p>\n<p>&#8211; Ulje Aloja Vere &#8211; Poma\u017ee zdrav rast \u0107elija<\/p>\n<p>&#8211; Esencijalno ulje slatke narand\u017ee &#8211; Hidrira dlaku<\/p>\n<p>&#8211; Ulje kamilice &#8211; poma\u017ee u smanjivanju svraba ko\u017ee<\/p>\n<p>&#8211; Esencijalno ulje Mirte &#8211; poma\u017ee u \u010di\u0161\u0107enju dlake i ko\u017ee<\/p>\n<p>&#8211; Esencijalno ulje kalendule &#8211; oja\u010dava dlaku i kondicionira ko\u017eu<\/p>\n<p>&#8211; Esencijalno ulje lavande &#8211; smiruje svrab<\/p>\n<p>Ova maska\/kondicioner poma\u017ee zdrav rast \u0107elija, hidrira dlaku, poma\u017ee u smanjivanju svraba ko\u017ee, poma\u017ee u \u010di\u0161\u0107enju ko\u017ee i dlake, oja\u010dava dlaku i kondicionira ko\u017eu.<\/p>\n<p>Cela linija proizvoda je proizvedena koriste\u0107i &#8220;Zelenu energiju&#8221; i dolazi u pakovanju koje je lako za recikla\u017eu.<\/p>\n<p><strong>Sastav:<\/strong>\u00a0Voda, Cetearil Alkohol, Koko-Kaprilat, Glicerin, Behenamidopropil Dimetilamin, Bentrimonium hlorid, Aloe Barbadensis ekstrakt lista, Glicine Soja ulje, Antemis Nobilis ulje cveta, Citrus Sinensis ce\u0111eno ulje kore, Melaleuca Teretifolia ulje grane\/lista, Calendula Officinalis ekstrakt cveta, Helianthus Annuus ulje semena, Lavandula Angustifolia ulje, Simmondsia Chinensis ulje semena, Tokopheril Acetat, Pantenol, Lakti\u010dna kiselina, Izopropil Alkohol, Fenoksiethanol, Etilheksilglicerin, Limonene.<\/p>\n<p><strong>Uputstvo za upotrebu:<\/strong><\/p>\n<p>Razbla\u017eite masku\/kondicioner sa mlakom vodom u srazmeri 1:10, pokvasite dlaku i ravnomerno utrljajte po celoj dlaci. Ostaviti da stoji 3 minuta i isprati mlakom vodom.<\/p>\n<p><strong>UPOZORENJE:<\/strong>\u00a0Samo za spolja\u0161nju upotrebu. Dr\u017eati dalje od doma\u0161aja dece<\/p>\n<p>Proizvo\u0111a\u010d: AKVATERA LT, UAB; EU<br \/>\nZemlja porekla: Litvanija<\/p>\n\n    <div class=\"xs_social_share_widget xs_share_url after_content \t\tmain_content  wslu-style-1 wslu-share-box-shaped wslu-fill-colored wslu-none wslu-share-horizontal wslu-theme-font-no wslu-main_content\">\n\n\t\t\n        <ul>\n\t\t\t        <\/ul>\n    <\/div>","protected":false},"excerpt":{"rendered":"<p>Maska\/kondicioner namenjen ekstremno ne\u017enoj nezi \u0161tenaca i ma\u010di\u0107a<\/p>","protected":false},"featured_media":39076,"comment_status":"open","ping_status":"closed","template":"","meta":{"_acf_changed":false},"pwb-brand":[374],"product_cat":[344,80,47,104,368,389],"product_tag":[],"class_list":{"0":"post-39074","1":"product","2":"type-product","3":"status-publish","4":"has-post-thumbnail","6":"pwb-brand-tauro-pro-line","7":"product_cat-regeneratori-za-macke","8":"product_cat-higijena-nega-macaka","9":"product_cat-psi","10":"product_cat-higijena-i-nega-pasa","11":"product_cat-regeneratori-za-pse","12":"product_cat-higijenski-proizvodi-higijena-i-nega-pasa","14":"first","15":"instock","16":"taxable","17":"shipping-taxable","18":"purchasable","19":"product-type-simple"},"acf":[],"brands":[{"id":374,"name":"Tauro Pro Line","slug":"tauro-pro-line"}],"_links":{"self":[{"href":"https:\/\/pawz.rs\/en\/wp-json\/wp\/v2\/product\/39074","targetHints":{"allow":["GET"]}}],"collection":[{"href":"https:\/\/pawz.rs\/en\/wp-json\/wp\/v2\/product"}],"about":[{"href":"https:\/\/pawz.rs\/en\/wp-json\/wp\/v2\/types\/product"}],"replies":[{"embeddable":true,"href":"https:\/\/pawz.rs\/en\/wp-json\/wp\/v2\/comments?post=39074"}],"wp:featuredmedia":[{"embeddable":true,"href":"https:\/\/pawz.rs\/en\/wp-json\/wp\/v2\/media\/39076"}],"wp:attachment":[{"href":"https:\/\/pawz.rs\/en\/wp-json\/wp\/v2\/media?parent=39074"}],"wp:term":[{"taxonomy":"pwb-brand","embeddable":true,"href":"https:\/\/pawz.rs\/en\/wp-json\/wp\/v2\/pwb-brand?post=39074"},{"taxonomy":"product_cat","embeddable":true,"href":"https:\/\/pawz.rs\/en\/wp-json\/wp\/v2\/product_cat?post=39074"},{"taxonomy":"product_tag","embeddable":true,"href":"https:\/\/pawz.rs\/en\/wp-json\/wp\/v2\/product_tag?post=39074"}],"curies":[{"name":"wp","href":"https:\/\/api.w.org\/{rel}","templated":true}]}}