{"id":39081,"date":"2025-05-23T19:45:08","date_gmt":"2025-05-23T17:45:08","guid":{"rendered":"https:\/\/pawz.rs\/?post_type=product&#038;p=39081"},"modified":"2025-06-29T19:49:54","modified_gmt":"2025-06-29T17:49:54","slug":"tauro-pro-line-repairprotect-paw-balm-75ml","status":"publish","type":"product","link":"https:\/\/pawz.rs\/en\/tauro-pro-line-repairprotect-paw-balm-75ml\/","title":{"rendered":"Tauro Pro Line Repair&#038;Protect Paw Balm &#8211; 75ml"},"content":{"rendered":"<p><strong>Tauro Pro Line Repair&amp;Protect Paw Balm &#8211; 75ml<\/strong><\/p>\n<div class=\"col-md-12 text-center\">\n<div class=\"col-md-12 text-center\">\n<p>Balzam koji obnavlja i \u0161titi ko\u017eu \u0161apa<\/p>\n<\/div>\n<p>Ovaj balzam efikasno \u0161titi \u0161ape pasa i ma\u010daka od efekata koje mogu proizvesti vreli asfalt, pesak ili soli dok ih u isto vreme hidrira i pravi na njima za\u0161titnu barijeru.<\/p>\n<p>Specijalna formula oboga\u0107ena vitaminom E i p\u010delinjim voskom obnavlja o\u0161te\u0107enu ko\u017eu na \u0161apama \u0161tite\u0107i ih od suvo\u0107e koja mo\u017ee prouzrokovati svrab.<\/p>\n<p>&#8211; 90% prirodni sastojci<\/p>\n<p>&#8211; Mo\u017ee se koristiti tokom \u010ditave godine<\/p>\n<p>&#8211; Stvara za\u0161titnu barijeru<\/p>\n<p>&#8211; Spre\u010dava pucanje ko\u017ee<\/p>\n<p>&#8211; Ubrzava proces zarastanja ko\u017ee<\/p>\n<p>&#8211; Smiruje iritiranu ko\u017eu<\/p>\n<p>&#8211; Bez mirisa<\/p>\n<p><strong>Sastav:<\/strong>\u00a0Prunus Amygdalus Dulcis (Ulje slatkog badema), Aloe Barbadensis (Buter aloje), Cera Alba (P\u010delinji vosak), Cetearet-20, PEG-40 Hidrogenizovano ricinusovo ulje, Thymus Vulgaris (maj\u010dina du\u0161ica) Esencijalno ulje, Lavandula Angustifolia (Lavanda) Esencijalno ulje, Tokoferil Acetat (Vitamin E).<\/p>\n<p><strong>Uputstvo za upotrebu:<\/strong><\/p>\n<p>Umasirati kru\u017enim pokretima na nju\u0161ku i \u0161ape.<\/p>\n<p>Za najbolje rezultate naneti balzam pre i posle \u0161etnje.<\/p>\n<p>Koristiti po potrebi kada je u pitanju hladno ili vru\u0107e vreme, sneg, led ili ekstremno topao asfalt ili pesak.<\/p>\n<p>Za suvu i ispucalu ko\u017eu: naneti balzam 2-3 puta dnevno. Kako bi se dobro upio u ko\u017eu sa\u010dekati nekoliko minuta.<\/p>\n<p>Proizvo\u0111a\u010d: AKVATERA LT, UAB; EU<br \/>\nZemlja porekla: Litvanija<\/p>\n<\/div>\n\n    <div class=\"xs_social_share_widget xs_share_url after_content \t\tmain_content  wslu-style-1 wslu-share-box-shaped wslu-fill-colored wslu-none wslu-share-horizontal wslu-theme-font-no wslu-main_content\">\n\n\t\t\n        <ul>\n\t\t\t        <\/ul>\n    <\/div>","protected":false},"excerpt":{"rendered":"<div class=\"col-md-12 text-center\">\n<p>Balzam koji obnavlja i \u0161titi ko\u017eu \u0161apa<\/p>\n<\/div>","protected":false},"featured_media":39082,"comment_status":"open","ping_status":"closed","template":"","meta":{"_acf_changed":false},"pwb-brand":[374],"product_cat":[23,80,388,47,104,389],"product_tag":[],"class_list":{"0":"post-39081","1":"product","2":"type-product","3":"status-publish","4":"has-post-thumbnail","6":"pwb-brand-tauro-pro-line","7":"product_cat-macke","8":"product_cat-higijena-nega-macaka","9":"product_cat-higijenski-proizvodi","10":"product_cat-psi","11":"product_cat-higijena-i-nega-pasa","12":"product_cat-higijenski-proizvodi-higijena-i-nega-pasa","14":"first","15":"instock","16":"taxable","17":"shipping-taxable","18":"purchasable","19":"product-type-simple"},"acf":[],"brands":[{"id":374,"name":"Tauro Pro Line","slug":"tauro-pro-line"}],"_links":{"self":[{"href":"https:\/\/pawz.rs\/en\/wp-json\/wp\/v2\/product\/39081","targetHints":{"allow":["GET"]}}],"collection":[{"href":"https:\/\/pawz.rs\/en\/wp-json\/wp\/v2\/product"}],"about":[{"href":"https:\/\/pawz.rs\/en\/wp-json\/wp\/v2\/types\/product"}],"replies":[{"embeddable":true,"href":"https:\/\/pawz.rs\/en\/wp-json\/wp\/v2\/comments?post=39081"}],"wp:featuredmedia":[{"embeddable":true,"href":"https:\/\/pawz.rs\/en\/wp-json\/wp\/v2\/media\/39082"}],"wp:attachment":[{"href":"https:\/\/pawz.rs\/en\/wp-json\/wp\/v2\/media?parent=39081"}],"wp:term":[{"taxonomy":"pwb-brand","embeddable":true,"href":"https:\/\/pawz.rs\/en\/wp-json\/wp\/v2\/pwb-brand?post=39081"},{"taxonomy":"product_cat","embeddable":true,"href":"https:\/\/pawz.rs\/en\/wp-json\/wp\/v2\/product_cat?post=39081"},{"taxonomy":"product_tag","embeddable":true,"href":"https:\/\/pawz.rs\/en\/wp-json\/wp\/v2\/product_tag?post=39081"}],"curies":[{"name":"wp","href":"https:\/\/api.w.org\/{rel}","templated":true}]}}