{"id":39122,"date":"2025-06-04T10:47:34","date_gmt":"2025-06-04T08:47:34","guid":{"rendered":"https:\/\/pawz.rs\/?post_type=product&#038;p=39122"},"modified":"2025-06-29T19:48:39","modified_gmt":"2025-06-29T17:48:39","slug":"versele-laga-cuni-junior-nature-original-750g","status":"publish","type":"product","link":"https:\/\/pawz.rs\/en\/versele-laga-cuni-junior-nature-original-750g\/","title":{"rendered":"Versele Laga Cuni Junior Nature Original &#8211; 750g"},"content":{"rendered":"<p><strong>Versele Laga Cuni Junior Nature Original 750g<\/p>\n<p>Minimalna kupovina 3 kom.<\/strong><\/p>\n<p>Raznovrsna me\u0161avina bogata vlaknima za patuljaste ze\u010deve do 8 meseci starosti<\/p>\n<p>Ova kompletna hrana prilago\u0111ena je da zadovolji nutritivne potrebe mladih patuljastih ze\u010deva do 8 meseci.<\/p>\n<p>Ova vrhunska me\u0161avina ukusnih sastojaka sadr\u017ei sve potrebne hranljive materije, vitamine i minerale koji su va\u0161em ljubimcu potrebni za optimalan rast i razvoj.<\/p>\n<p>Vlakna, bilje, povr\u0107e i vo\u0107e sadr\u017eani u sme\u0161i \u010dine odli\u010dnu probavu, dobru negu zuba, sjajno krzno i savr\u0161eno zdravlje. \u0160irok spektar sastojaka garantuje visoku ukusnost i unos. To \u010dini Nature Original savr\u0161enim izborom za dnevnu porciju u\u017eivanja za va\u0161eg zeca!<\/p>\n<ul>\n<li>Visoko energetska me\u0161avina: vlakna, za\u010dinsko bilje, povr\u0107e i vo\u0107e<\/li>\n<li>Oboga\u0107en svim potrebnim hranljivim sastojcima za optimalan rast i razvoj<\/li>\n<li>Ukusna hrana bogata vlaknima za dobro gutanje i varenje; nema presovanih peleta<\/li>\n<\/ul>\n<p><strong>Sastav: <\/strong>hrana za p\u0161enicu, gra\u0161ak, pirovane mekinje, suncokretova vlakna, lucerka, ovsene ljuske, hrana za soju, roga\u010d, kukuruzne pahuljice, p\u0161enica, kukuruz, laneno seme, seno timotija, pahuljice divljeg zrna, zobene pahuljice, napuhana p\u0161enica, hrana za p\u0161eni\u010dni gluten, seme kanarinca, \u0161afranike, \u0161argarepa 8,5%*, crvena cvekla 6,0%*, naduvani pirina\u010d, p\u0161eni\u010dne ka\u0161e, kajsija 4,0%*, kalcijum karbonat, natrijum hlorid, tostirana soja, pulpa repe, koncentrat proteina lucerke, kvasac, kokosovo ulje, frukto-oligosaharidi, juka, bentonit, monokalcijum fosfat, neven, jabuka, adzuki pasulj, MOS, alge, bilje, sojino ulje, borovnica, brusnica * Dehidrirano vo\u0107e i povr\u0107e, % ekvivalent pre su\u0161enja<\/p>\n<p><strong>Analytical composition:\u00a0<\/strong>sirovi proteini 15.5%, sirove masti 3.5%, sirova vlakna 12.5%, sirovi pepeo 6.0%, kalcijum 0.70%, fosfor 0.50%, natrijum 0.15%<\/p>\n<p><strong>Nutritivni dodaci po KG proizvoda: <\/strong>vitamin A 19000 IU, vitamin D3 2000 IU, vitamin E 87 mg, 3b103 (gvo\u017e\u0111e) 107 mg, 3b202 (jod) 2 mg, 3b405 (bakar) 13 mg, 3b502 (mangan) 98 mg, 3b603 (cink) 90 mg, 3b801 (selen) 0,20 mg, 3b815 (selen) 0,02 mg<\/p>\n<p><strong>Uputstvo za upotrebu:<\/strong><\/p>\n<p>Svakodnevno menjajte vodu i dodajte sve\u017eu hranu Va\u0161em ljubimcu.<\/p>\n<p>U zavisnosti od veli\u010dine i rase Va\u0161eg zeca preporu\u010duju se dnevne porcije od 50 do 80 grama.<\/p>\n<p>Uz bogat dodatak sena ma\u010dije trave i Nature Snacks Va\u0161 ljubimac \u0107e imati dovoljno raznolikosti u ishrani.<\/p>\n<p>Proizvo\u0111a\u010d: Versle-Laga, Kapellestraat 70, Deinze, Belgium<br \/>\nZemlja porekla: Belgija (EU)<\/p>\n\n    <div class=\"xs_social_share_widget xs_share_url after_content \t\tmain_content  wslu-style-1 wslu-share-box-shaped wslu-fill-colored wslu-none wslu-share-horizontal wslu-theme-font-no wslu-main_content\">\n\n\t\t\n        <ul>\n\t\t\t        <\/ul>\n    <\/div>","protected":false},"excerpt":{"rendered":"<p>Raznovrsna me\u0161avina bogata vlaknima za patuljaste ze\u010deve do 8 meseci starosti<\/p>","protected":false},"featured_media":39123,"comment_status":"open","ping_status":"closed","template":"","meta":{"_acf_changed":false},"pwb-brand":[318],"product_cat":[986,987,989],"product_tag":[],"class_list":{"0":"post-39122","1":"product","2":"type-product","3":"status-publish","4":"has-post-thumbnail","6":"pwb-brand-versele-laga","7":"product_cat-glodari","8":"product_cat-zecevi","9":"product_cat-hrana-za-zeceve","11":"first","12":"instock","13":"taxable","14":"shipping-taxable","15":"purchasable","16":"product-type-simple"},"acf":[],"brands":[{"id":318,"name":"Versele-Laga","slug":"versele-laga"}],"_links":{"self":[{"href":"https:\/\/pawz.rs\/en\/wp-json\/wp\/v2\/product\/39122","targetHints":{"allow":["GET"]}}],"collection":[{"href":"https:\/\/pawz.rs\/en\/wp-json\/wp\/v2\/product"}],"about":[{"href":"https:\/\/pawz.rs\/en\/wp-json\/wp\/v2\/types\/product"}],"replies":[{"embeddable":true,"href":"https:\/\/pawz.rs\/en\/wp-json\/wp\/v2\/comments?post=39122"}],"wp:featuredmedia":[{"embeddable":true,"href":"https:\/\/pawz.rs\/en\/wp-json\/wp\/v2\/media\/39123"}],"wp:attachment":[{"href":"https:\/\/pawz.rs\/en\/wp-json\/wp\/v2\/media?parent=39122"}],"wp:term":[{"taxonomy":"pwb-brand","embeddable":true,"href":"https:\/\/pawz.rs\/en\/wp-json\/wp\/v2\/pwb-brand?post=39122"},{"taxonomy":"product_cat","embeddable":true,"href":"https:\/\/pawz.rs\/en\/wp-json\/wp\/v2\/product_cat?post=39122"},{"taxonomy":"product_tag","embeddable":true,"href":"https:\/\/pawz.rs\/en\/wp-json\/wp\/v2\/product_tag?post=39122"}],"curies":[{"name":"wp","href":"https:\/\/api.w.org\/{rel}","templated":true}]}}