{"id":39338,"date":"2025-05-23T19:34:14","date_gmt":"2025-05-23T17:34:14","guid":{"rendered":"https:\/\/pawz.rs\/?post_type=product&#038;p=39338"},"modified":"2025-06-29T19:51:09","modified_gmt":"2025-06-29T17:51:09","slug":"nd-brown-dog-lamb-spirulina-carrot-mini","status":"publish","type":"product","link":"https:\/\/pawz.rs\/en\/nd-brown-dog-lamb-spirulina-carrot-mini\/","title":{"rendered":"N&#038;D Brown Dog Lamb, Spirulina &#038; Carrot Mini"},"content":{"rendered":"<p><strong>N&amp;D Brown Dog Lamb, Spirulina &amp; Carrot Mini<\/strong><\/p>\n<p>Jagnjetina, spirulina i \u0161argarepa. Kompletna hrana za odrasle pse mini rasa.<\/p>\n<p><strong>Sastav:<\/strong><\/p>\n<p>jagnjetina (26%), dehidrirani jagnje\u0107i protein (25%), slatki krompir (batat), hidrolizovani riblji protein, pile\u0107a mast, riblje ulje (iz haringe), su\u0161ena spirulina (5%), seme lana, su\u0161ena \u0161argarepa (2,5%), kurkuma, vlakna gra\u0161ka, bra\u0161no lucerke, inulin, frukto-oligosaharidi, ekstrakt kvasca (izvor mano-oligosaharida), su\u0161eni spana\u0107, psilijum, suvi pivski kvasac, dikalcijum-fosfat, kalijum hlorid, natrijum hlorid, ekstrakt aloe vera, glukozamin, hondroitin sulfat.<\/p>\n<p><strong>NUTRITIVNI SASTOJCI ADITIVI PO KG<\/strong><br \/>\nvitamin A 15000 IJ; vitamin D3 1500 IJ; vitamin E 600 mg; vitamin C 150 mg; nijacin 37,5 mg; kalcijum-D-pantotenat 15 mg; vitamin B2 7,5 mg; vitamin B6 6 mg; vitamin B1 4,5 mg; biotin 0,38 mg; folna kiselina 0,45 mg; vitamin B12 0,1 mg; holin hlorid 2500 mg; beta karoten 5 mg; cink (cink helat metionin hidrata): 163,8 mg; mangan (mangan helat metionin hidrata): 64,6 mg; gvo\u017e\u0111e [gvo\u017e\u0111e -(II)- helat glicin hidrata]: 58,3 mg; bakar (bakar helat metionin hidrata): 15,8 mg; selen (selenizovani kvasac inaktivisani): 0,00088 mg; tehni\u010dki \u010dist DL metionin 4000 mg; taurin 1000 mg; L karnitin 300 mg.<\/p>\n<p><strong>Tehnolo\u0161ki dodaci:<\/strong> mikrokristalna celuloza.<br \/>\n<strong>Organolepti\u010dki dodaci:<\/strong> ekstrakt zelenog \u010daja 100 mg; ekstrakt ruzmarina.<br \/>\n<strong>Antiokidanti:<\/strong> ekstrakti tokoferola iz biljnih ulja.<\/p>\n<p><strong>ANALITI\u010cKI SASTAV<\/strong><br \/>\nsirovi proteini 34%; sirova mast 18%; sirova vlakna 3,3%; vlaga 9%; sirovi pepeo 8,6%; kalcijum 1,1%; fosfor 0,8%; Omega-6 3,3%; Omega-3 0,9%; DHA 0,5%; EPA 0,3%; Glukozamin 1200 mg\/kg; Hondroitin sulfat 900 mg\/kg.<\/p>\n<p><strong>Uputstvo za hranjenje:<\/strong><\/p>\n<p>Proizvod dati bez dodataka, na sobnoj temperaturi, prate\u0107i preporu\u010dene dnevne koli\u010dine navedene u tabeli.<\/p>\n<p>Preporuka je da se na po\u010detku uzimanja, N&amp;D hrana me\u0161a sa hranom koja je prethodno kori\u0161\u0107ena.<\/p>\n<p>Voda mora da bude stalno dostupna.<\/p>\n<p>\u010cuvati na hladnom i suvom mestu i u zatvorenom pakovanju.<\/p>\n<p>Proizvo\u0111a\u010d: Farmina Pet Foods, In\u0111ija, Srbija<br \/>\nZemlja porekla: Srbija<\/p>\n\n    <div class=\"xs_social_share_widget xs_share_url after_content \t\tmain_content  wslu-style-1 wslu-share-box-shaped wslu-fill-colored wslu-none wslu-share-horizontal wslu-theme-font-no wslu-main_content\">\n\n\t\t\n        <ul>\n\t\t\t        <\/ul>\n    <\/div> \n","protected":false},"excerpt":{"rendered":"<p>Jagnjetina, spirulina i \u0161argarepa. Kompletna hrana za odrasle pse mini rasa.<\/p>","protected":false},"featured_media":39339,"comment_status":"open","ping_status":"closed","template":"","meta":{"_acf_changed":false},"pwb-brand":[309,311],"product_cat":[47,48,49],"product_tag":[],"class_list":{"0":"post-39338","1":"product","2":"type-product","3":"status-publish","4":"has-post-thumbnail","6":"pwb-brand-nd-natural-delicious","7":"pwb-brand-nd-natural-delicious-hrana-za-pse","8":"product_cat-psi","9":"product_cat-hrana-za-pse","10":"product_cat-granule-za-pse","12":"first","13":"instock","14":"taxable","15":"shipping-taxable","16":"purchasable","17":"product-type-variable","18":"has-default-attributes"},"acf":[],"brands":[{"id":309,"name":"N&amp;D - Natural &amp; Delicious","slug":"nd-natural-delicious"},{"id":311,"name":"N&amp;D \u2013 Natural &amp; Delicious Dog Food","slug":"nd-natural-delicious-hrana-za-pse"}],"_links":{"self":[{"href":"https:\/\/pawz.rs\/en\/wp-json\/wp\/v2\/product\/39338","targetHints":{"allow":["GET"]}}],"collection":[{"href":"https:\/\/pawz.rs\/en\/wp-json\/wp\/v2\/product"}],"about":[{"href":"https:\/\/pawz.rs\/en\/wp-json\/wp\/v2\/types\/product"}],"replies":[{"embeddable":true,"href":"https:\/\/pawz.rs\/en\/wp-json\/wp\/v2\/comments?post=39338"}],"wp:featuredmedia":[{"embeddable":true,"href":"https:\/\/pawz.rs\/en\/wp-json\/wp\/v2\/media\/39339"}],"wp:attachment":[{"href":"https:\/\/pawz.rs\/en\/wp-json\/wp\/v2\/media?parent=39338"}],"wp:term":[{"taxonomy":"pwb-brand","embeddable":true,"href":"https:\/\/pawz.rs\/en\/wp-json\/wp\/v2\/pwb-brand?post=39338"},{"taxonomy":"product_cat","embeddable":true,"href":"https:\/\/pawz.rs\/en\/wp-json\/wp\/v2\/product_cat?post=39338"},{"taxonomy":"product_tag","embeddable":true,"href":"https:\/\/pawz.rs\/en\/wp-json\/wp\/v2\/product_tag?post=39338"}],"curies":[{"name":"wp","href":"https:\/\/api.w.org\/{rel}","templated":true}]}}