{"id":39341,"date":"2025-05-23T19:34:13","date_gmt":"2025-05-23T17:34:13","guid":{"rendered":"https:\/\/pawz.rs\/?post_type=product&#038;p=39341"},"modified":"2025-06-29T19:51:09","modified_gmt":"2025-06-29T17:51:09","slug":"nd-pumpkin-mini-adult-chickenpomegranate","status":"publish","type":"product","link":"https:\/\/pawz.rs\/en\/nd-pumpkin-mini-adult-chickenpomegranate\/","title":{"rendered":"N&#038;D Pumpkin Mini Adult Chicken&#038;Pomegranate"},"content":{"rendered":"<h4>N&amp;D Pumpkin Mini Adult Chicken&amp;Pomegranate<\/h4>\n<p>Piletina, bundeva i nar. Kompletna hrana za odrasle pse<\/p>\n<p><strong>SASTAV<\/strong><br \/>\nSve\u017ee pile\u0107e meso bez kostiju (24%), dehidrirano pile\u0107e meso (22%), skrob gra\u0161ka, pile\u0107a mast, osu\u0161ena bundeva (5%), jaja u prahu, sve\u017ea haringa, dehidrirana haringa, riblje ulje (haringe), biljna vlakna gra\u0161ka, osu\u0161ena \u0161argarepa, osu\u0161ena lucerka, inulin, fruktooligosaharidi,, ekstrakt kvasca (izvor manan-oligosaharida), osu\u0161eni nar (0,5%), osu\u0161ena jabuka, osu\u0161eni spana\u0107, psilijum (0,3%), osu\u0161ena slatka pomorand\u017ea, osu\u0161ena borovnica, natrijum hlorid, suvi pivski kvasac, koren kurkume (0,2%), glukozamin, hondroitin sulfat<\/p>\n<p><strong>NUTRITIVNI SASTOJCI ADITIVI PO KG<\/strong><br \/>\nHranljivi dodaci: vitamin A 15000 IJ; vitamin D3 1500 IJ; vitamin E 600 mg; vitamin C 150 mg; nijacin 37,5 mg; pantotenska kiselina 15 mg; vitamin B2 7,5 mg; vitamin B6 6 mg; vitamin B1 4,5 mg; vitamin H 0,38 mg; folna kiselina 0,45 mg; vitamin B12 0,1 mg; holin hlorid 2500 mg; beta-karoten 1,5 mg; cink helat analog metionin hidroksilaze 910 mg; mangan helat analog metionin hidroksilaze 380 mg; gvo\u017e\u0111e helat glicin hidrata 250 mg; bakar helat analog metionin hidroksilaze 88 mg; selenizovani inaktivisani kvasac 0,4 mg; DL-metionin 4000 mg; taurin 1000 mg; L-karnitin 300 mg.<\/p>\n<p><strong>Organolepti\u010dki dodaci:<\/strong> ekstrakt aloe vere 1000 mg; ekstrakt zelenog \u010daja 100 mg; ekstrakt ruzmarina.<br \/>\n<strong>Antiokidant:<\/strong> tokoferolom bogati ekstrakti iz prirodnih izvora.<\/p>\n<p><strong>ANALITI\u010cKI SASTAV<\/strong><br \/>\nSirovi proteini 30%; sirova ulja i masti 18%; sirova vlakna 2,9%; vlaga 9%; sirovi pepeo 7%; kalcijum 1,2%; fosfor 0,9%; omega 6 3,3%; omega 3 0,9%; DHA 0,5%; EPA 0,3%; glukozamin 1200 mg\/kg; hondroitin sulfat 900 mg\/kg.<\/p>\n<p><strong>ENERGETSKA VREDNOST<\/strong><\/p>\n<p>EM Kcal\/Kg 3990 &#8211; Mj\/Kg 16,69<\/p>\n<p><strong>Uputstvo za hranjenje:<\/strong><\/p>\n<p>Serve food in dry form with available fresh water.<br \/>\nFor your pet&#039;s health, consult a veterinarian regularly.<\/p>\n<p>Store the product in a dry, dark and cool place.<\/p>\n<p>Proizvo\u0111a\u010d: Farmina Pet Foods, In\u0111ija, Srbija<br \/>\nZemlja porekla: Srbija<\/p>\n\n    <div class=\"xs_social_share_widget xs_share_url after_content \t\tmain_content  wslu-style-1 wslu-share-box-shaped wslu-fill-colored wslu-none wslu-share-horizontal wslu-theme-font-no wslu-main_content\">\n\n\t\t\n        <ul>\n\t\t\t        <\/ul>\n    <\/div>","protected":false},"excerpt":{"rendered":"<p>N&amp;D Pumpkin Mini Adult Chicken&amp;Pomegranate &#8211; Piletina, bundeva i nar. Kompletna hrana za odrasle pse<\/p>","protected":false},"featured_media":39345,"comment_status":"open","ping_status":"closed","template":"","meta":{"_acf_changed":false},"pwb-brand":[309,311],"product_cat":[47,48,49],"product_tag":[],"class_list":{"0":"post-39341","1":"product","2":"type-product","3":"status-publish","4":"has-post-thumbnail","6":"pwb-brand-nd-natural-delicious","7":"pwb-brand-nd-natural-delicious-hrana-za-pse","8":"product_cat-psi","9":"product_cat-hrana-za-pse","10":"product_cat-granule-za-pse","12":"first","13":"instock","14":"taxable","15":"shipping-taxable","16":"purchasable","17":"product-type-variable","18":"has-default-attributes"},"acf":[],"brands":[{"id":309,"name":"N&amp;D - Natural &amp; Delicious","slug":"nd-natural-delicious"},{"id":311,"name":"N&amp;D \u2013 Natural &amp; Delicious Dog Food","slug":"nd-natural-delicious-hrana-za-pse"}],"_links":{"self":[{"href":"https:\/\/pawz.rs\/en\/wp-json\/wp\/v2\/product\/39341","targetHints":{"allow":["GET"]}}],"collection":[{"href":"https:\/\/pawz.rs\/en\/wp-json\/wp\/v2\/product"}],"about":[{"href":"https:\/\/pawz.rs\/en\/wp-json\/wp\/v2\/types\/product"}],"replies":[{"embeddable":true,"href":"https:\/\/pawz.rs\/en\/wp-json\/wp\/v2\/comments?post=39341"}],"wp:featuredmedia":[{"embeddable":true,"href":"https:\/\/pawz.rs\/en\/wp-json\/wp\/v2\/media\/39345"}],"wp:attachment":[{"href":"https:\/\/pawz.rs\/en\/wp-json\/wp\/v2\/media?parent=39341"}],"wp:term":[{"taxonomy":"pwb-brand","embeddable":true,"href":"https:\/\/pawz.rs\/en\/wp-json\/wp\/v2\/pwb-brand?post=39341"},{"taxonomy":"product_cat","embeddable":true,"href":"https:\/\/pawz.rs\/en\/wp-json\/wp\/v2\/product_cat?post=39341"},{"taxonomy":"product_tag","embeddable":true,"href":"https:\/\/pawz.rs\/en\/wp-json\/wp\/v2\/product_tag?post=39341"}],"curies":[{"name":"wp","href":"https:\/\/api.w.org\/{rel}","templated":true}]}}