{"id":39393,"date":"2025-05-23T19:34:09","date_gmt":"2025-05-23T17:34:09","guid":{"rendered":"https:\/\/pawz.rs\/?post_type=product&#038;p=39393"},"modified":"2025-06-29T19:51:10","modified_gmt":"2025-06-29T17:51:10","slug":"nd-tropical-lamb-puppy-mediummaxi","status":"publish","type":"product","link":"https:\/\/pawz.rs\/en\/nd-tropical-lamb-puppy-mediummaxi\/","title":{"rendered":"N&#038;D Tropical Lamb Puppy Medium&#038;Maxi"},"content":{"rendered":"<p><strong>N&amp;D Tropical Lamb Puppy Medium&amp;Maxi<\/strong><\/p>\n<p>Jagnjetina, spelta, ovas i tropsko vo\u0107e. Kompletna hrana za \u0161tence, kuje u laktaciji i gravidne kuje.<\/p>\n<p><strong>Sastav:<\/strong><\/p>\n<p>jagnjetina (20%), dehidrirani jagnje\u0107i protein (20%), spelta (10%), ovas (10%), pile\u0107a mast, dehidrirani protein haringe, su\u0161en repin rezanac, riblje ulje (iz haringe), su\u0161ena \u0161argarepa, bra\u0161no lucerke, pile\u0107a hrskavica (izvor glukozamina i hondroitin sulfata), inulin, frukto-oligosaharidi, ekstrakt kvasca (izvor mano-oligosaharida), su\u0161ena banana (0,5%), su\u0161eni kivi (0,5%), su\u0161eni mango (0,5%), su\u0161ena papaja (0,5%), su\u0161eni ananas (0,5%), su\u0161eni spana\u0107, psilijum, natrijum hlorid, su\u0161eni pivski kvasac, kurkuma, ekstrakt aloe vera.<\/p>\n<p><strong>NUTRITIVNI SASTOJCI ADITIVI PO KG<\/strong><br \/>\nHranljivi dodaci: vitamin A 12000 IJ; vitamin D3 1200 IJ; vitamin E 120 mg; vitamin C 120 mg; nijacin 30 mg; kalcijum-D-pantotenat 12 mg; vitamin B2 6 mg; vitamin B6 4,8 mg; vitamin B1 3,6 mg; biotin 0,3 mg; folna kiselina 0,36 mg; vitamin B12 0,048 mg; holin hlorid 2500 mg; cink (cinkoksid): 86,7 mg; cink (cinksulfat, monohidrat): 43,7 mg; mangan [mangan -(II)- sulfat, monohidrat]: 48,8 mg; gvo\u017e\u0111e [gvo\u017e\u0111e -(II)- sulfat, monohidrat]: 14,5 mg; gvo\u017e\u0111e (gvo\u017e\u0111e karbonat): 28,9 mg; bakar [bakar -(II)- sulfat, pentahidrat]: 12,8 mg; jod (kalcijumjodat, anhidrovani): 1,56 mg; selen (natrijum selenit): 0,101 mg; tehni\u010dki \u010dist, DL-metionin 2500 mg.<\/p>\n<p><strong>Organolepti\u010dki dodaci:<\/strong> ekstrakt zelenog \u010daja 100 mg; ekstrakt ruzmarina.<br \/>\n<strong>Antiokidanti:<\/strong> ekstrakti tokoferola iz biljnih ulja.<\/p>\n<p><strong>ANALITI\u010cKI SASTAV<\/strong><br \/>\nsirovi proteini 30%; sirova mast 20%; sirova vlakna 2,7%; vlaga 9%; sirovi pepeo 8%; kalcijum 1,15%; fosfor 0,95%; Omega-6 3,2%; Omega-3 0,6%; DHA 0,2%; EPA 0,15%; glukozamin 1200 mg\/kg; hondroitin sulfat 900mg\/kg.<\/p>\n<p><strong>Uputstvo za hranjenje:<\/strong><\/p>\n<p>Poslu\u017eiti hranu u suvom obliku uz dostupnu sve\u017eu vodu.<br \/>\nZbog zdravlja Va\u0161eg ljubimca redovno konsultujte veterinara.<\/p>\n<p>Kuje u poslednje dve nedelje gestacije i tokom laktacije hraniti po volji.<\/p>\n<p>Proizvod \u010duvati na suvom, tamnom i hladnom mestu.<\/p>\n<p>Proizvo\u0111a\u010d: Farmina Pet Foods, In\u0111ija, Srbija<br \/>\nZemlja porekla: Srbija<\/p>\n\n    <div class=\"xs_social_share_widget xs_share_url after_content \t\tmain_content  wslu-style-1 wslu-share-box-shaped wslu-fill-colored wslu-none wslu-share-horizontal wslu-theme-font-no wslu-main_content\">\n\n\t\t\n        <ul>\n\t\t\t        <\/ul>\n    <\/div> \n","protected":false},"excerpt":{"rendered":"<p>Jagnjetina, spelta, ovas i tropsko vo\u0107e. Kompletna hrana za \u0161tence, kuje u laktaciji i gravidne kuje.<\/p>","protected":false},"featured_media":39394,"comment_status":"open","ping_status":"closed","template":"","meta":{"_acf_changed":false},"pwb-brand":[309,311],"product_cat":[47,48,49],"product_tag":[],"class_list":{"0":"post-39393","1":"product","2":"type-product","3":"status-publish","4":"has-post-thumbnail","6":"pwb-brand-nd-natural-delicious","7":"pwb-brand-nd-natural-delicious-hrana-za-pse","8":"product_cat-psi","9":"product_cat-hrana-za-pse","10":"product_cat-granule-za-pse","12":"first","13":"instock","14":"taxable","15":"shipping-taxable","16":"purchasable","17":"product-type-variable","18":"has-default-attributes"},"acf":[],"brands":[{"id":309,"name":"N&amp;D - Natural &amp; Delicious","slug":"nd-natural-delicious"},{"id":311,"name":"N&amp;D \u2013 Natural &amp; Delicious Dog Food","slug":"nd-natural-delicious-hrana-za-pse"}],"_links":{"self":[{"href":"https:\/\/pawz.rs\/en\/wp-json\/wp\/v2\/product\/39393","targetHints":{"allow":["GET"]}}],"collection":[{"href":"https:\/\/pawz.rs\/en\/wp-json\/wp\/v2\/product"}],"about":[{"href":"https:\/\/pawz.rs\/en\/wp-json\/wp\/v2\/types\/product"}],"replies":[{"embeddable":true,"href":"https:\/\/pawz.rs\/en\/wp-json\/wp\/v2\/comments?post=39393"}],"wp:featuredmedia":[{"embeddable":true,"href":"https:\/\/pawz.rs\/en\/wp-json\/wp\/v2\/media\/39394"}],"wp:attachment":[{"href":"https:\/\/pawz.rs\/en\/wp-json\/wp\/v2\/media?parent=39393"}],"wp:term":[{"taxonomy":"pwb-brand","embeddable":true,"href":"https:\/\/pawz.rs\/en\/wp-json\/wp\/v2\/pwb-brand?post=39393"},{"taxonomy":"product_cat","embeddable":true,"href":"https:\/\/pawz.rs\/en\/wp-json\/wp\/v2\/product_cat?post=39393"},{"taxonomy":"product_tag","embeddable":true,"href":"https:\/\/pawz.rs\/en\/wp-json\/wp\/v2\/product_tag?post=39393"}],"curies":[{"name":"wp","href":"https:\/\/api.w.org\/{rel}","templated":true}]}}