{"id":39424,"date":"2025-05-23T19:34:03","date_gmt":"2025-05-23T17:34:03","guid":{"rendered":"https:\/\/pawz.rs\/?post_type=product&#038;p=39424"},"modified":"2025-06-29T19:51:11","modified_gmt":"2025-06-29T17:51:11","slug":"nd-tropical-cat-lamb-neutered","status":"publish","type":"product","link":"https:\/\/pawz.rs\/en\/nd-tropical-cat-lamb-neutered\/","title":{"rendered":"N&#038;D Tropical Cat Lamb Neutered"},"content":{"rendered":"<p><strong>N&amp;D Tropical Cat Lamb Neutered<\/strong><\/p>\n<p>Jagnjetina, spelta, ovas i tropsko vo\u0107e. Kompletna hrana za odrasle sterilisane ma\u010dke.<\/p>\n<p><strong>Sastav:<\/strong><\/p>\n<p>jagnjetina (20%), dehidrirani jagnje\u0107i protein (20%), spelta (12%), ovas (12%), su\u0161en repin rezanac, dehidrirani protein haringe, bra\u0161no lucerke, dehidrirana jaja, pile\u0107a mast, riblje ulje (iz haringe), su\u0161ena \u0161argarepa, inulin, frukto-oligosaharidi, ekstrakt kvasca (izvor mano-oligosaharida), su\u0161ena banana (0,5%), su\u0161eni kivi (0,5%), su\u0161eni mango (0,5%), su\u0161ena papaja (0,5%), su\u0161eni ananas (0,5%), su\u0161eni spana\u0107, psilijum, natrijum hlorid, su\u0161eni pivski kvasac, kurkuma, ekstrakt aloe vera.<\/p>\n<p><strong>NUTRITIVNI SASTOJCI ADITIVI PO KG<\/strong><br \/>\nHranljivi dodaci: vitamin A 16000 IJ; vitamin D3 1600 IJ; vitamin E 160 mg; vitamin C 160 mg; nijacin 40 mg; kalcijum-D-pantotenat 16 mg; vitamin B2 8 mg; vitamin B6 6,4 mg; vitamin B1 4,8 mg; biotin 0,4 mg; folna kiselina 0,48 mg; vitamin B12 0,06 mg; holin hlorid 2500 mg; cink (cinkoksid): 86,7 mg; cink (cinksulfat, monohidrat): 43,7 mg; mangan [mangan -(II)- sulfat, monohidrat]: 48,8 mg; gvo\u017e\u0111e [gvo\u017e\u0111e -(II)- sulfat, monohidrat]: 14,5 mg; gvo\u017e\u0111e (gvo\u017e\u0111e karbonat): 28,9 mg; bakar [bakar -(II)- sulfat, pentahidrat]: 12,8 mg; jod (kalcijumjodat, anhidrovani): 1,56 mg; tehni\u010dki \u010dist, DL-metionin 3000 mg; taurin 1800 mg; L-karnitin 250 mg.<\/p>\n<p><strong>Organolepti\u010dki dodaci:<\/strong> ekstrakt zelenog \u010daja 100 mg; ekstrakt ruzmarina.<br \/>\n<strong>Antiokidanti:<\/strong> ekstrakti tokoferola iz biljnih ulja.<\/p>\n<p><strong>ANALITI\u010cKI SASTAV<\/strong><br \/>\nsirovi proteini 31%; sirova mast 11%; sirova vlakna 6,5%; vlaga 8%; sirovi pepeo 8,5%; kalcijum 1,1%; fosfor 0,9%; magnezijum 0,09%; Omega-6 2%; Omega-3 0,4%; DHA 0,15%; EPA 0,1%; taurin 0,18%<\/p>\n<p><strong>Uputstvo za hranjenje:<\/strong><\/p>\n<p>Poslu\u017eiti hranu u suvom obliku uz dostupnu sve\u017eu vodu.<br \/>\nZbog zdravlja Va\u0161eg ljubimca redovno konsultujte veterinara.<\/p>\n<p>Proizvod \u010duvati na suvom, tamnom i hladnom mestu.<\/p>\n<p>Proizvo\u0111a\u010d: Farmina Pet Foods, In\u0111ija, Srbija<br \/>\nZemlja porekla: Srbija<\/p>\n\n    <div class=\"xs_social_share_widget xs_share_url after_content \t\tmain_content  wslu-style-1 wslu-share-box-shaped wslu-fill-colored wslu-none wslu-share-horizontal wslu-theme-font-no wslu-main_content\">\n\n\t\t\n        <ul>\n\t\t\t        <\/ul>\n    <\/div> \n","protected":false},"excerpt":{"rendered":"<p>Jagnjetina, spelta, ovas i tropsko vo\u0107e. Kompletna hrana za odrasle sterilisane ma\u010dke.<\/p>","protected":false},"featured_media":39428,"comment_status":"open","ping_status":"closed","template":"","meta":{"_acf_changed":false},"pwb-brand":[309,310],"product_cat":[23,21,149],"product_tag":[],"class_list":{"0":"post-39424","1":"product","2":"type-product","3":"status-publish","4":"has-post-thumbnail","6":"pwb-brand-nd-natural-delicious","7":"pwb-brand-nd-natural-delicious-hrana-za-macke","8":"product_cat-macke","9":"product_cat-hrana-za-macke","10":"product_cat-granule-za-macke","12":"first","13":"instock","14":"taxable","15":"shipping-taxable","16":"purchasable","17":"product-type-variable","18":"has-default-attributes"},"acf":[],"brands":[{"id":309,"name":"N&amp;D - Natural &amp; Delicious","slug":"nd-natural-delicious"},{"id":310,"name":"N&amp;D \u2013 Natural &amp; Delicious Cat Food","slug":"nd-natural-delicious-hrana-za-macke"}],"_links":{"self":[{"href":"https:\/\/pawz.rs\/en\/wp-json\/wp\/v2\/product\/39424","targetHints":{"allow":["GET"]}}],"collection":[{"href":"https:\/\/pawz.rs\/en\/wp-json\/wp\/v2\/product"}],"about":[{"href":"https:\/\/pawz.rs\/en\/wp-json\/wp\/v2\/types\/product"}],"replies":[{"embeddable":true,"href":"https:\/\/pawz.rs\/en\/wp-json\/wp\/v2\/comments?post=39424"}],"wp:featuredmedia":[{"embeddable":true,"href":"https:\/\/pawz.rs\/en\/wp-json\/wp\/v2\/media\/39428"}],"wp:attachment":[{"href":"https:\/\/pawz.rs\/en\/wp-json\/wp\/v2\/media?parent=39424"}],"wp:term":[{"taxonomy":"pwb-brand","embeddable":true,"href":"https:\/\/pawz.rs\/en\/wp-json\/wp\/v2\/pwb-brand?post=39424"},{"taxonomy":"product_cat","embeddable":true,"href":"https:\/\/pawz.rs\/en\/wp-json\/wp\/v2\/product_cat?post=39424"},{"taxonomy":"product_tag","embeddable":true,"href":"https:\/\/pawz.rs\/en\/wp-json\/wp\/v2\/product_tag?post=39424"}],"curies":[{"name":"wp","href":"https:\/\/api.w.org\/{rel}","templated":true}]}}