{"id":39563,"date":"2025-05-27T09:59:16","date_gmt":"2025-05-27T07:59:16","guid":{"rendered":"https:\/\/pawz.rs\/?post_type=product&#038;p=39563"},"modified":"2025-06-29T19:49:54","modified_gmt":"2025-06-29T17:49:54","slug":"nd-quinoa-weight-management-lambbroccoli-mini-7kg","status":"publish","type":"product","link":"https:\/\/pawz.rs\/en\/nd-quinoa-weight-management-lambbroccoli-mini-7kg\/","title":{"rendered":"N&#038;D Quinoa Weight Management Lamb&#038;Broccoli Mini 7kg"},"content":{"rendered":"<p><strong>N&amp;D Quinoa Weight Management Lamb&amp;Broccoli Mini 7kg<\/strong><\/p>\n<p>Jagnjetina, kinoa, brokoli i \u0161pargla. Kompletna hrana za odrasle pse mini rasa.<\/p>\n<p><strong>Sastav:<\/strong><\/p>\n<p>Jagnjetina (20%), dehidrirani protein jagnjetine (20%), skrob gra\u0161ka, biljna vlakna gra\u0161ka, ekstrahovano seme kinoe (8%), pile\u0107a mast, seme lana, dehidrirani protein haringe, riblje ulje (iz haringe), osu\u0161eni brokoli (2,5%), osu\u0161ena \u0161pargla (2,5%), dikalcijum fosfat, bra\u0161no lucerke, psilijum.<\/p>\n<p><strong>NUTRITIVNI SASTOJCI ADITIVI PO KG<\/strong><br \/>\nNutritivni aditivi: Vitamin A 15000IU; Vitamin D3 1500IU; Vitamin E 600mg; Vitamin C 150mg; Niacin 37.5mg; Kalcijum D-pantotenat 15mg; Vitamin B2 7,5 mg; Vitamin B6 6mg; Vitamin B1 4,5 mg; Biotin 0.38mg; Folna kiselina 0,45 mg; Vitamin B12 0,1 mg; Holin hlorid 2500mg; Beta-karoten 1,5 mg; Cink (cink helat hidroksi analoga metionina): 163.80mg; Mangan (Mangan helat hidroksi analoga metionina): 64.60mg; Gvo\u017e\u0111e [Gvo\u017e\u0111e (II) helat glicin hidrata]: 58.30mg; Bakar (Bakar helat hidroksi analoga metionina KSNUMKSmg; Selen (Selenizirani kvasac inaktiviran): KSNUMKSmg; DL-metionin, tehni\u010dki \u010dist 3000mg; Taurin 1000mg; L-karnitin 250mg.<\/p>\n<p>Organolepti\u010dki aditivi: ekstrakt aloe vere 1000mg; ekstrakt zelenog \u010daja 100mg; ekstrakt ruzmarina.<\/p>\n<p>Antioksidanti: ekstrakti prirodnog porekla bogati tokoferolom.<\/p>\n<p><strong>ANALITI\u010cKI SASTAV<\/strong><br \/>\nsirovih proteina (min): 28%; sirove masti (min): 8%; sirova vlakna (mak): 8.20%; vla\u017enost (mak): 9%; Pepeo (maks): 7.90%; Dokozaheksaenska kiselina (DHA) (min): 0,12%; Eikozapentaenska kiselina (EPA) (min): 0,10%; Kalcijum (min): 0.90%; Fosfor (min): 0.80%; Kalijum (min): 0.65%; Natrijum (min): 0.30%; Magnezijum (min): 0.12%; Omega-6 masne kiseline (min): 1,20%; Omega-3 masne kiseline* (min) 0,25%; Glukozamin\u00a0 (min): 1200mg \/ kg; Hondroitin sulfat (min): 900 mg \/ kg.<\/p>\n<p><strong>Uputstvo za hranjenje:<\/strong><\/p>\n<p>Poslu\u017eiti hranu u suvom obliku uz dostupnu sve\u017eu vodu.<br \/>\nZbog zdravlja Va\u0161eg ljubimca redovno konsultujte veterinara.<\/p>\n<p>Proizvod \u010duvati na suvom, tamnom i hladnom mestu.<\/p>\n<p>Proizvo\u0111a\u010d: Farmina Pet Foods, In\u0111ija, Srbija<br \/>\nZemlja porekla: Srbija<\/p>\n<p>&nbsp;<\/p>\n\n    <div class=\"xs_social_share_widget xs_share_url after_content \t\tmain_content  wslu-style-1 wslu-share-box-shaped wslu-fill-colored wslu-none wslu-share-horizontal wslu-theme-font-no wslu-main_content\">\n\n\t\t\n        <ul>\n\t\t\t        <\/ul>\n    <\/div> \n","protected":false},"excerpt":{"rendered":"<p>Jagnjetina, kinoa, brokoli i \u0161pargla. Kompletna hrana za odrasle pse mini rasa.<\/p>","protected":false},"featured_media":39564,"comment_status":"open","ping_status":"closed","template":"","meta":{"_acf_changed":false},"pwb-brand":[309,311],"product_cat":[47,48,49],"product_tag":[],"class_list":{"0":"post-39563","1":"product","2":"type-product","3":"status-publish","4":"has-post-thumbnail","6":"pwb-brand-nd-natural-delicious","7":"pwb-brand-nd-natural-delicious-hrana-za-pse","8":"product_cat-psi","9":"product_cat-hrana-za-pse","10":"product_cat-granule-za-pse","12":"first","13":"instock","14":"taxable","15":"shipping-taxable","16":"purchasable","17":"product-type-simple"},"acf":[],"brands":[{"id":309,"name":"N&amp;D - Natural &amp; Delicious","slug":"nd-natural-delicious"},{"id":311,"name":"N&amp;D \u2013 Natural &amp; Delicious Dog Food","slug":"nd-natural-delicious-hrana-za-pse"}],"_links":{"self":[{"href":"https:\/\/pawz.rs\/en\/wp-json\/wp\/v2\/product\/39563","targetHints":{"allow":["GET"]}}],"collection":[{"href":"https:\/\/pawz.rs\/en\/wp-json\/wp\/v2\/product"}],"about":[{"href":"https:\/\/pawz.rs\/en\/wp-json\/wp\/v2\/types\/product"}],"replies":[{"embeddable":true,"href":"https:\/\/pawz.rs\/en\/wp-json\/wp\/v2\/comments?post=39563"}],"wp:featuredmedia":[{"embeddable":true,"href":"https:\/\/pawz.rs\/en\/wp-json\/wp\/v2\/media\/39564"}],"wp:attachment":[{"href":"https:\/\/pawz.rs\/en\/wp-json\/wp\/v2\/media?parent=39563"}],"wp:term":[{"taxonomy":"pwb-brand","embeddable":true,"href":"https:\/\/pawz.rs\/en\/wp-json\/wp\/v2\/pwb-brand?post=39563"},{"taxonomy":"product_cat","embeddable":true,"href":"https:\/\/pawz.rs\/en\/wp-json\/wp\/v2\/product_cat?post=39563"},{"taxonomy":"product_tag","embeddable":true,"href":"https:\/\/pawz.rs\/en\/wp-json\/wp\/v2\/product_tag?post=39563"}],"curies":[{"name":"wp","href":"https:\/\/api.w.org\/{rel}","templated":true}]}}