{"id":40520,"date":"2025-05-31T13:19:26","date_gmt":"2025-05-31T11:19:26","guid":{"rendered":"https:\/\/pawz.rs\/?post_type=product&#038;p=40520"},"modified":"2026-04-30T11:53:25","modified_gmt":"2026-04-30T09:53:25","slug":"craftia-harmona-north-sea-fish-adult-cat","status":"publish","type":"product","link":"https:\/\/pawz.rs\/en\/craftia-harmona-north-sea-fish-adult-cat\/","title":{"rendered":"Craftia Harmona North Sea Fish Adult Cat"},"content":{"rendered":"<p><strong>Craftia Harmona North Sea Fish Adult Cat<\/strong><\/p>\n<p>Recept od ribe iz Severnog mora. Kompletna hrana za odrasle ma\u010dke<\/p>\n<p><strong>SASTAV<\/strong><br \/>\nLosos (20%), haringa (16%), skrob gra\u0161ka, dehidrirani protein lososa (10%), dehidrirani protein haringe (10%), riblje ulje (iz lososa), hidrolizovani riblji protein, pile\u0107a mast, ekstrahovano seme kinoe (4%), laneno seme, suvi rezanci \u0161e\u0107erne repe, bra\u0161no lucerke, vlakna gra\u0161ka, su\u0161ena \u0161pargla (0,5%), su\u0161ena jabuka (0,5%), su\u0161ena borovnica, su\u0161ena brusnica, su\u0161ena vi\u0161nja (acerola), su\u0161ena bundeva, inulin cikorije (0,4%), ekstrakt kvasca (izvor mano-oligosaharida) (0,3%), frukto-oligosaharidi (0,3%), Ascophyllum Nodosum, kalcijum karbonat, monokalcijum fosfat, kalijum hlorid, natrijum hlorid, suvi pivski kvasac, aloe vera, ruzmarin, kurkuma, neven, psilijum, juka mohave.<\/p>\n<p><strong>NUTRITIVNI SASTOJCI ADITIVI PO KG<br \/>\n<\/strong>Vitamin A 18000IJ; vitamin D3 1800IJ; vitamin E 215mg; vitamin C 180mg; niacinamid 54mg; D-pantenol 22,5mg; vitamin B2 11,25mg; vitamin B6 6mg; vitamin B1 11,25mg; biotin 0,54mg; folna kiselina 0,54mg; vitamin B12 0,09mg; holin hlorid 2700mg; cink (cink helat glicin hidrata): 79,90mg; mangan (mangan helat glicin hidrata): 17,00mg; gvo\u017e\u0111e [gvo\u017e\u0111e-(II)-helat glicin hidrata]: 61,20mg; bakar [bakar-(II)-helat glicin hidrata]: 11,90mg; jod (kalcijum jodat anhidrovani): 1,70mg; selen (L-selenometionin): 0,29mg; tehni\u010dki \u010dist DL-metionin 3000mg; taurin 1980mg.<\/p>\n<p>Antioksidanti: ekstrakti tokoferola iz biljnih ulja.<strong><br \/>\n<\/strong><\/p>\n<p><strong>ANALITI\u010cKI SASTAV<br \/>\n<\/strong>Sirovi proteini 36,20%; sirova mast 18,30%; sirova vlakna 1,70%; sirovi pepeo 6,40%; kalcijum 1,15%; fosfor 1%; omega-6 2,10%; omega-3 1,60%; DHA 0,90%; EPA 0,50%.<\/p>\n<p><strong>UPUTSTVO ZA HRANJENJE<\/strong><br \/>\nProizvod dati bez dodataka, prate\u0107i preporu\u010dene dnevne koli\u010dine navedene u tabeli.<\/p>\n<p>Preporu\u010dene dnevne koli\u010dine nazna\u010dene na pakovanju su okvirne i potrebno ih je prilagoditi, kako bi se postigla prava telesna te\u017eina. Predla\u017eemo da pratite te\u017einu Va\u0161eg ku\u0107nog ljubimca i po potrebi prilagodite obroke.<\/p>\n<p>Preporu\u010dene dnevne koli\u010dine mogu se menjati u zavisnosti od rase, okru\u017eenja, fizi\u010dke aktivnosti ili temperamenta i indeksa te\u017eine (stanja uhranjenosti) Va\u0161eg ku\u0107nog ljubimca.<\/p>\n<p>Preporu\u010dujemo hranjenje dva puta dnevno. Sve\u017ea i \u010dista voda mora da bude stalno dostupna. Pri prvom hranjenju novom hranom uvodite je postepeno. Zapo\u010dnite me\u0161anjem 25% nove hrane sa 75% stare. Polako povec\u0301avajte koli\u010dinu nove hrane proporcionalno tokom sledec\u0301ih 5\u20137 dana.<\/p>\n<p>\u010cuvati na hladnom i suvom mestu, u zatvorenom pakovanju. Proizvedeno 18 meseci pre datuma od\u0161tampanog na pakovanju. Videti na pakovanju: neto te\u017eina\/najbolje upotrebiti do\/broj serije\/veterinarski kontrolni broj objekta.<\/p>\n<p>Nije za ljudsku upotrebu.<\/p>\n<p>Poslu\u017eiti hranu u suvom obliku uz dostupnu sve\u017eu vodu.<br \/>\nZbog zdravlja Va\u0161eg ljubimca redovno konsultujte veterinara.<\/p>\n<p>Proizvod \u010duvati na suvom, tamnom i hladnom mestu.<\/p>\n<p>Proizvo\u0111a\u010d: Kraftia, Srbija<br \/>\nZemlja porekla: Srbija<\/p>\n\n    <div class=\"xs_social_share_widget xs_share_url after_content \t\tmain_content  wslu-style-1 wslu-share-box-shaped wslu-fill-colored wslu-none wslu-share-horizontal wslu-theme-font-no wslu-main_content\">\n\n\t\t\n        <ul>\n\t\t\t        <\/ul>\n    <\/div> \n","protected":false},"excerpt":{"rendered":"<p>Recept od ribe iz Severnog mora. Kompletna hrana za odrasle ma\u010dke<\/p>","protected":false},"featured_media":39783,"comment_status":"open","ping_status":"closed","template":"","meta":{"_acf_changed":false},"pwb-brand":[1268],"product_cat":[23,21,149],"product_tag":[],"class_list":{"0":"post-40520","1":"product","2":"type-product","3":"status-publish","4":"has-post-thumbnail","6":"pwb-brand-kraftia","7":"product_cat-macke","8":"product_cat-hrana-za-macke","9":"product_cat-granule-za-macke","11":"first","12":"instock","13":"taxable","14":"shipping-taxable","15":"purchasable","16":"product-type-variable","17":"has-default-attributes"},"acf":[],"brands":[{"id":1268,"name":"Kraftia","slug":"kraftia"}],"_links":{"self":[{"href":"https:\/\/pawz.rs\/en\/wp-json\/wp\/v2\/product\/40520","targetHints":{"allow":["GET"]}}],"collection":[{"href":"https:\/\/pawz.rs\/en\/wp-json\/wp\/v2\/product"}],"about":[{"href":"https:\/\/pawz.rs\/en\/wp-json\/wp\/v2\/types\/product"}],"replies":[{"embeddable":true,"href":"https:\/\/pawz.rs\/en\/wp-json\/wp\/v2\/comments?post=40520"}],"wp:featuredmedia":[{"embeddable":true,"href":"https:\/\/pawz.rs\/en\/wp-json\/wp\/v2\/media\/39783"}],"wp:attachment":[{"href":"https:\/\/pawz.rs\/en\/wp-json\/wp\/v2\/media?parent=40520"}],"wp:term":[{"taxonomy":"pwb-brand","embeddable":true,"href":"https:\/\/pawz.rs\/en\/wp-json\/wp\/v2\/pwb-brand?post=40520"},{"taxonomy":"product_cat","embeddable":true,"href":"https:\/\/pawz.rs\/en\/wp-json\/wp\/v2\/product_cat?post=40520"},{"taxonomy":"product_tag","embeddable":true,"href":"https:\/\/pawz.rs\/en\/wp-json\/wp\/v2\/product_tag?post=40520"}],"curies":[{"name":"wp","href":"https:\/\/api.w.org\/{rel}","templated":true}]}}