{"id":40575,"date":"2025-05-31T13:19:14","date_gmt":"2025-05-31T11:19:14","guid":{"rendered":"https:\/\/pawz.rs\/?post_type=product&#038;p=40575"},"modified":"2025-06-29T19:49:58","modified_gmt":"2025-06-29T17:49:58","slug":"craftia-natura-salmon-herring-adult-dog-toy-small-breed","status":"publish","type":"product","link":"https:\/\/pawz.rs\/en\/craftia-natura-salmon-herring-adult-dog-toy-small-breed\/","title":{"rendered":"Craftia Natura Salmon &#038; Herring Adult Dog Toy &#038; Small Breed"},"content":{"rendered":"<p><strong>Craftia Natura Salmon &amp; Herring Adult Dog Toy &amp; Small Breed<\/strong><\/p>\n<p>Recept od lososa i haringe. Kompletna hrana za odrasle pse patuljastih i malih rasa<\/p>\n<p><strong>SASTAV<\/strong><br \/>\nLosos (15%), dehidrirani protein haringe (15%), haringa (11%), dehidrirani protein lososa (11%), riblje ulje (iz lososa), hidrolizovani riblji protein, laneno seme, spelta, integralni pirina\u010d, je\u010dam, ovas, proso, suvi rezanci \u0161e\u0107erne repe, bra\u0161no lucerke, vlakna gra\u0161ka, su\u0161ena jabuka (0,5%), su\u0161ena \u0161pargla (0,5%), su\u0161ena borovnica, su\u0161ena brusnica, su\u0161ena vi\u0161nja (acerola), inulin cikorije (0,4%), ekstrakt kvasca (izvor mano-oligosaharida) (0,3%), frukto-oligosaharidi (0,3%), Ascophyllum Nodosum, kalcijum karbonat, monokalcijum fosfat, kalijum hlorid, natrijum hlorid, suvi pivski kvasac, glukozamin, hondroitin sulfat, aloa vera, ruzmarin, kurkuma, neven, psilijum, juka mohave.<\/p>\n<p><strong>NUTRITIVNI SASTOJCI ADITIVI PO KG<br \/>\n<\/strong>Vitamin A 18000IJ; vitamin D3 1800IJ; vitamin E 215mg; vitamin C 180mg; niacinamid 54mg; D-pantenol 22,5mg; vitamin B2 11,2mg; vitamin B6 6,7mg; vitamin B1 11,2mg; biotin 0,54mg; folna kiselina 0,54mg; vitamin B12 0,09mg; holin hlorid 2700mg; cink (cink helat glicin hidrata): 84,60mg; mangan (mangan helat glicin hidrata): 18,00mg; gvo\u017e\u0111e [gvo\u017e\u0111e-(II)-helat glicin hidrata]: 64,60mg; bakar [bakar-(II)-helat glicin hidrata]: 12,60mg; jod (kalcijum jodat anhidrovani): 1,80mg; selen (L-selenometionin): 0,31mg; tehni\u010dki \u010dist DL-metionin 3000mg; taurin 990mg; L-karnitin 200mg.<\/p>\n<p>Antioksidanti: ekstrakti tokoferola iz biljnih ulja.<strong><br \/>\n<\/strong><\/p>\n<p><strong>ANALITI\u010cKI SASTAV<br \/>\n<\/strong>Sirovi proteini 32%; sirova mast 18%; sirova vlakna 1,80%; sirovi pepeo 6,90%; kalcijum 1,10%; fosfor 0,90%; omega-6 2,10%; omega-3 1,10%; DHA 0,60%; EPA 0,30%; glukozamin 1300mg\/kg, hondroitin sulfat 1000mg\/kg.<\/p>\n<p><strong>UPUTSTVO ZA HRANJENJE<\/strong><br \/>\nProizvod dati bez dodataka, prate\u0107i preporu\u010dene dnevne koli\u010dine navedene u tabeli.<\/p>\n<p>Preporu\u010dene dnevne koli\u010dine nazna\u010dene na pakovanju su okvirne i potrebno ih je prilagoditi, kako bi se postigla prava telesna te\u017eina. Predla\u017eemo da pratite te\u017einu Va\u0161eg ku\u0107nog ljubimca i po potrebi prilagodite obroke.<\/p>\n<p>Preporu\u010dene dnevne koli\u010dine mogu se menjati u zavisnosti od rase, okru\u017eenja, fizi\u010dke aktivnosti ili temperamenta i indeksa te\u017eine (stanja uhranjenosti) Va\u0161eg ku\u0107nog ljubimca.<\/p>\n<p>Preporu\u010dujemo hranjenje dva puta dnevno. Sve\u017ea i \u010dista voda mora da bude stalno dostupna. Pri prvom hranjenju novom hranom uvodite je postepeno. Zapo\u010dnite me\u0161anjem 25% nove hrane sa 75% stare.<\/p>\n<p>Polako povec\u0301avajte koli\u010dinu nove hrane proporcionalno tokom sledec\u0301ih 5\u20137 dana.<br \/>\n\u010cuvati na hladnom i suvom mestu, u zatvorenom pakovanju.<\/p>\n<p>Proizvedeno 18 meseci pre datuma od\u0161tampanog na pakovanju. Videti na pakovanju: neto te\u017eina\/najbolje upotrebiti do\/broj serije\/veterinarski kontrolni broj objekta. Nije za ljudsku upotrebu.<\/p>\n<p>Poslu\u017eiti hranu u suvom obliku uz dostupnu sve\u017eu vodu.<br \/>\nZbog zdravlja Va\u0161eg ljubimca redovno konsultujte veterinara.<\/p>\n<p>Proizvod \u010duvati na suvom, tamnom i hladnom mestu.<\/p>\n<p>Proizvo\u0111a\u010d: Kraftia, Srbija<br \/>\nZemlja porekla: Srbija<\/p>\n\n    <div class=\"xs_social_share_widget xs_share_url after_content \t\tmain_content  wslu-style-1 wslu-share-box-shaped wslu-fill-colored wslu-none wslu-share-horizontal wslu-theme-font-no wslu-main_content\">\n\n\t\t\n        <ul>\n\t\t\t        <\/ul>\n    <\/div> \n","protected":false},"excerpt":{"rendered":"<p>Recept od lososa i haringe. Kompletna hrana za odrasle pse patuljastih i malih rasa<\/p>","protected":false},"featured_media":39879,"comment_status":"open","ping_status":"closed","template":"","meta":{"_acf_changed":false},"pwb-brand":[1268],"product_cat":[47,48,49],"product_tag":[],"class_list":{"0":"post-40575","1":"product","2":"type-product","3":"status-publish","4":"has-post-thumbnail","6":"pwb-brand-kraftia","7":"product_cat-psi","8":"product_cat-hrana-za-pse","9":"product_cat-granule-za-pse","11":"first","12":"instock","13":"taxable","14":"shipping-taxable","15":"purchasable","16":"product-type-variable","17":"has-default-attributes"},"acf":[],"brands":[{"id":1268,"name":"Kraftia","slug":"kraftia"}],"_links":{"self":[{"href":"https:\/\/pawz.rs\/en\/wp-json\/wp\/v2\/product\/40575","targetHints":{"allow":["GET"]}}],"collection":[{"href":"https:\/\/pawz.rs\/en\/wp-json\/wp\/v2\/product"}],"about":[{"href":"https:\/\/pawz.rs\/en\/wp-json\/wp\/v2\/types\/product"}],"replies":[{"embeddable":true,"href":"https:\/\/pawz.rs\/en\/wp-json\/wp\/v2\/comments?post=40575"}],"wp:featuredmedia":[{"embeddable":true,"href":"https:\/\/pawz.rs\/en\/wp-json\/wp\/v2\/media\/39879"}],"wp:attachment":[{"href":"https:\/\/pawz.rs\/en\/wp-json\/wp\/v2\/media?parent=40575"}],"wp:term":[{"taxonomy":"pwb-brand","embeddable":true,"href":"https:\/\/pawz.rs\/en\/wp-json\/wp\/v2\/pwb-brand?post=40575"},{"taxonomy":"product_cat","embeddable":true,"href":"https:\/\/pawz.rs\/en\/wp-json\/wp\/v2\/product_cat?post=40575"},{"taxonomy":"product_tag","embeddable":true,"href":"https:\/\/pawz.rs\/en\/wp-json\/wp\/v2\/product_tag?post=40575"}],"curies":[{"name":"wp","href":"https:\/\/api.w.org\/{rel}","templated":true}]}}